{"id":1033,"date":"2025-03-06T14:03:34","date_gmt":"2025-03-06T14:03:34","guid":{"rendered":"http:\/\/poolkim.com\/?page_id=1033"},"modified":"2025-03-18T13:27:36","modified_gmt":"2025-03-18T13:27:36","slug":"liner-havuz-yapimi","status":"publish","type":"page","link":"https:\/\/poolkim.com\/?page_id=1033","title":{"rendered":"Liner Havuz Yap\u0131m\u0131"},"content":{"rendered":"\t\t<div data-elementor-type=\"wp-page\" data-elementor-id=\"1033\" class=\"elementor elementor-1033\">\n\t\t\t\t<div class=\"elementor-element elementor-element-bbfe5da e-flex e-con-boxed e-con e-parent\" data-id=\"bbfe5da\" data-element_type=\"container\" data-e-type=\"container\" data-settings=\"{&quot;background_background&quot;:&quot;slideshow&quot;,&quot;background_slideshow_gallery&quot;:[{&quot;id&quot;:111,&quot;url&quot;:&quot;https:\\\/\\\/poolkim.com\\\/wp-content\\\/uploads\\\/2025\\\/02\\\/swim-scaled.jpg&quot;},{&quot;id&quot;:91,&quot;url&quot;:&quot;https:\\\/\\\/poolkim.com\\\/wp-content\\\/uploads\\\/2025\\\/02\\\/swim-min.jpg&quot;}],&quot;background_slideshow_ken_burns&quot;:&quot;yes&quot;,&quot;background_slideshow_loop&quot;:&quot;yes&quot;,&quot;background_slideshow_slide_duration&quot;:5000,&quot;background_slideshow_slide_transition&quot;:&quot;fade&quot;,&quot;background_slideshow_transition_duration&quot;:500,&quot;background_slideshow_ken_burns_zoom_direction&quot;:&quot;in&quot;}\">\n\t\t\t\t\t<div class=\"e-con-inner\">\n\t\t\t\t<div class=\"elementor-element elementor-element-dac7c01 elementor-widget elementor-widget-heading\" data-id=\"dac7c01\" data-element_type=\"widget\" data-e-type=\"widget\" data-widget_type=\"heading.default\">\n\t\t\t\t<div class=\"elementor-widget-container\">\n\t\t\t\t\t<h2 class=\"elementor-heading-title elementor-size-default\">Prefabrik Liner Havuz<\/h2>\t\t\t\t<\/div>\n\t\t\t\t<\/div>\n\t\t\t\t\t<\/div>\n\t\t\t\t<\/div>\n\t\t<div class=\"elementor-element elementor-element-666b4a63 e-flex e-con-boxed e-con e-parent\" data-id=\"666b4a63\" data-element_type=\"container\" data-e-type=\"container\" data-settings=\"{&quot;background_background&quot;:&quot;classic&quot;}\">\n\t\t\t\t\t<div class=\"e-con-inner\">\n\t\t<div class=\"elementor-element elementor-element-7eac3f9b e-con-full e-flex e-con e-child\" data-id=\"7eac3f9b\" data-element_type=\"container\" data-e-type=\"container\" data-settings=\"{&quot;background_background&quot;:&quot;classic&quot;}\">\n\t\t<div class=\"elementor-element elementor-element-2b66c61 e-con-full e-flex e-con e-child\" data-id=\"2b66c61\" data-element_type=\"container\" data-e-type=\"container\" data-settings=\"{&quot;background_background&quot;:&quot;classic&quot;}\">\n\t\t\t\t<div class=\"elementor-element elementor-element-6ff4f52 elementor-widget elementor-widget-sina_content_slider\" data-id=\"6ff4f52\" data-element_type=\"widget\" data-e-type=\"widget\" data-widget_type=\"sina_content_slider.default\">\n\t\t\t\t<div class=\"elementor-widget-container\">\n\t\t\t\t\t\t\t<div class=\"sina-content-slider owl-carousel\"\r\n\t\tdata-item-lg=\"3\"\r\n\t\tdata-item-md=\"2\"\r\n\t\tdata-item-sm=\"1\"\r\n\t\tdata-autoplay=\"yes\"\r\n\t\tdata-pause=\"yes\"\r\n\t\tdata-center=\"\"\r\n\t\tdata-slide-anim=\"\"\r\n\t\tdata-slide-anim-out=\"\"\r\n\t\tdata-nav=\"yes\"\r\n\t\tdata-dots=\"yes\"\r\n\t\tdata-mouse-drag=\"yes\"\r\n\t\tdata-touch-drag=\"yes\"\r\n\t\tdata-loop=\"yes\"\r\n\t\tdata-speed=\"500\"\r\n\t\tdata-delay=\"5000\">\r\n\r\n\t\t\t\t\t\t\t<div class=\"sina-cs-item elementor-repeater-item-7bcc11a\">\r\n\t\t\t\t\t\t\t\t\t\t\t\r\n\t\t\t\t\t\t\r\n\t\t\t\t\t\t\t\t\t\t\t\t\t\t\t<\/div>\r\n\t\t\t\t\t\t\t<div class=\"sina-cs-item elementor-repeater-item-8c991b0\">\r\n\t\t\t\t\t\t\t\t\t\t\t\r\n\t\t\t\t\t\t\r\n\t\t\t\t\t\t\t\t\t\t\t\t\t<div class=\"sina-cs-desc\">Lorem ipsum dolor sit amet, <\/div>\t\t\t\t\t\t\t\t\t\t\t\t\t\t\t<\/div>\r\n\t\t\t\t\t\t\t<div class=\"sina-cs-item elementor-repeater-item-091abbf\">\r\n\t\t\t\t\t\t\t\t\t\t\t\r\n\t\t\t\t\t\t\r\n\t\t\t\t\t\t\t\t\t\t\t\t\t\t\t<\/div>\r\n\t\t\t\r\n\t\t<\/div><!-- .sina-content-slider -->\r\n\t\t\t\t\t\t<\/div>\n\t\t\t\t<\/div>\n\t\t<div class=\"elementor-element elementor-element-9276c9e e-grid e-con-full e-con e-child\" data-id=\"9276c9e\" data-element_type=\"container\" data-e-type=\"container\">\n\t\t\t\t<div class=\"elementor-element elementor-element-670a418 elementor-widget elementor-widget-htmega-button-addons\" data-id=\"670a418\" data-element_type=\"widget\" data-e-type=\"widget\" data-widget_type=\"htmega-button-addons.default\">\n\t\t\t\t<div class=\"elementor-widget-container\">\n\t\t\t\t\t<div class=\"htmega-button htmega-btn-style-3 htmega-btn-shadow-0\"><a href=\"https:\/\/poolkim.com\/?page_id=696#beton\" class=\"htb-btn htmega-btn-size-sm htmega-btn-effect-0 elementor-animation-wobble-to-bottom-right\">BETONARME Y\u00dcZME HAVUZLARI<\/a><\/div>\t\t\t\t<\/div>\n\t\t\t\t<\/div>\n\t\t\t\t<div class=\"elementor-element elementor-element-8a04b6f elementor-widget elementor-widget-htmega-button-addons\" data-id=\"8a04b6f\" data-element_type=\"widget\" data-e-type=\"widget\" data-widget_type=\"htmega-button-addons.default\">\n\t\t\t\t<div class=\"elementor-widget-container\">\n\t\t\t\t\t<div class=\"htmega-button htmega-btn-style-3 htmega-btn-shadow-0\"><a href=\"https:\/\/poolkim.com\/?page_id=1033\" class=\"htb-btn htmega-btn-size-sm htmega-btn-effect-0 elementor-animation-wobble-to-bottom-right\">L\u0130NER Y\u00dcZME HAVUZLARI<\/a><\/div>\t\t\t\t<\/div>\n\t\t\t\t<\/div>\n\t\t\t\t<div class=\"elementor-element elementor-element-be6300a elementor-widget elementor-widget-htmega-button-addons\" data-id=\"be6300a\" data-element_type=\"widget\" data-e-type=\"widget\" data-widget_type=\"htmega-button-addons.default\">\n\t\t\t\t<div class=\"elementor-widget-container\">\n\t\t\t\t\t<div class=\"htmega-button htmega-btn-style-3 htmega-btn-shadow-0\"><a href=\"https:\/\/poolkim.com\/?page_id=1141\" class=\"htb-btn htmega-btn-size-sm htmega-btn-effect-0 elementor-animation-wobble-to-bottom-right\">POLYESTER Y\u00dcZME HAVUZLARI<\/a><\/div>\t\t\t\t<\/div>\n\t\t\t\t<\/div>\n\t\t\t\t<\/div>\n\t\t<div class=\"elementor-element elementor-element-38c29af e-con-full e-flex e-con e-child\" data-id=\"38c29af\" data-element_type=\"container\" data-e-type=\"container\">\n\t\t\t\t<div class=\"elementor-element elementor-element-c9b2270 elementor-widget elementor-widget-heading\" data-id=\"c9b2270\" data-element_type=\"widget\" data-e-type=\"widget\" data-widget_type=\"heading.default\">\n\t\t\t\t<div class=\"elementor-widget-container\">\n\t\t\t\t\t<h2 class=\"elementor-heading-title elementor-size-default\">Haz\u0131r Havuz Sistemleri<\/h2>\t\t\t\t<\/div>\n\t\t\t\t<\/div>\n\t\t\t\t<div class=\"elementor-element elementor-element-8b2df7e elementor-widget elementor-widget-text-editor\" data-id=\"8b2df7e\" data-element_type=\"widget\" data-e-type=\"widget\" data-widget_type=\"text-editor.default\">\n\t\t\t\t<div class=\"elementor-widget-container\">\n\t\t\t\t\t\t\t\t\tPrefabrik liner havuzlar, h\u0131zl\u0131 kurulum s\u00fcreleri ve \u00e7e\u015fitli tasar\u0131m se\u00e7enekleri ile g\u00fcn\u00fcm\u00fczde havuz sahibi olmay\u0131 d\u00fc\u015f\u00fcnenler aras\u0131nda pop\u00fcler hale gelmi\u015ftir. Liner Prefabrik Havuz, ad\u0131ndan da anla\u015f\u0131laca\u011f\u0131 \u00fczere prefabrik havuzlar konusunda uzmanla\u015fm\u0131\u015f bir i\u015fletmedir ve m\u00fc\u015fterilerine estetik ve dayan\u0131kl\u0131l\u0131\u011f\u0131 bir arada sunar.\n\nPrefabrik havuzlar, fabrikada \u00f6nceden \u00fcretilen ve daha sonra montaj i\u00e7in haz\u0131r hale getirilen yap\u0131 elemanlar\u0131ndan olu\u015fur. Bu, in\u015faat s\u00fcrecini k\u0131salt\u0131r ve m\u00fc\u015fterilere h\u0131zl\u0131 bir \u015fekilde kullan\u0131ma haz\u0131r bir havuz sunar. Liner Prefabrik Havuz, kaliteli malzeme kullan\u0131m\u0131 ve profesyonel montaj ekibiyle prefabrik havuzlar\u0131n her a\u015famas\u0131nda m\u00fckemmelli\u011fi hedefler.\n\nPrefabrik havuz yap\u0131m\u0131, geleneksel betonarme havuzlara k\u0131yasla daha az zaman al\u0131r ve daha az in\u015faat faaliyeti gerektirir. Bu da m\u00fc\u015fterilere, evlerinin veya i\u015fletmelerinin bah\u00e7esine h\u0131zl\u0131ca ve sorunsuz bir \u015fekilde bir havuz ekleyebilme imkan\u0131 sunar. Liner Prefabrik Havuz, m\u00fc\u015fterilerine tercih ettikleri yerde, istedikleri boyutta ve tasar\u0131mda prefabrik havuzlar sunarak m\u00fc\u015fteri memnuniyetini \u00f6n planda tutar.\n\nPrefabrik havuzlar\u0131n estetik a\u00e7\u0131dan da bir\u00e7ok avantaj\u0131 vard\u0131r. Liner Prefabrik Havuz, m\u00fc\u015fterilerine geni\u015f bir tasar\u0131m yelpazesi sunarak, ki\u015fisel tercihlerine uygun havuzlar\u0131 se\u00e7me \u00f6zg\u00fcrl\u00fc\u011f\u00fc tan\u0131r. Farkl\u0131 \u015fekil ve boyutlarda prefabrik havuzlar, \u00e7e\u015fitli renk ve desen se\u00e7enekleriyle zenginle\u015ftirilebilir. Bu da m\u00fc\u015fterilerin ev veya i\u015fyerlerine en uygun havuzu se\u00e7melerini sa\u011flar.\n\nPrefabrik havuzlar\u0131n bak\u0131m\u0131 da olduk\u00e7a kolayd\u0131r. Do\u011fru yap\u0131ld\u0131\u011f\u0131nda, d\u00fczenli bak\u0131m ile prefabrik havuzlar uzun y\u0131llar boyunca m\u00fckemmel durumda kalabilir. Liner Prefabrik Havuz, m\u00fc\u015fterilerine havuzlar\u0131n\u0131n bak\u0131m\u0131 ve i\u015fletimi konusunda da destek sa\u011flar, b\u00f6ylece m\u00fc\u015fteriler havuzlar\u0131n\u0131n keyfini uzun y\u0131llar boyunca \u00e7\u0131karabilirler.\n\nSonu\u00e7 olarak, Liner Prefabrik Havuz gibi uzman \u015firketler sayesinde prefabrik havuzlar, h\u0131zl\u0131 kurulum s\u00fcreleri ve estetik tasar\u0131mlar\u0131yla havuz keyfini h\u0131zl\u0131 ve kolay bir \u015fekilde ya\u015famak isteyenler i\u00e7in ideal bir se\u00e7enek haline gelmektedir. M\u00fc\u015fteriler, Liner Prefabrik Havuz\u2019un profesyonel hizmetleriyle hayallerindeki havuzu kolayl\u0131kla ger\u00e7e\u011fe d\u00f6n\u00fc\u015ft\u00fcrebilirler.<br><br>\n<h3 class=\"wp-block-heading\"><strong>Prefabrik Havuzun Avantajlar\u0131<\/strong><\/h3>\n\ud83d\udd39\u00a0<strong>H\u0131zl\u0131 Kurulum:<\/strong>\u00a0Prefabrik havuzlar\u0131n kurulumu \u00e7ok k\u0131sa s\u00fcrede tamamlan\u0131r. Geleneksel havuzlar aylar s\u00fcrebilirken, prefabrik havuzlar sadece birka\u00e7 hafta i\u00e7inde kurulabilir.<br>\n\n\ud83d\udd39\u00a0<strong>Estetik ve Modern G\u00f6r\u00fcn\u00fcm:<\/strong>\u00a0Farkl\u0131 tasar\u0131mlar ve modeller ile estetik a\u00e7\u0131dan da tatmin edici sonu\u00e7lar elde edebilirsiniz.<br>\n\n\ud83d\udd39\u00a0<strong>Daha D\u00fc\u015f\u00fck Maliyet:<\/strong>\u00a0Prefabrik havuzlar, beton havuzlara k\u0131yasla %40-%50 daha uygun fiyatlarla yap\u0131labilir.<br>\n\n\ud83d\udd39\u00a0<strong>Dayan\u0131kl\u0131l\u0131k:<\/strong>\u00a0Prefabrik havuzlar uzun y\u0131llar boyunca dayan\u0131kl\u0131l\u0131\u011f\u0131n\u0131 koruyacak \u015fekilde \u00fcretilir.<br><br>\n<h3 class=\"wp-block-heading\"><span id=\"prefabrik-havuz-fiyatlar\u0131\" class=\"uag-toc__heading-anchor\"><\/span><strong>Prefabrik Havuz Fiyatlar\u0131<\/strong><\/h3>\n\ud83d\udcca\u00a0<strong>Fiyat Fakt\u00f6rleri:<\/strong>\n<ul class=\"wp-block-list\">\n<li><strong>Havuz Boyutu:<\/strong>\u00a0K\u00fc\u00e7\u00fck bir havuz ile b\u00fcy\u00fck bir havuz aras\u0131ndaki fiyat fark\u0131 \u00f6nemli olabilir.<\/li>\n \t<li><strong>Malzeme Kalitesi:<\/strong>\u00a0Dayan\u0131kl\u0131 malzemeler kullan\u0131ld\u0131\u011f\u0131nda fiyatlar artabilir.<\/li>\n \t<li><strong>Ekstra \u00d6zellikler:<\/strong>\u00a0Su jeti, \u0131s\u0131tma sistemi gibi \u00f6zellikler fiyat\u0131 art\u0131rabilir.<\/li>\n<\/ul>\nPrefabrik havuz fiyatlar\u0131, geleneksel beton havuzlara g\u00f6re daha uygun maliyetlidir ve kurulum s\u00fcresi de k\u0131sad\u0131r.\t\t\t\t\t\t\t\t<\/div>\n\t\t\t\t<\/div>\n\t\t\t\t<\/div>\n\t\t\t\t<\/div>\n\t\t\t\t<div class=\"elementor-element elementor-element-2c79b28 elementor-widget elementor-widget-sina_content_slider\" data-id=\"2c79b28\" data-element_type=\"widget\" data-e-type=\"widget\" data-widget_type=\"sina_content_slider.default\">\n\t\t\t\t<div class=\"elementor-widget-container\">\n\t\t\t\t\t\t\t<div class=\"sina-content-slider owl-carousel\"\r\n\t\tdata-item-lg=\"3\"\r\n\t\tdata-item-md=\"2\"\r\n\t\tdata-item-sm=\"1\"\r\n\t\tdata-autoplay=\"yes\"\r\n\t\tdata-pause=\"yes\"\r\n\t\tdata-center=\"\"\r\n\t\tdata-slide-anim=\"\"\r\n\t\tdata-slide-anim-out=\"\"\r\n\t\tdata-nav=\"yes\"\r\n\t\tdata-dots=\"yes\"\r\n\t\tdata-mouse-drag=\"yes\"\r\n\t\tdata-touch-drag=\"yes\"\r\n\t\tdata-loop=\"yes\"\r\n\t\tdata-speed=\"500\"\r\n\t\tdata-delay=\"5000\">\r\n\r\n\t\t\t\t\t\t\t<div class=\"sina-cs-item elementor-repeater-item-7bcc11a\">\r\n\t\t\t\t\t\t\t\t\t\t\t\r\n\t\t\t\t\t\t\r\n\t\t\t\t\t\t\t\t\t\t\t\t\t\t\t<\/div>\r\n\t\t\t\t\t\t\t<div class=\"sina-cs-item elementor-repeater-item-8c991b0\">\r\n\t\t\t\t\t\t\t\t\t\t\t\r\n\t\t\t\t\t\t\r\n\t\t\t\t\t\t\t\t\t\t\t\t\t<div class=\"sina-cs-desc\">Lorem ipsum dolor sit amet, <\/div>\t\t\t\t\t\t\t\t\t\t\t\t\t\t\t<\/div>\r\n\t\t\t\t\t\t\t<div class=\"sina-cs-item elementor-repeater-item-091abbf\">\r\n\t\t\t\t\t\t\t\t\t\t\t\r\n\t\t\t\t\t\t\r\n\t\t\t\t\t\t\t\t\t\t\t\t\t\t\t<\/div>\r\n\t\t\t\r\n\t\t<\/div><!-- .sina-content-slider -->\r\n\t\t\t\t\t\t<\/div>\n\t\t\t\t<\/div>\n\t\t\t\t<div class=\"elementor-element elementor-element-53c0dd2 elementor-widget elementor-widget-sina_dynamic_button\" data-id=\"53c0dd2\" data-element_type=\"widget\" data-e-type=\"widget\" data-widget_type=\"sina_dynamic_button.default\">\n\t\t\t\t<div class=\"elementor-widget-container\">\n\t\t\t\t\t\t\t<div class=\"sina-dynamic-button\">\r\n\t\t\t<a  class=\"sina-dynamic-btn   \" href=\"https:\/\/poolkim.com\/?page_id=411\"\r\n\t\t\t\t\t\t\t\t\t\t\t\t>\r\n\t\t\t\t\t\t\tDETAYLI B\u0130LG\u0130 \u0130\u00c7\u0130N B\u0130Z\u0130MLE \u0130LET\u0130\u015e\u0130ME GE\u00c7\u0130N\t\t\t\t\t<\/a>\r\n\t\t<\/div><!-- .sina-dynamic-button -->\r\n\t\t\t\t\t\t<\/div>\n\t\t\t\t<\/div>\n\t\t\t\t<\/div>\n\t\t\t\t\t<\/div>\n\t\t\t\t<\/div>\n\t\t<div class=\"elementor-element elementor-element-b622ff6 e-flex e-con-boxed e-con e-parent\" data-id=\"b622ff6\" data-element_type=\"container\" data-e-type=\"container\" data-settings=\"{&quot;background_background&quot;:&quot;classic&quot;,&quot;shape_divider_bottom&quot;:&quot;mountains&quot;}\">\n\t\t\t\t\t<div class=\"e-con-inner\">\n\t\t\t\t<div class=\"elementor-shape elementor-shape-bottom\" aria-hidden=\"true\" data-negative=\"false\">\n\t\t\t<svg xmlns=\"http:\/\/www.w3.org\/2000\/svg\" viewBox=\"0 0 1000 100\" preserveAspectRatio=\"none\">\n\t<path class=\"elementor-shape-fill\" opacity=\"0.33\" d=\"M473,67.3c-203.9,88.3-263.1-34-320.3,0C66,119.1,0,59.7,0,59.7V0h1000v59.7 c0,0-62.1,26.1-94.9,29.3c-32.8,3.3-62.8-12.3-75.8-22.1C806,49.6,745.3,8.7,694.9,4.7S492.4,59,473,67.3z\"\/>\n\t<path class=\"elementor-shape-fill\" opacity=\"0.66\" d=\"M734,67.3c-45.5,0-77.2-23.2-129.1-39.1c-28.6-8.7-150.3-10.1-254,39.1 s-91.7-34.4-149.2,0C115.7,118.3,0,39.8,0,39.8V0h1000v36.5c0,0-28.2-18.5-92.1-18.5C810.2,18.1,775.7,67.3,734,67.3z\"\/>\n\t<path class=\"elementor-shape-fill\" d=\"M766.1,28.9c-200-57.5-266,65.5-395.1,19.5C242,1.8,242,5.4,184.8,20.6C128,35.8,132.3,44.9,89.9,52.5C28.6,63.7,0,0,0,0 h1000c0,0-9.9,40.9-83.6,48.1S829.6,47,766.1,28.9z\"\/>\n<\/svg>\t\t<\/div>\n\t\t<div class=\"elementor-element elementor-element-72092c2 e-con-full e-flex e-con e-child\" data-id=\"72092c2\" data-element_type=\"container\" data-e-type=\"container\">\n\t\t\t\t<div class=\"elementor-element elementor-element-5550492 elementor-widget__width-initial elementor-widget elementor-widget-heading\" data-id=\"5550492\" data-element_type=\"widget\" data-e-type=\"widget\" data-widget_type=\"heading.default\">\n\t\t\t\t<div class=\"elementor-widget-container\">\n\t\t\t\t\t<h2 class=\"elementor-heading-title elementor-size-default\">Diledi\u011finiz zaman destek i\u00e7in bizimle ileti\u015fime ge\u00e7ebilirsiniz!<\/h2>\t\t\t\t<\/div>\n\t\t\t\t<\/div>\n\t\t\t\t<\/div>\n\t\t\t\t\t<\/div>\n\t\t\t\t<\/div>\n\t\t\t\t<\/div>\n\t\t","protected":false},"excerpt":{"rendered":"<p>Prefabrik Liner Havuz Lorem ipsum dolor sit amet, BETONARME Y\u00dcZME HAVUZLARI L\u0130NER Y\u00dcZME HAVUZLARI POLYESTER Y\u00dcZME HAVUZLARI Haz\u0131r Havuz Sistemleri Prefabrik liner havuzlar, h\u0131zl\u0131 kurulum s\u00fcreleri ve \u00e7e\u015fitli tasar\u0131m se\u00e7enekleri ile g\u00fcn\u00fcm\u00fczde havuz sahibi olmay\u0131 d\u00fc\u015f\u00fcnenler aras\u0131nda pop\u00fcler hale gelmi\u015ftir. Liner Prefabrik Havuz, ad\u0131ndan da anla\u015f\u0131laca\u011f\u0131 \u00fczere prefabrik havuzlar konusunda uzmanla\u015fm\u0131\u015f bir i\u015fletmedir ve m\u00fc\u015fterilerine&#8230;<\/p>\n","protected":false},"author":1,"featured_media":0,"parent":0,"menu_order":0,"comment_status":"closed","ping_status":"closed","template":"","meta":{"_kad_post_transparent":"","_kad_post_title":"hide","_kad_post_layout":"fullwidth","_kad_post_sidebar_id":"","_kad_post_content_style":"unboxed","_kad_post_vertical_padding":"hide","_kad_post_feature":"hide","_kad_post_feature_position":"","_kad_post_header":false,"_kad_post_footer":false,"_kad_post_classname":"","footnotes":""},"class_list":["post-1033","page","type-page","status-publish","hentry"],"_links":{"self":[{"href":"https:\/\/poolkim.com\/index.php?rest_route=\/wp\/v2\/pages\/1033","targetHints":{"allow":["GET"]}}],"collection":[{"href":"https:\/\/poolkim.com\/index.php?rest_route=\/wp\/v2\/pages"}],"about":[{"href":"https:\/\/poolkim.com\/index.php?rest_route=\/wp\/v2\/types\/page"}],"author":[{"embeddable":true,"href":"https:\/\/poolkim.com\/index.php?rest_route=\/wp\/v2\/users\/1"}],"replies":[{"embeddable":true,"href":"https:\/\/poolkim.com\/index.php?rest_route=%2Fwp%2Fv2%2Fcomments&post=1033"}],"version-history":[{"count":68,"href":"https:\/\/poolkim.com\/index.php?rest_route=\/wp\/v2\/pages\/1033\/revisions"}],"predecessor-version":[{"id":1339,"href":"https:\/\/poolkim.com\/index.php?rest_route=\/wp\/v2\/pages\/1033\/revisions\/1339"}],"wp:attachment":[{"href":"https:\/\/poolkim.com\/index.php?rest_route=%2Fwp%2Fv2%2Fmedia&parent=1033"}],"curies":[{"name":"wp","href":"https:\/\/api.w.org\/{rel}","templated":true}]}}