{"id":1141,"date":"2025-03-10T08:04:25","date_gmt":"2025-03-10T08:04:25","guid":{"rendered":"http:\/\/poolkim.com\/?page_id=1141"},"modified":"2025-03-18T13:16:48","modified_gmt":"2025-03-18T13:16:48","slug":"polyester-havuz-yapimi","status":"publish","type":"page","link":"https:\/\/poolkim.com\/?page_id=1141","title":{"rendered":"Polyester Havuz Yap\u0131m\u0131"},"content":{"rendered":"\t\t<div data-elementor-type=\"wp-page\" data-elementor-id=\"1141\" class=\"elementor elementor-1141\">\n\t\t\t\t<div class=\"elementor-element elementor-element-bbfe5da e-flex e-con-boxed e-con e-parent\" data-id=\"bbfe5da\" data-element_type=\"container\" data-e-type=\"container\" data-settings=\"{&quot;background_background&quot;:&quot;slideshow&quot;,&quot;background_slideshow_gallery&quot;:[{&quot;id&quot;:91,&quot;url&quot;:&quot;https:\\\/\\\/poolkim.com\\\/wp-content\\\/uploads\\\/2025\\\/02\\\/swim-min.jpg&quot;},{&quot;id&quot;:111,&quot;url&quot;:&quot;https:\\\/\\\/poolkim.com\\\/wp-content\\\/uploads\\\/2025\\\/02\\\/swim-scaled.jpg&quot;}],&quot;background_slideshow_ken_burns&quot;:&quot;yes&quot;,&quot;background_slideshow_loop&quot;:&quot;yes&quot;,&quot;background_slideshow_slide_duration&quot;:5000,&quot;background_slideshow_slide_transition&quot;:&quot;fade&quot;,&quot;background_slideshow_transition_duration&quot;:500,&quot;background_slideshow_ken_burns_zoom_direction&quot;:&quot;in&quot;}\">\n\t\t\t\t\t<div class=\"e-con-inner\">\n\t\t\t\t<div class=\"elementor-element elementor-element-dac7c01 elementor-widget elementor-widget-heading\" data-id=\"dac7c01\" data-element_type=\"widget\" data-e-type=\"widget\" data-widget_type=\"heading.default\">\n\t\t\t\t<div class=\"elementor-widget-container\">\n\t\t\t\t\t<h2 class=\"elementor-heading-title elementor-size-default\">Fiberglass Havuz<\/h2>\t\t\t\t<\/div>\n\t\t\t\t<\/div>\n\t\t\t\t\t<\/div>\n\t\t\t\t<\/div>\n\t\t<div class=\"elementor-element elementor-element-666b4a63 e-flex e-con-boxed e-con e-parent\" data-id=\"666b4a63\" data-element_type=\"container\" data-e-type=\"container\" data-settings=\"{&quot;background_background&quot;:&quot;classic&quot;}\">\n\t\t\t\t\t<div class=\"e-con-inner\">\n\t\t<div class=\"elementor-element elementor-element-7eac3f9b e-con-full e-flex e-con e-child\" data-id=\"7eac3f9b\" data-element_type=\"container\" data-e-type=\"container\" data-settings=\"{&quot;background_background&quot;:&quot;classic&quot;}\">\n\t\t<div class=\"elementor-element elementor-element-2b66c61 e-con-full e-flex e-con e-child\" data-id=\"2b66c61\" data-element_type=\"container\" data-e-type=\"container\" data-settings=\"{&quot;background_background&quot;:&quot;classic&quot;}\">\n\t\t\t\t<div class=\"elementor-element elementor-element-6ff4f52 elementor-widget elementor-widget-sina_content_slider\" data-id=\"6ff4f52\" data-element_type=\"widget\" data-e-type=\"widget\" data-widget_type=\"sina_content_slider.default\">\n\t\t\t\t<div class=\"elementor-widget-container\">\n\t\t\t\t\t\t\t<div class=\"sina-content-slider owl-carousel\"\r\n\t\tdata-item-lg=\"3\"\r\n\t\tdata-item-md=\"2\"\r\n\t\tdata-item-sm=\"1\"\r\n\t\tdata-autoplay=\"yes\"\r\n\t\tdata-pause=\"yes\"\r\n\t\tdata-center=\"\"\r\n\t\tdata-slide-anim=\"\"\r\n\t\tdata-slide-anim-out=\"\"\r\n\t\tdata-nav=\"yes\"\r\n\t\tdata-dots=\"yes\"\r\n\t\tdata-mouse-drag=\"yes\"\r\n\t\tdata-touch-drag=\"yes\"\r\n\t\tdata-loop=\"yes\"\r\n\t\tdata-speed=\"500\"\r\n\t\tdata-delay=\"5000\">\r\n\r\n\t\t\t\t\t\t\t<div class=\"sina-cs-item elementor-repeater-item-7bcc11a\">\r\n\t\t\t\t\t\t\t\t\t\t\t\r\n\t\t\t\t\t\t\r\n\t\t\t\t\t\t\t\t\t\t\t\t\t\t\t<\/div>\r\n\t\t\t\t\t\t\t<div class=\"sina-cs-item elementor-repeater-item-8c991b0\">\r\n\t\t\t\t\t\t\t\t\t\t\t\r\n\t\t\t\t\t\t\r\n\t\t\t\t\t\t\t\t\t\t\t\t\t\t\t<\/div>\r\n\t\t\t\t\t\t\t<div class=\"sina-cs-item elementor-repeater-item-091abbf\">\r\n\t\t\t\t\t\t\t\t\t\t\t\r\n\t\t\t\t\t\t\r\n\t\t\t\t\t\t\t\t\t\t\t\t\t\t\t<\/div>\r\n\t\t\t\r\n\t\t<\/div><!-- .sina-content-slider -->\r\n\t\t\t\t\t\t<\/div>\n\t\t\t\t<\/div>\n\t\t<div class=\"elementor-element elementor-element-9276c9e e-grid e-con-full e-con e-child\" data-id=\"9276c9e\" data-element_type=\"container\" data-e-type=\"container\">\n\t\t\t\t<div class=\"elementor-element elementor-element-670a418 elementor-widget elementor-widget-htmega-button-addons\" data-id=\"670a418\" data-element_type=\"widget\" data-e-type=\"widget\" data-widget_type=\"htmega-button-addons.default\">\n\t\t\t\t<div class=\"elementor-widget-container\">\n\t\t\t\t\t<div class=\"htmega-button htmega-btn-style-3 htmega-btn-shadow-0\"><a href=\"https:\/\/poolkim.com\/?page_id=696#beton\" class=\"htb-btn htmega-btn-size-sm htmega-btn-effect-0 elementor-animation-wobble-to-bottom-right\">BETONARME Y\u00dcZME HAVUZLARI<\/a><\/div>\t\t\t\t<\/div>\n\t\t\t\t<\/div>\n\t\t\t\t<div class=\"elementor-element elementor-element-8a04b6f elementor-widget elementor-widget-htmega-button-addons\" data-id=\"8a04b6f\" data-element_type=\"widget\" data-e-type=\"widget\" data-widget_type=\"htmega-button-addons.default\">\n\t\t\t\t<div class=\"elementor-widget-container\">\n\t\t\t\t\t<div class=\"htmega-button htmega-btn-style-3 htmega-btn-shadow-0\"><a href=\"https:\/\/poolkim.com\/?page_id=1033\" class=\"htb-btn htmega-btn-size-sm htmega-btn-effect-0 elementor-animation-wobble-to-bottom-right\">L\u0130NER Y\u00dcZME HAVUZLARI<\/a><\/div>\t\t\t\t<\/div>\n\t\t\t\t<\/div>\n\t\t\t\t<div class=\"elementor-element elementor-element-be6300a elementor-widget elementor-widget-htmega-button-addons\" data-id=\"be6300a\" data-element_type=\"widget\" data-e-type=\"widget\" data-widget_type=\"htmega-button-addons.default\">\n\t\t\t\t<div class=\"elementor-widget-container\">\n\t\t\t\t\t<div class=\"htmega-button htmega-btn-style-3 htmega-btn-shadow-0\"><a href=\"https:\/\/poolkim.com\/?page_id=1141\" class=\"htb-btn htmega-btn-size-sm htmega-btn-effect-0 elementor-animation-wobble-to-bottom-right\">POLYESTER Y\u00dcZME HAVUZLARI<\/a><\/div>\t\t\t\t<\/div>\n\t\t\t\t<\/div>\n\t\t\t\t<\/div>\n\t\t<div class=\"elementor-element elementor-element-38c29af e-con-full e-flex e-con e-child\" data-id=\"38c29af\" data-element_type=\"container\" data-e-type=\"container\">\n\t\t\t\t<div class=\"elementor-element elementor-element-c9b2270 elementor-widget elementor-widget-heading\" data-id=\"c9b2270\" data-element_type=\"widget\" data-e-type=\"widget\" data-widget_type=\"heading.default\">\n\t\t\t\t<div class=\"elementor-widget-container\">\n\t\t\t\t\t<h2 class=\"elementor-heading-title elementor-size-default\">Polyester Havuz Sistemleri<\/h2>\t\t\t\t<\/div>\n\t\t\t\t<\/div>\n\t\t\t\t<\/div>\n\t\t<div class=\"elementor-element elementor-element-ed6483b e-con-full e-flex e-con e-child\" data-id=\"ed6483b\" data-element_type=\"container\" data-e-type=\"container\">\n\t\t\t\t<div class=\"elementor-element elementor-element-8b2df7e elementor-widget elementor-widget-text-editor\" data-id=\"8b2df7e\" data-element_type=\"widget\" data-e-type=\"widget\" data-widget_type=\"text-editor.default\">\n\t\t\t\t<div class=\"elementor-widget-container\">\n\t\t\t\t\t\t\t\t\t<p class=\"p2\"><span class=\"s1\">Fiberglass havuz Avrupa\u2019 da ve Amerika Birle\u015fik Devletlerin de uzun y\u0131llard\u0131r kullan\u0131lan bir \u00fcr\u00fcnd\u00fcr. \u00dcr\u00fcn\u00fcn temel birle\u015fimi polyester, cam elyaf ve jelkot malzemelerinin birle\u015fiminden meydana gelmektedir.<\/span><\/p><p class=\"p2\"><span class=\"s1\">Fiberglass havuz monoblok tek par\u00e7a \u00fcr\u00fcn halinde \u00fcretilip k\u0131sa bir s\u00fcre i\u00e7erisinde sahada montaj\u0131 ger\u00e7ekle\u015ftirilerek kullan\u0131m\u0131na sunulmaktad\u0131r.<\/span><\/p><p class=\"p2\"><span class=\"s1\">Polyester malzeme her t\u00fcrl\u00fc do\u011fa ko\u015fullar\u0131na kar\u015f\u0131 y\u00fcksek dayan\u0131ml\u0131 ve uzun \u00f6m\u00fcrl\u00fc bir malzemedir. Beton havuzlarda olu\u015fan \u00e7e\u015fitli aksakl\u0131klar\u0131 minimize eden bu \u00fcretim tekni\u011fi a\u015fa\u011f\u0131da a\u00e7\u0131klanan \u00e7e\u015fitli a\u015famalar neticesinde m\u00fc\u015fterimizin kullan\u0131m\u0131na sunulmaktad\u0131r.<\/span><\/p><p class=\"p2\"><span class=\"s1\">\u00c7ok say\u0131da avantaj\u0131 sayesinde s\u0131k\u00e7a tercih edilen fiberglass havuz<b>,<\/b>\u00a0bir\u00e7ok \u00f6zelli\u011fe sahiptir. Peki havuz yapt\u0131racaksan\u0131z tercihiniz<span class=\"Apple-converted-space\">\u00a0\u00a0<\/span><b>Neden Fiberglass Havuz<\/b>\u00a0olmal\u0131?<\/span><\/p><ul class=\"ul1\"><li style=\"list-style-type: none;\"><ul class=\"ul1\"><li class=\"li2\"><span class=\"s1\">Fiberglass, u\u00e7ak-uzay, otomotiv, enerji, g\u0131da, denizcilik-marin ve turizm-e\u011flence gibi bir\u00e7ok sekt\u00f6rde uzun s\u00fcreli \u00f6mr\u00fc ve kolay \u015fekil alabilme \u00f6zellikleri i\u00e7in kullan\u0131lmaktad\u0131r. \u00dclkenin geli\u015fmi\u015flik d\u00fczeyi, ki\u015fi ba\u015f\u0131na d\u00fc\u015fen fiberglass \u00fcretimi ile paralellik g\u00f6sterir. \u00d6zetle s\u00f6ylemek gerekirse fiberglass, \u00e7a\u011f\u0131m\u0131z\u0131n malzemelerinden biridir.<\/span><\/li><li class=\"li2\"><span class=\"s1\">Fiberglass di\u011fer ad\u0131yla\u00a0<b>Monoblok havuz,\u00a0<\/b>prefabrik yap\u0131 konumunda oldu\u011fu i\u00e7in kapal\u0131 alan olarak say\u0131lmaz. Bu da evin kullan\u0131m alan\u0131ndan k\u0131s\u0131tlamak yapmak zorunda kalmadan havuz yapman\u0131za imkan sa\u011flar.<\/span><\/li><li class=\"li2\"><span class=\"s1\"><b>Fiberglass havuz fiyatlar\u0131,\u00a0<\/b>yat\u0131r\u0131m ve i\u015fletme maliyetleri di\u011fer havuzlara oranlara \u00e7ok daha d\u00fc\u015f\u00fckt\u00fcr.<\/span><\/li><li class=\"li2\"><span class=\"s1\">Betonarme ve Viny-Liner havuzlara g\u00f6re montaj s\u00fcresi \u00e7ok daha h\u0131zl\u0131d\u0131r ve s\u0131zd\u0131rmazl\u0131k \u00f6zelli\u011fi daha y\u00fcksektir.<\/span><\/li><li class=\"li2\"><span class=\"s1\">Viny-liner havuzlar\u0131n yumu\u015fak yap\u0131s\u0131, havuz oyun ve oyuncaklar\u0131n\u0131n kullan\u0131m\u0131, havuz aksesurlar\u0131 kullan\u0131m\u0131 ve evcil hayvanlar\u0131n \u0131s\u0131r\u0131k ve pen\u00e7e gibi durumlar\u0131nda \u00e7ok \u00e7abuk hasar g\u00f6rebilmektedir. Betonarme havuzlar da ise sert y\u00fczey ve hatlar, yaralanmalara sebep olabilir. Bu da b\u00fcy\u00fck bir dezavantajd\u0131r. Fiberglass havuzlar\u0131n kendine \u00f6zg\u00fc jelkotlu y\u00fczeyi, betonarme ve Viny-Liner havuzlara kar\u015f\u0131 ciddi bir \u00fcst\u00fcnl\u00fck sa\u011flamaktad\u0131r.<\/span><\/li><li class=\"li2\"><span class=\"s1\">Is\u0131 de\u011fi\u015fimine en dayan\u0131kl\u0131 havuzlar, Fiberglass havuzlard\u0131r.<\/span><\/li><li class=\"li2\"><span class=\"s1\">Kullan\u0131m s\u0131ras\u0131nda di\u011fer havuzlara g\u00f6re daha az temizlik ve bak\u0131m gerektirir. Bu nedenle bak\u0131m masraflar\u0131 da daha azd\u0131r.<\/span><\/li><li class=\"li2\"><span class=\"s1\">Zemin hareketlerini ve zemindeki oturmalar\u0131, elastik yap\u0131s\u0131 sayesinde di\u011fer havuz t\u00fcrlerine g\u00f6re daha iyi absorbe eder ve bu durumlardan \u00e7ok daha az etkilenir.<\/span><\/li><\/ul><\/li><\/ul><h4>Fiberglass Y\u00fczme Havuzu \u00d6zellikleri<\/h4><p class=\"p1\"><span class=\"s1\"><strong>Fiber-Glass<\/strong>\u00a0ya da\u00a0<strong>CTP<\/strong> ad\u0131yla tan\u0131nan cam elyaf takviyeli polyester bug\u00fcn u\u00e7ak, uzay meki\u011fi, otomotiv, g\u0131da ve enerji gibi bir\u00e7ok sekt\u00f6rde kullan\u0131lan bir malzemedir. Bu kadar pop\u00fcler bir malzeme olmas\u0131n\u0131n sebebi ise hafif, dayan\u0131kl\u0131 ve imalat s\u00fcrecinin h\u0131zl\u0131 olmas\u0131d\u0131r. Paket havuzlar ya da mod\u00fcler havuz olarak bilinen CTP havuzlar bu sebeplerden dolay\u0131 g\u00fcn\u00fcm\u00fczde talep g\u00f6rmeye ba\u015flam\u0131\u015ft\u0131r. P\u00fcr\u00fczs\u00fcz y\u00fczeyi sayesinde \u00e7ok daha hijyen ve sa\u011fl\u0131kl\u0131d\u0131r.Ayr\u0131ca istenirse y\u00fczeyine cam mozaik veya seramik kaplanabilmektedir.Her t\u00fcrl\u00fc filitrasyon malzemesi ve aksesuarlar kolayl\u0131kla monte edilebilmektedir.K\u0131sacas\u0131 fiberglass \u00e7a\u011f\u0131m\u0131z\u0131n malzemesidir. \u00d6l\u00e7\u00fc ve \u015fekil serbestli\u011fi bulunan mod\u00fcler havuzlar, imalat s\u00fcrecinin k\u0131sa olmas\u0131 sebebiyle yo\u011funlukla tercih edilmektedir.<\/span><\/p><p class=\"p1\"><span class=\"s1\" style=\"font-family: var(--global-body-font-family);\">Fiberglass uzun y\u0131llar bozulmayan kompozit bir malzemedir.\u00a0<\/span><\/p><ul class=\"ul1\"><li style=\"list-style-type: none;\"><ul class=\"ul1\"><li class=\"li2\"><span class=\"s1\">Fiberglass havuzlar\u00a0<\/span><span class=\"s3\">\u0131s\u0131 de\u011fi\u015fimine en dayan\u0131kl\u0131<\/span><span class=\"s1\">\u00a0havuzlard\u0131r.<span class=\"Apple-converted-space\">\u00a0<\/span><\/span><\/li><li class=\"li2\"><span class=\"s1\">Kullan\u0131m s\u0131ras\u0131nda di\u011fer havuz \u00e7e\u015fitlerine g\u00f6re daha az elektrik ve kimyasal t\u00fcketir.<\/span><\/li><li class=\"li2\"><span class=\"s1\">\u00d6zellikle elastik yap\u0131s\u0131 sayesinde\u00a0<\/span><span class=\"s3\">zemin hareketlerini<\/span><span class=\"s1\">\u00a0di\u011fer havuzlara g\u00f6re\u00a0<\/span><span class=\"s3\">daha iyi absorbe<\/span><span class=\"s1\">\u00a0eder.<\/span><\/li><li class=\"li2\"><span class=\"s1\">S\u0131zd\u0131rma ve tadilat derdi yoktur.<\/span><\/li><li class=\"li2\"><span class=\"s1\">Y\u00fczey p\u00fcr\u00fczs\u00fczl\u00fc\u011f\u00fc dolay\u0131s\u0131yla yosun tutmaz, antibakteriyeldir.<\/span><\/li><li class=\"li2\"><span class=\"s1\">Kurulumu h\u0131zl\u0131 ve \u00e7ok kolayd\u0131r.<\/span><\/li><li class=\"li2\"><span class=\"s1\">Di\u011fer havuz \u00e7e\u015fitlerine g\u00f6re daha\u00a0<\/span><span class=\"s3\">sa\u011fl\u0131kl\u0131 ve sa\u011flamd\u0131r.<\/span><\/li><li class=\"li3\"><span class=\"s1\">Sehim (kuvvet alt\u0131ndaki basit e\u011filme) olmamas\u0131 i\u00e7in destekler uygulanmaktad\u0131r.<\/span><\/li><\/ul><\/li><\/ul><p class=\"p1\"><span class=\"s1\"><b>Fiberglass Havuz Avantajlar\u0131\u00a0<\/b>olduk\u00e7a fazla olan bir havuz modelidir. Fiberglass havuzun yap\u0131m\u0131 fabrikalarda ger\u00e7ekle\u015ftirilir daha sonra havuz, alt yap\u0131 \u00e7al\u0131\u015fmas\u0131 tamamlanm\u0131\u015f olan alana getirilerek<span class=\"Apple-converted-space\">\u00a0\u00a0<\/span>buraya monte edilir. Fiberglass havuzlar, bir\u00e7ok avantaj\u0131 olmas\u0131 sebebiyle son zamanlarda s\u0131k\u00e7a tercih edilen havuz bir modelidir. Avantajlar\u0131 genel olarak \u015fu \u015fekilde s\u0131ralanabilir;<\/span><\/p><ul class=\"ul1\"><li class=\"li1\"><span class=\"s1\">Par\u00e7alar\u0131 fabrika ortam\u0131nda \u00fcretildi\u011fi i\u00e7in\u00a0<b>Mod\u00fcler havuz olarak,\u00a0<\/b>havuzun monte edilece\u011fi alana getirilir ve \u00e7ok k\u0131sa s\u00fcrede montaj\u0131 tamamlanarak kullan\u0131ma haz\u0131r hale gelir. Betonarme havuzlar\u0131n yap\u0131m\u0131 aylarca s\u00fcrebilirken fiberglass havuzlar 2 hafta gibi k\u0131sa bir s\u00fcrede kullan\u0131ma haz\u0131r hale gelir. Bu sayede zamandan ciddi oranda tasarruf sa\u011flar.<\/span><\/li><li class=\"li1\"><span class=\"s1\"><b>Fiberglass havuz fiyatlar\u0131<\/b>\u00a0maliyet olarak di\u011fer havuzlara g\u00f6re \u00e7ok daha uygundur. \u00dcstelik havuz yap\u0131m\u0131na karar vermeden \u00f6nce istenilen boyutlardaki fiberglass havuzun fiyat\u0131 \u00f6\u011frenilebilir ve b\u00fct\u00e7eye uygun olarak havuz yapt\u0131r\u0131labilir.<\/span><\/li><li class=\"li1\"><span class=\"s1\"><b>Fiberglass y\u00fczme havuzu\u00a0<\/b>par\u00e7alar\u0131 fabrikada \u00fcretildi\u011fi i\u00e7in hata pay\u0131 s\u0131f\u0131rd\u0131r ve malzemelerin istenilen boyutlarda haz\u0131rlanmas\u0131 s\u0131ras\u0131nda \u00f6l\u00e7\u00fcler tam olarak ayarlan\u0131r. Bu sayede de di\u011fer havuzlarda meydana gelebilen i\u015f\u00e7ilik hatalar\u0131, Fiberglass havuzlarda g\u00f6r\u00fclmez.<\/span><\/li><li class=\"li1\"><span class=\"s1\">Fiberglass havuzlar, m\u00fckemmel bir s\u0131zd\u0131rmazl\u0131k \u00f6zelli\u011fine sahiptir. Ayr\u0131ca antibakteriyel \u00f6zelli\u011fe sahiptirler. Ayr\u0131ca suyun geldi\u011fi y\u00fcksek bas\u0131nca da olduk\u00e7a dayan\u0131kl\u0131d\u0131r.<\/span><\/li><li class=\"li1\"><span class=\"s1\">Par\u00e7alar\u0131 lineer kaplamaya sahiptir. Bu sayede derz aras\u0131nda olu\u015fan yosunlar, fiberglass havuzlarda g\u00f6r\u00fclmez. B\u00f6ylece bakteri olu\u015fumu da olmaz. \u00dcstelik g\u00f6zeneksiz yap\u0131ya sahiptirler ve \u00f6zellikleri sayesinde temizlemek olduk\u00e7a kolayd\u0131r.<\/span><\/li><\/ul>\t\t\t\t\t\t\t\t<\/div>\n\t\t\t\t<\/div>\n\t\t\t\t<\/div>\n\t\t\t\t<\/div>\n\t\t\t\t<div class=\"elementor-element elementor-element-2c79b28 elementor-widget elementor-widget-sina_content_slider\" data-id=\"2c79b28\" data-element_type=\"widget\" data-e-type=\"widget\" data-widget_type=\"sina_content_slider.default\">\n\t\t\t\t<div class=\"elementor-widget-container\">\n\t\t\t\t\t\t\t<div class=\"sina-content-slider owl-carousel\"\r\n\t\tdata-item-lg=\"3\"\r\n\t\tdata-item-md=\"2\"\r\n\t\tdata-item-sm=\"1\"\r\n\t\tdata-autoplay=\"yes\"\r\n\t\tdata-pause=\"yes\"\r\n\t\tdata-center=\"\"\r\n\t\tdata-slide-anim=\"\"\r\n\t\tdata-slide-anim-out=\"\"\r\n\t\tdata-nav=\"yes\"\r\n\t\tdata-dots=\"yes\"\r\n\t\tdata-mouse-drag=\"yes\"\r\n\t\tdata-touch-drag=\"yes\"\r\n\t\tdata-loop=\"yes\"\r\n\t\tdata-speed=\"500\"\r\n\t\tdata-delay=\"5000\">\r\n\r\n\t\t\t\t\t\t\t<div class=\"sina-cs-item elementor-repeater-item-7bcc11a\">\r\n\t\t\t\t\t\t\t\t\t\t\t\r\n\t\t\t\t\t\t\r\n\t\t\t\t\t\t\t\t\t\t\t\t\t\t\t<\/div>\r\n\t\t\t\t\t\t\t<div class=\"sina-cs-item elementor-repeater-item-8c991b0\">\r\n\t\t\t\t\t\t\t\t\t\t\t\r\n\t\t\t\t\t\t\r\n\t\t\t\t\t\t\t\t\t\t\t\t\t\t\t<\/div>\r\n\t\t\t\t\t\t\t<div class=\"sina-cs-item elementor-repeater-item-091abbf\">\r\n\t\t\t\t\t\t\t\t\t\t\t\r\n\t\t\t\t\t\t\r\n\t\t\t\t\t\t\t\t\t\t\t\t\t\t\t<\/div>\r\n\t\t\t\r\n\t\t<\/div><!-- .sina-content-slider -->\r\n\t\t\t\t\t\t<\/div>\n\t\t\t\t<\/div>\n\t\t\t\t<div class=\"elementor-element elementor-element-53c0dd2 elementor-widget elementor-widget-sina_dynamic_button\" data-id=\"53c0dd2\" data-element_type=\"widget\" data-e-type=\"widget\" data-widget_type=\"sina_dynamic_button.default\">\n\t\t\t\t<div class=\"elementor-widget-container\">\n\t\t\t\t\t\t\t<div class=\"sina-dynamic-button\">\r\n\t\t\t<a  class=\"sina-dynamic-btn   \" href=\"https:\/\/poolkim.com\/?page_id=411\"\r\n\t\t\t\t\t\t\t\t\t\t\t\t>\r\n\t\t\t\t\t\t\tDETAYLI B\u0130LG\u0130 \u0130\u00c7\u0130N B\u0130Z\u0130MLE \u0130LET\u0130\u015e\u0130ME GE\u00c7\u0130N\t\t\t\t\t<\/a>\r\n\t\t<\/div><!-- .sina-dynamic-button -->\r\n\t\t\t\t\t\t<\/div>\n\t\t\t\t<\/div>\n\t\t\t\t<\/div>\n\t\t\t\t\t<\/div>\n\t\t\t\t<\/div>\n\t\t<div class=\"elementor-element elementor-element-b622ff6 e-flex e-con-boxed e-con e-parent\" data-id=\"b622ff6\" data-element_type=\"container\" data-e-type=\"container\" data-settings=\"{&quot;background_background&quot;:&quot;classic&quot;,&quot;shape_divider_bottom&quot;:&quot;mountains&quot;}\">\n\t\t\t\t\t<div class=\"e-con-inner\">\n\t\t\t\t<div class=\"elementor-shape elementor-shape-bottom\" aria-hidden=\"true\" data-negative=\"false\">\n\t\t\t<svg xmlns=\"http:\/\/www.w3.org\/2000\/svg\" viewBox=\"0 0 1000 100\" preserveAspectRatio=\"none\">\n\t<path class=\"elementor-shape-fill\" opacity=\"0.33\" d=\"M473,67.3c-203.9,88.3-263.1-34-320.3,0C66,119.1,0,59.7,0,59.7V0h1000v59.7 c0,0-62.1,26.1-94.9,29.3c-32.8,3.3-62.8-12.3-75.8-22.1C806,49.6,745.3,8.7,694.9,4.7S492.4,59,473,67.3z\"\/>\n\t<path class=\"elementor-shape-fill\" opacity=\"0.66\" d=\"M734,67.3c-45.5,0-77.2-23.2-129.1-39.1c-28.6-8.7-150.3-10.1-254,39.1 s-91.7-34.4-149.2,0C115.7,118.3,0,39.8,0,39.8V0h1000v36.5c0,0-28.2-18.5-92.1-18.5C810.2,18.1,775.7,67.3,734,67.3z\"\/>\n\t<path class=\"elementor-shape-fill\" d=\"M766.1,28.9c-200-57.5-266,65.5-395.1,19.5C242,1.8,242,5.4,184.8,20.6C128,35.8,132.3,44.9,89.9,52.5C28.6,63.7,0,0,0,0 h1000c0,0-9.9,40.9-83.6,48.1S829.6,47,766.1,28.9z\"\/>\n<\/svg>\t\t<\/div>\n\t\t<div class=\"elementor-element elementor-element-72092c2 e-con-full e-flex e-con e-child\" data-id=\"72092c2\" data-element_type=\"container\" data-e-type=\"container\">\n\t\t\t\t<div class=\"elementor-element elementor-element-5550492 elementor-widget__width-initial elementor-widget elementor-widget-heading\" data-id=\"5550492\" data-element_type=\"widget\" data-e-type=\"widget\" data-widget_type=\"heading.default\">\n\t\t\t\t<div class=\"elementor-widget-container\">\n\t\t\t\t\t<h2 class=\"elementor-heading-title elementor-size-default\">Diledi\u011finiz zaman destek i\u00e7in bizimle ileti\u015fime ge\u00e7ebilirsiniz!<\/h2>\t\t\t\t<\/div>\n\t\t\t\t<\/div>\n\t\t\t\t<\/div>\n\t\t\t\t\t<\/div>\n\t\t\t\t<\/div>\n\t\t\t\t<\/div>\n\t\t","protected":false},"excerpt":{"rendered":"<p>Fiberglass Havuz BETONARME Y\u00dcZME HAVUZLARI L\u0130NER Y\u00dcZME HAVUZLARI POLYESTER Y\u00dcZME HAVUZLARI Polyester Havuz Sistemleri Fiberglass havuz Avrupa\u2019 da ve Amerika Birle\u015fik Devletlerin de uzun y\u0131llard\u0131r kullan\u0131lan bir \u00fcr\u00fcnd\u00fcr. \u00dcr\u00fcn\u00fcn temel birle\u015fimi polyester, cam elyaf ve jelkot malzemelerinin birle\u015fiminden meydana gelmektedir. Fiberglass havuz monoblok tek par\u00e7a \u00fcr\u00fcn halinde \u00fcretilip k\u0131sa bir s\u00fcre i\u00e7erisinde sahada montaj\u0131 ger\u00e7ekle\u015ftirilerek&#8230;<\/p>\n","protected":false},"author":1,"featured_media":0,"parent":0,"menu_order":0,"comment_status":"closed","ping_status":"closed","template":"","meta":{"_kad_post_transparent":"","_kad_post_title":"hide","_kad_post_layout":"fullwidth","_kad_post_sidebar_id":"","_kad_post_content_style":"unboxed","_kad_post_vertical_padding":"hide","_kad_post_feature":"hide","_kad_post_feature_position":"","_kad_post_header":false,"_kad_post_footer":false,"_kad_post_classname":"","footnotes":""},"class_list":["post-1141","page","type-page","status-publish","hentry"],"_links":{"self":[{"href":"https:\/\/poolkim.com\/index.php?rest_route=\/wp\/v2\/pages\/1141","targetHints":{"allow":["GET"]}}],"collection":[{"href":"https:\/\/poolkim.com\/index.php?rest_route=\/wp\/v2\/pages"}],"about":[{"href":"https:\/\/poolkim.com\/index.php?rest_route=\/wp\/v2\/types\/page"}],"author":[{"embeddable":true,"href":"https:\/\/poolkim.com\/index.php?rest_route=\/wp\/v2\/users\/1"}],"replies":[{"embeddable":true,"href":"https:\/\/poolkim.com\/index.php?rest_route=%2Fwp%2Fv2%2Fcomments&post=1141"}],"version-history":[{"count":46,"href":"https:\/\/poolkim.com\/index.php?rest_route=\/wp\/v2\/pages\/1141\/revisions"}],"predecessor-version":[{"id":1324,"href":"https:\/\/poolkim.com\/index.php?rest_route=\/wp\/v2\/pages\/1141\/revisions\/1324"}],"wp:attachment":[{"href":"https:\/\/poolkim.com\/index.php?rest_route=%2Fwp%2Fv2%2Fmedia&parent=1141"}],"curies":[{"name":"wp","href":"https:\/\/api.w.org\/{rel}","templated":true}]}}