{"id":1221,"date":"2025-03-15T12:03:03","date_gmt":"2025-03-15T12:03:03","guid":{"rendered":"http:\/\/poolkim.com\/?page_id=1221"},"modified":"2025-03-18T13:15:16","modified_gmt":"2025-03-18T13:15:16","slug":"havuz-bakimi","status":"publish","type":"page","link":"https:\/\/poolkim.com\/?page_id=1221","title":{"rendered":"Havuz Bak\u0131m\u0131"},"content":{"rendered":"\t\t<div data-elementor-type=\"wp-page\" data-elementor-id=\"1221\" class=\"elementor elementor-1221\">\n\t\t\t\t<div class=\"elementor-element elementor-element-bbfe5da e-flex e-con-boxed e-con e-parent\" data-id=\"bbfe5da\" data-element_type=\"container\" data-e-type=\"container\" data-settings=\"{&quot;background_background&quot;:&quot;slideshow&quot;,&quot;background_slideshow_gallery&quot;:[{&quot;id&quot;:1224,&quot;url&quot;:&quot;https:\\\/\\\/poolkim.com\\\/wp-content\\\/uploads\\\/2025\\\/03\\\/Havuz-Supurme-Bakim-e1742049372638.png&quot;},{&quot;id&quot;:1250,&quot;url&quot;:&quot;https:\\\/\\\/poolkim.com\\\/wp-content\\\/uploads\\\/2025\\\/03\\\/havuz-bakimi.jpeg&quot;}],&quot;background_slideshow_ken_burns&quot;:&quot;yes&quot;,&quot;background_slideshow_loop&quot;:&quot;yes&quot;,&quot;background_slideshow_slide_duration&quot;:5000,&quot;background_slideshow_slide_transition&quot;:&quot;fade&quot;,&quot;background_slideshow_transition_duration&quot;:500,&quot;background_slideshow_ken_burns_zoom_direction&quot;:&quot;in&quot;}\">\n\t\t\t\t\t<div class=\"e-con-inner\">\n\t\t\t\t<div class=\"elementor-element elementor-element-dac7c01 elementor-widget elementor-widget-heading\" data-id=\"dac7c01\" data-element_type=\"widget\" data-e-type=\"widget\" data-widget_type=\"heading.default\">\n\t\t\t\t<div class=\"elementor-widget-container\">\n\t\t\t\t\t<h2 class=\"elementor-heading-title elementor-size-default\">Havuz Bak\u0131m\u0131<\/h2>\t\t\t\t<\/div>\n\t\t\t\t<\/div>\n\t\t\t\t\t<\/div>\n\t\t\t\t<\/div>\n\t\t<div class=\"elementor-element elementor-element-666b4a63 e-flex e-con-boxed e-con e-parent\" data-id=\"666b4a63\" data-element_type=\"container\" data-e-type=\"container\" data-settings=\"{&quot;background_background&quot;:&quot;classic&quot;}\">\n\t\t\t\t\t<div class=\"e-con-inner\">\n\t\t<div class=\"elementor-element elementor-element-7eac3f9b e-con-full e-flex e-con e-child\" data-id=\"7eac3f9b\" data-element_type=\"container\" data-e-type=\"container\" data-settings=\"{&quot;background_background&quot;:&quot;classic&quot;}\">\n\t\t<div class=\"elementor-element elementor-element-2b66c61 e-con-full e-flex e-con e-child\" data-id=\"2b66c61\" data-element_type=\"container\" data-e-type=\"container\" data-settings=\"{&quot;background_background&quot;:&quot;classic&quot;}\">\n\t\t<div class=\"elementor-element elementor-element-38c29af e-con-full e-flex e-con e-child\" data-id=\"38c29af\" data-element_type=\"container\" data-e-type=\"container\">\n\t\t\t\t<div class=\"elementor-element elementor-element-c9b2270 elementor-widget elementor-widget-heading\" data-id=\"c9b2270\" data-element_type=\"widget\" data-e-type=\"widget\" data-widget_type=\"heading.default\">\n\t\t\t\t<div class=\"elementor-widget-container\">\n\t\t\t\t\t<h2 class=\"elementor-heading-title elementor-size-default\">Havuz Suyu Neden Bulan\u0131k Olur?<\/h2>\t\t\t\t<\/div>\n\t\t\t\t<\/div>\n\t\t\t\t<div class=\"elementor-element elementor-element-8b2df7e elementor-widget elementor-widget-text-editor\" data-id=\"8b2df7e\" data-element_type=\"widget\" data-e-type=\"widget\" data-widget_type=\"text-editor.default\">\n\t\t\t\t<div class=\"elementor-widget-container\">\n\t\t\t\t\t\t\t\t\t<p style=\"text-align: justify;\">\u0130ster yeni bir havuz sahibi olun ister deneyimli bir kullan\u0131c\u0131, havuz suyunun bulan\u0131kla\u015fmas\u0131n\u0131n nedenlerini anlamak, sa\u011fl\u0131kl\u0131 ve temiz bir y\u00fczme alan\u0131 olu\u015fturmak i\u00e7in kritik \u00f6neme sahiptir.<\/p><p style=\"text-align: justify;\">Havuz suyunun bulan\u0131kla\u015fmas\u0131, bir\u00e7ok fakt\u00f6rden kaynaklanabilir. Su berrakl\u0131\u011f\u0131n\u0131 kaybetti\u011finde, hem estetik a\u00e7\u0131dan rahats\u0131z edici olur hem de sa\u011fl\u0131k a\u00e7\u0131s\u0131ndan risk olu\u015fturabilir. \u0130\u015fte havuz suyu neden bulan\u0131k olur sorusunun ba\u015fl\u0131ca nedenleri:<\/p><ul class=\"wp-block-list\"><li style=\"text-align: justify;\"><strong>Filtrasyon Problemleri:<\/strong>\u00a0Havuz filtresi yeterince \u00e7al\u0131\u015fm\u0131yorsa veya t\u0131kanm\u0131\u015fsa, su temizlenemez ve bulan\u0131kl\u0131k olu\u015fur.<\/li><li style=\"text-align: justify;\"><strong>pH ve Kimyasal Denge Bozuklu\u011fu:<\/strong>\u00a0Havuz suyu pH seviyesi \u00e7ok y\u00fcksek veya d\u00fc\u015f\u00fck oldu\u011funda kimyasal reaksiyonlar nedeniyle su bulan\u0131kla\u015fabilir.<\/li><li style=\"text-align: justify;\"><strong>Yetersiz Klor Kullan\u0131m\u0131:<\/strong>\u00a0Klor seviyesi d\u00fc\u015f\u00fck oldu\u011funda, havuzda bakteri ve yosun olu\u015fumu artar ve bu da suyun bulan\u0131kla\u015fmas\u0131na neden olur.<\/li><li style=\"text-align: justify;\"><strong>D\u0131\u015f Etkenler:<\/strong>\u00a0Yaprak, toz, kozmetik \u00fcr\u00fcnleri ve g\u00fcne\u015f kremleri gibi d\u0131\u015f fakt\u00f6rler su kalitesini olumsuz etkileyebilir.<\/li><li style=\"text-align: justify;\"><strong>Havuzun A\u015f\u0131r\u0131 Kullan\u0131m\u0131:<\/strong>\u00a0\u00d6zellikle yaz aylar\u0131nda yo\u011fun kullan\u0131m, suyun daha h\u0131zl\u0131 kirlenmesine yol a\u00e7abilir.<\/li><li>Bulan\u0131k havuz suyunu temizlemek i\u00e7in a\u015fa\u011f\u0131daki ad\u0131mlar\u0131 uygulayabilirsiniz.\u00a0<\/li><\/ul>\t\t\t\t\t\t\t\t<\/div>\n\t\t\t\t<\/div>\n\t\t\t\t<div class=\"elementor-element elementor-element-2c79b28 elementor-widget__width-inherit elementor-widget elementor-widget-sina_content_slider\" data-id=\"2c79b28\" data-element_type=\"widget\" data-e-type=\"widget\" data-widget_type=\"sina_content_slider.default\">\n\t\t\t\t<div class=\"elementor-widget-container\">\n\t\t\t\t\t\t\t<div class=\"sina-content-slider owl-carousel\"\r\n\t\tdata-item-lg=\"3\"\r\n\t\tdata-item-md=\"2\"\r\n\t\tdata-item-sm=\"1\"\r\n\t\tdata-autoplay=\"yes\"\r\n\t\tdata-pause=\"yes\"\r\n\t\tdata-center=\"\"\r\n\t\tdata-slide-anim=\"\"\r\n\t\tdata-slide-anim-out=\"\"\r\n\t\tdata-nav=\"yes\"\r\n\t\tdata-dots=\"yes\"\r\n\t\tdata-mouse-drag=\"yes\"\r\n\t\tdata-touch-drag=\"yes\"\r\n\t\tdata-loop=\"yes\"\r\n\t\tdata-speed=\"500\"\r\n\t\tdata-delay=\"5000\">\r\n\r\n\t\t\t\t\t\t\t<div class=\"sina-cs-item elementor-repeater-item-7bcc11a\">\r\n\t\t\t\t\t\t\t\t\t\t\t\r\n\t\t\t\t\t\t\r\n\t\t\t\t\t\t\t\t\t\t\t\t\t\t\t<\/div>\r\n\t\t\t\t\t\t\t<div class=\"sina-cs-item elementor-repeater-item-8c991b0\">\r\n\t\t\t\t\t\t\t\t\t\t\t\r\n\t\t\t\t\t\t\r\n\t\t\t\t\t\t\t\t\t\t\t\t\t<div class=\"sina-cs-desc\">Lorem ipsum dolor sit amet, <\/div>\t\t\t\t\t\t\t\t\t\t\t\t\t\t\t<\/div>\r\n\t\t\t\t\t\t\t<div class=\"sina-cs-item elementor-repeater-item-091abbf\">\r\n\t\t\t\t\t\t\t\t\t\t\t\r\n\t\t\t\t\t\t\r\n\t\t\t\t\t\t\t\t\t\t\t\t\t\t\t<\/div>\r\n\t\t\t\r\n\t\t<\/div><!-- .sina-content-slider -->\r\n\t\t\t\t\t\t<\/div>\n\t\t\t\t<\/div>\n\t\t\t\t<div class=\"elementor-element elementor-element-68df759 elementor-widget elementor-widget-text-editor\" data-id=\"68df759\" data-element_type=\"widget\" data-e-type=\"widget\" data-widget_type=\"text-editor.default\">\n\t\t\t\t<div class=\"elementor-widget-container\">\n\t\t\t\t\t\t\t\t\t<h2 class=\"wp-block-heading\">Havuz Suyu Bulan\u0131kl\u0131\u011f\u0131 Nas\u0131l Giderilir?<\/h2>\nBulan\u0131k havuz suyunu temizlemek i\u00e7in a\u015fa\u011f\u0131daki ad\u0131mlar\u0131 uygulayabilirsiniz:\n<h3 class=\"wp-block-heading\"><span id=\"1-havuz-filtre-sistemini-kontrol-edin-havuz-suyu-neden-bulan\u0131k-olur\" class=\"uag-toc__heading-anchor\"><\/span>1. Havuz Filtre Sistemini Kontrol Edin: Havuz Suyu Neden Bulan\u0131k Olur?<\/h3>\nHavuzun filtrasyon sistemi d\u00fczenli olarak \u00e7al\u0131\u015fmal\u0131 ve filtreler belirli aral\u0131klarla temizlenmelidir. Kartu\u015f, kum veya D.E. filtrelerin bak\u0131m\u0131n\u0131 yapmak, suyun berrak kalmas\u0131n\u0131 sa\u011flar.\n<h3 class=\"wp-block-heading\"><span id=\"2-havuz-suyunun-kimyasal-dengesini-\u00f6l\u00e7\u00fcn-havuz-suyu-neden-bulan\u0131kla\u015f\u0131r\" class=\"uag-toc__heading-anchor\"><\/span>2. Havuz Suyunun Kimyasal Dengesini \u00d6l\u00e7\u00fcn: Havuz Suyu Neden Bulan\u0131kla\u015f\u0131r?<\/h3>\nHavuz suyu bulan\u0131kl\u0131\u011f\u0131 nas\u0131l giderilir sorusuna verilecek en \u00f6nemli cevaplardan biri, suyun kimyasal dengesini korumakt\u0131r. \u0130deal de\u011ferler:\n<ul class=\"wp-block-list\">\n \t<li><strong>pH Seviyesi:<\/strong>\u00a07.2 \u2013 7.6 aral\u0131\u011f\u0131nda olmal\u0131d\u0131r.<\/li>\n \t<li><strong>Serbest Klor:<\/strong>\u00a01-3 ppm aras\u0131nda olmal\u0131d\u0131r.<\/li>\n \t<li><strong>Alkalinite:<\/strong>\u00a080-120 ppm seviyesinde tutulmal\u0131d\u0131r.<\/li>\n<\/ul>\n<h3 class=\"wp-block-heading\"><span id=\"3-\u015fok-klor-uygulamas\u0131-havuz-suyu-neden-bulan\u0131k-olur\" class=\"uag-toc__heading-anchor\"><\/span>3. \u015eok Klor Uygulamas\u0131: Havuz Suyu Neden Bulan\u0131k Olur?<\/h3>\nHavuz\u00a0<strong><a title=\"\u015fok klorlama\">\u015fok klorlama<\/a><\/strong>\u00a0i\u015flemi, sudaki organik maddeleri okside eder ve berrakl\u0131k kazand\u0131r\u0131r. \u015eok klor sonras\u0131 havuzun 24 saat boyunca kullan\u0131lmamas\u0131 \u00f6nerilir. Bu s\u00fcre zarf\u0131nda klor seviyesinin g\u00fcvenli seviyelere d\u00fc\u015fmesi ve suyun tekrar kullan\u0131ma uygun hale gelmesi beklenir. \u015eok klorlama uygulamas\u0131 haftada bir kez veya ihtiya\u00e7 duyuldu\u011funda yap\u0131labilir. Uygulama s\u0131ras\u0131nda havuz suyunun sirk\u00fclasyonunun devam etmesi \u00f6nemlidir.\n<h3 class=\"wp-block-heading\"><span id=\"4\u00e7\u00f6kt\u00fcr\u00fcc\u00fc-kullan\u0131m\u0131-ve-etkisi-havuz-suyu-neden-bulan\u0131k-olur\" class=\"uag-toc__heading-anchor\"><\/span>4.\u00c7\u00f6kt\u00fcr\u00fcc\u00fc Kullan\u0131m\u0131 ve Etkisi: Havuz Suyu Neden Bulan\u0131k Olur?<\/h3>\nBulan\u0131k suyu temizlemek i\u00e7in\u00a0<strong><a title=\"\">\u00e7\u00f6kt\u00fcr\u00fcc\u00fc (flok\u00fclant)<\/a><\/strong>\u00a0kimyasallar kullan\u0131labilir. Bu kimyasallar, k\u00fc\u00e7\u00fck partik\u00fclleri bir araya toplayarak suyun daha kolay temizlenmesini sa\u011flar. \u00c7\u00f6kt\u00fcr\u00fcc\u00fc kimyasallar, havuz taban\u0131nda toplanan kirleri filtrasyon sistemi veya vakum yoluyla kolayca temizlemenize olanak tan\u0131r. Uygulama sonras\u0131 24-48 saat i\u00e7inde havuz suyu berrakla\u015fmaya ba\u015flar. \u00c7\u00f6kt\u00fcr\u00fcc\u00fc kullan\u0131rken havuz pompas\u0131n\u0131n s\u00fcrekli \u00e7al\u0131\u015fmas\u0131 ve filtrasyon sisteminin d\u00fczg\u00fcn i\u015flemesi \u00f6nemlidir. Bu sayede birle\u015fen partik\u00fcller etkili bir \u015fekilde filtrelenebilir.\n<h3 class=\"wp-block-heading\"><span id=\"5-havuz-suyu-sirk\u00fclasyonunu-art\u0131r\u0131n-bulan\u0131kl\u0131k-nas\u0131l-giderilir\" class=\"uag-toc__heading-anchor\"><\/span>5. Havuz Suyu Sirk\u00fclasyonunu Art\u0131r\u0131n: Bulan\u0131kl\u0131k Nas\u0131l Giderilir?<\/h3>\n<strong><a title=\"Havuz pompalar\u0131n\u0131n\">Havuz pompalar\u0131n\u0131n<\/a><\/strong>\u00a0yeterli s\u00fcre \u00e7al\u0131\u015ft\u0131r\u0131lmas\u0131, suyun s\u00fcrekli olarak temizlenmesine yard\u0131mc\u0131 olur. Genellikle g\u00fcnde en az 8-10 saat boyunca filtrasyon sistemi \u00e7al\u0131\u015ft\u0131r\u0131lmal\u0131d\u0131r. \u00d6zellikle yo\u011fun kullan\u0131m d\u00f6nemlerinde veya su kalitesinde bozulma oldu\u011funda, \u00e7al\u0131\u015fma s\u00fcresi art\u0131r\u0131labilir. Sirk\u00fclasyon sistemi, havuz suyunun tamam\u0131n\u0131n filtrelerden ge\u00e7mesini sa\u011flayarak, ask\u0131da kalan partik\u00fcllerin temizlenmesine ve kimyasallar\u0131n homojen da\u011f\u0131l\u0131m\u0131na yard\u0131mc\u0131 olur. Ayr\u0131ca d\u00fczenli sirk\u00fclasyon, alg olu\u015fumunu engelleyerek suyun berrakl\u0131\u011f\u0131n\u0131 korur.\n<h2 class=\"wp-block-heading\"><span id=\"havuz-suyu-neden-bulan\u0131k-olur-\u00f6nlenmesi-i\u00e7in-yap\u0131lacaklar\" class=\"uag-toc__heading-anchor\"><\/span><strong data-start=\"627\" data-end=\"689\">Havuz Suyu Neden Bulan\u0131k Olur? \u00d6nlenmesi \u0130\u00e7in Yap\u0131lacaklar<\/strong><\/h2>\nHavuz suyunun neden bulan\u0131kla\u015ft\u0131\u011f\u0131n\u0131 anlad\u0131ktan sonra, bunu \u00f6nlemek i\u00e7in al\u0131nmas\u0131 gereken \u00f6nlemleri de bilmek \u00f6nemlidir:\n<ul class=\"wp-block-list\">\n \t<li><strong>D\u00fczenli Havuz Bak\u0131m\u0131 Yap\u0131n:<\/strong>\u00a0Haftal\u0131k\u00a0<strong><a title=\"su testleri\"\">su testleri<\/a><\/strong>\u00a0yaparak kimyasal dengenin korunmas\u0131n\u0131 sa\u011flay\u0131n.<\/li>\n \t<li><strong>Filtreleri Temizleyin:<\/strong>\u00a0Filtrelerin t\u0131kanmas\u0131n\u0131 \u00f6nlemek i\u00e7in d\u00fczenli bak\u0131m yap\u0131n.<\/li>\n \t<li><strong>Y\u00fczey Temizli\u011fi Yap\u0131n:<\/strong>\u00a0Havuz y\u00fczeyinde biriken yaprak ve kirleri temizleyerek su kalitesini koruyun.<\/li>\n \t<li><strong>D\u00fczenli Klorlama Yap\u0131n:<\/strong>\u00a0Klor seviyesini ideal aral\u0131kta tutarak bakteri ve yosun olu\u015fumunu \u00f6nleyin.<\/li>\n<\/ul>\nBu y\u00f6ntemleri uygulayarak havuzunuzun her zaman temiz ve berrak kalmas\u0131n\u0131 sa\u011flayabilirsiniz. Ancak, havuz suyu bulan\u0131kla\u015ft\u0131\u011f\u0131nda bu y\u00f6ntemlerle sorunu \u00e7\u00f6zmek m\u00fcmk\u00fcn olmayabilir. Bu durumda profesyonel bir\u00a0<strong><a title=\"\u0130leti\u015fim\" href=\"https:\/\/poolkim.com\/?page_id=411\">havuz bak\u0131m \u015firketinden\u00a0<\/a><\/strong>destek alman\u0131z\u0131 \u00f6neririz. Uzmanlar, sorunun kayna\u011f\u0131n\u0131 tespit edebilir ve etkili \u00e7\u00f6z\u00fcmler sunabilir. Ayr\u0131ca, d\u00fczenli bak\u0131m ve temizlik rutininizi s\u00fcrd\u00fcrmek, havuz suyunun kalitesini koruman\u0131n en \u00f6nemli ad\u0131mlar\u0131ndan biridir. Havuz bak\u0131m\u0131na zaman ay\u0131rarak, sa\u011fl\u0131kl\u0131 ve keyifli bir y\u00fczme deneyimi ya\u015fayabilirsiniz.\t\t\t\t\t\t\t\t<\/div>\n\t\t\t\t<\/div>\n\t\t\t\t<\/div>\n\t\t\t\t<\/div>\n\t\t\t\t<div class=\"elementor-element elementor-element-53c0dd2 elementor-widget elementor-widget-sina_dynamic_button\" data-id=\"53c0dd2\" data-element_type=\"widget\" data-e-type=\"widget\" data-widget_type=\"sina_dynamic_button.default\">\n\t\t\t\t<div class=\"elementor-widget-container\">\n\t\t\t\t\t\t\t<div class=\"sina-dynamic-button\">\r\n\t\t\t<a  class=\"sina-dynamic-btn   \" href=\"https:\/\/poolkim.com\/?page_id=411\"\r\n\t\t\t\t\t\t\t\t\t\t\t\t>\r\n\t\t\t\t\t\t\tDETAYLI B\u0130LG\u0130 \u0130\u00c7\u0130N B\u0130Z\u0130MLE \u0130LET\u0130\u015e\u0130ME GE\u00c7\u0130N\t\t\t\t\t<\/a>\r\n\t\t<\/div><!-- .sina-dynamic-button -->\r\n\t\t\t\t\t\t<\/div>\n\t\t\t\t<\/div>\n\t\t\t\t<\/div>\n\t\t\t\t\t<\/div>\n\t\t\t\t<\/div>\n\t\t<div class=\"elementor-element elementor-element-b622ff6 e-flex e-con-boxed e-con e-parent\" data-id=\"b622ff6\" data-element_type=\"container\" data-e-type=\"container\" data-settings=\"{&quot;background_background&quot;:&quot;classic&quot;,&quot;shape_divider_bottom&quot;:&quot;mountains&quot;}\">\n\t\t\t\t\t<div class=\"e-con-inner\">\n\t\t\t\t<div class=\"elementor-shape elementor-shape-bottom\" aria-hidden=\"true\" data-negative=\"false\">\n\t\t\t<svg xmlns=\"http:\/\/www.w3.org\/2000\/svg\" viewBox=\"0 0 1000 100\" preserveAspectRatio=\"none\">\n\t<path class=\"elementor-shape-fill\" opacity=\"0.33\" d=\"M473,67.3c-203.9,88.3-263.1-34-320.3,0C66,119.1,0,59.7,0,59.7V0h1000v59.7 c0,0-62.1,26.1-94.9,29.3c-32.8,3.3-62.8-12.3-75.8-22.1C806,49.6,745.3,8.7,694.9,4.7S492.4,59,473,67.3z\"\/>\n\t<path class=\"elementor-shape-fill\" opacity=\"0.66\" d=\"M734,67.3c-45.5,0-77.2-23.2-129.1-39.1c-28.6-8.7-150.3-10.1-254,39.1 s-91.7-34.4-149.2,0C115.7,118.3,0,39.8,0,39.8V0h1000v36.5c0,0-28.2-18.5-92.1-18.5C810.2,18.1,775.7,67.3,734,67.3z\"\/>\n\t<path class=\"elementor-shape-fill\" d=\"M766.1,28.9c-200-57.5-266,65.5-395.1,19.5C242,1.8,242,5.4,184.8,20.6C128,35.8,132.3,44.9,89.9,52.5C28.6,63.7,0,0,0,0 h1000c0,0-9.9,40.9-83.6,48.1S829.6,47,766.1,28.9z\"\/>\n<\/svg>\t\t<\/div>\n\t\t<div class=\"elementor-element elementor-element-72092c2 e-con-full e-flex e-con e-child\" data-id=\"72092c2\" data-element_type=\"container\" data-e-type=\"container\">\n\t\t\t\t<div class=\"elementor-element elementor-element-5550492 elementor-widget__width-initial elementor-widget elementor-widget-heading\" data-id=\"5550492\" data-element_type=\"widget\" data-e-type=\"widget\" data-widget_type=\"heading.default\">\n\t\t\t\t<div class=\"elementor-widget-container\">\n\t\t\t\t\t<h2 class=\"elementor-heading-title elementor-size-default\">Diledi\u011finiz zaman destek i\u00e7in bizimle ileti\u015fime ge\u00e7ebilirsiniz!<\/h2>\t\t\t\t<\/div>\n\t\t\t\t<\/div>\n\t\t\t\t<\/div>\n\t\t\t\t\t<\/div>\n\t\t\t\t<\/div>\n\t\t\t\t<\/div>\n\t\t","protected":false},"excerpt":{"rendered":"<p>Havuz Bak\u0131m\u0131 Havuz Suyu Neden Bulan\u0131k Olur? \u0130ster yeni bir havuz sahibi olun ister deneyimli bir kullan\u0131c\u0131, havuz suyunun bulan\u0131kla\u015fmas\u0131n\u0131n nedenlerini anlamak, sa\u011fl\u0131kl\u0131 ve temiz bir y\u00fczme alan\u0131 olu\u015fturmak i\u00e7in kritik \u00f6neme sahiptir. Havuz suyunun bulan\u0131kla\u015fmas\u0131, bir\u00e7ok fakt\u00f6rden kaynaklanabilir. Su berrakl\u0131\u011f\u0131n\u0131 kaybetti\u011finde, hem estetik a\u00e7\u0131dan rahats\u0131z edici olur hem de sa\u011fl\u0131k a\u00e7\u0131s\u0131ndan risk olu\u015fturabilir. \u0130\u015fte&#8230;<\/p>\n","protected":false},"author":1,"featured_media":0,"parent":0,"menu_order":0,"comment_status":"closed","ping_status":"closed","template":"","meta":{"_kad_post_transparent":"","_kad_post_title":"hide","_kad_post_layout":"fullwidth","_kad_post_sidebar_id":"","_kad_post_content_style":"unboxed","_kad_post_vertical_padding":"hide","_kad_post_feature":"hide","_kad_post_feature_position":"","_kad_post_header":false,"_kad_post_footer":false,"_kad_post_classname":"","footnotes":""},"class_list":["post-1221","page","type-page","status-publish","hentry"],"_links":{"self":[{"href":"https:\/\/poolkim.com\/index.php?rest_route=\/wp\/v2\/pages\/1221","targetHints":{"allow":["GET"]}}],"collection":[{"href":"https:\/\/poolkim.com\/index.php?rest_route=\/wp\/v2\/pages"}],"about":[{"href":"https:\/\/poolkim.com\/index.php?rest_route=\/wp\/v2\/types\/page"}],"author":[{"embeddable":true,"href":"https:\/\/poolkim.com\/index.php?rest_route=\/wp\/v2\/users\/1"}],"replies":[{"embeddable":true,"href":"https:\/\/poolkim.com\/index.php?rest_route=%2Fwp%2Fv2%2Fcomments&post=1221"}],"version-history":[{"count":37,"href":"https:\/\/poolkim.com\/index.php?rest_route=\/wp\/v2\/pages\/1221\/revisions"}],"predecessor-version":[{"id":1315,"href":"https:\/\/poolkim.com\/index.php?rest_route=\/wp\/v2\/pages\/1221\/revisions\/1315"}],"wp:attachment":[{"href":"https:\/\/poolkim.com\/index.php?rest_route=%2Fwp%2Fv2%2Fmedia&parent=1221"}],"curies":[{"name":"wp","href":"https:\/\/api.w.org\/{rel}","templated":true}]}}