{"id":1258,"date":"2025-03-15T14:10:57","date_gmt":"2025-03-15T14:10:57","guid":{"rendered":"http:\/\/poolkim.com\/?page_id=1258"},"modified":"2025-03-19T15:38:21","modified_gmt":"2025-03-19T15:38:21","slug":"aquaparklar","status":"publish","type":"page","link":"https:\/\/poolkim.com\/?page_id=1258","title":{"rendered":"Aquaparklar"},"content":{"rendered":"\t\t<div data-elementor-type=\"wp-page\" data-elementor-id=\"1258\" class=\"elementor elementor-1258\">\n\t\t\t\t<div class=\"elementor-element elementor-element-bbfe5da e-flex e-con-boxed e-con e-parent\" data-id=\"bbfe5da\" data-element_type=\"container\" data-e-type=\"container\" data-settings=\"{&quot;background_background&quot;:&quot;slideshow&quot;,&quot;background_slideshow_gallery&quot;:[{&quot;id&quot;:108,&quot;url&quot;:&quot;https:\\\/\\\/poolkim.com\\\/wp-content\\\/uploads\\\/2025\\\/02\\\/aquapark-yapimi-kategori-1-1.webp&quot;},{&quot;id&quot;:43,&quot;url&quot;:&quot;https:\\\/\\\/poolkim.com\\\/wp-content\\\/uploads\\\/2025\\\/02\\\/aquapark-yapimi-kategori-1.webp&quot;}],&quot;background_slideshow_ken_burns&quot;:&quot;yes&quot;,&quot;background_slideshow_loop&quot;:&quot;yes&quot;,&quot;background_slideshow_slide_duration&quot;:5000,&quot;background_slideshow_slide_transition&quot;:&quot;fade&quot;,&quot;background_slideshow_transition_duration&quot;:500,&quot;background_slideshow_ken_burns_zoom_direction&quot;:&quot;in&quot;}\">\n\t\t\t\t\t<div class=\"e-con-inner\">\n\t\t\t\t<div class=\"elementor-element elementor-element-dac7c01 elementor-widget elementor-widget-heading\" data-id=\"dac7c01\" data-element_type=\"widget\" data-e-type=\"widget\" data-widget_type=\"heading.default\">\n\t\t\t\t<div class=\"elementor-widget-container\">\n\t\t\t\t\t<h2 class=\"elementor-heading-title elementor-size-default\">AQUAPARKLAR<\/h2>\t\t\t\t<\/div>\n\t\t\t\t<\/div>\n\t\t\t\t\t<\/div>\n\t\t\t\t<\/div>\n\t\t<div class=\"elementor-element elementor-element-666b4a63 e-flex e-con-boxed e-con e-parent\" data-id=\"666b4a63\" data-element_type=\"container\" data-e-type=\"container\" data-settings=\"{&quot;background_background&quot;:&quot;classic&quot;}\">\n\t\t\t\t\t<div class=\"e-con-inner\">\n\t\t<div class=\"elementor-element elementor-element-7eac3f9b e-con-full e-flex e-con e-child\" data-id=\"7eac3f9b\" data-element_type=\"container\" data-e-type=\"container\" data-settings=\"{&quot;background_background&quot;:&quot;classic&quot;}\">\n\t\t<div class=\"elementor-element elementor-element-2b66c61 e-con-full e-flex e-con e-child\" data-id=\"2b66c61\" data-element_type=\"container\" data-e-type=\"container\" data-settings=\"{&quot;background_background&quot;:&quot;classic&quot;}\">\n\t\t<div class=\"elementor-element elementor-element-38c29af e-con-full e-flex e-con e-child\" data-id=\"38c29af\" data-element_type=\"container\" data-e-type=\"container\">\n\t\t\t\t<div class=\"elementor-element elementor-element-c9b2270 elementor-widget elementor-widget-heading\" data-id=\"c9b2270\" data-element_type=\"widget\" data-e-type=\"widget\" data-widget_type=\"heading.default\">\n\t\t\t\t<div class=\"elementor-widget-container\">\n\t\t\t\t\t<h2 class=\"elementor-heading-title elementor-size-default\">Kayd\u0131rak Havuzlar\u0131<\/h2>\t\t\t\t<\/div>\n\t\t\t\t<\/div>\n\t\t\t\t<div class=\"elementor-element elementor-element-8b2df7e elementor-widget elementor-widget-text-editor\" data-id=\"8b2df7e\" data-element_type=\"widget\" data-e-type=\"widget\" data-widget_type=\"text-editor.default\">\n\t\t\t\t<div class=\"elementor-widget-container\">\n\t\t\t\t\t\t\t\t\t<p style=\"text-align: justify;\">Su kayd\u0131ra\u011f\u0131 e\u011flence parklar\u0131nda kullan\u0131lan bir kayd\u0131rak t\u00fcr\u00fcd\u00fcr. Kayma y\u00f6ntemi ve b\u00fcy\u00fckl\u00fck a\u00e7\u0131s\u0131ndan farkl\u0131l\u0131k g\u00f6stermektedir. Suyu bir pompa yard\u0131m\u0131yla kayd\u0131ra\u011f\u0131n en \u00fcst k\u0131sm\u0131na ula\u015ft\u0131rma ve onun buradan y\u00fczeye do\u011fru serbest bi\u00e7imde d\u00fc\u015fmesi ilkesine dayanmaktad\u0131r. Suyun s\u00fcrt\u00fcnmeyi azaltmas\u0131 kayd\u0131rak \u00fczerindeki a\u015fa\u011f\u0131 y\u00f6nl\u00fc devinimi h\u0131zland\u0131rmaktad\u0131r. Su kayd\u0131ra\u011f\u0131 genellikle bir havuzda sonlanmaktad\u0131r. G\u00fcn\u00fcm\u00fczde k\u00fc\u00e7\u00fck pansiyonlardan b\u00fcy\u00fck tatil k\u00f6ylerine kadar her turistik tesisin vazge\u00e7ilmez bir par\u00e7as\u0131 haline gelen su kayd\u0131raklar\u0131, m\u00fc\u015fteriler taraf\u0131ndan da yo\u011fun ilgi ve talep g\u00f6rmektedir. Kayd\u0131raklar\u0131n projelendirilmesi ve imalat\u0131 s\u0131ras\u0131nda b\u00fct\u00fcn standartlar\u0131 dikkate alarak haz\u0131rlanan projelerde g\u00fcvenlik ve m\u00fc\u015fteri memnuniyeti, firmam\u0131z i\u00e7in en \u00f6nemli hususlar aras\u0131nda yer almaktad\u0131r.<\/p>\t\t\t\t\t\t\t\t<\/div>\n\t\t\t\t<\/div>\n\t\t\t\t<div class=\"elementor-element elementor-element-2c79b28 elementor-widget__width-inherit elementor-widget elementor-widget-sina_content_slider\" data-id=\"2c79b28\" data-element_type=\"widget\" data-e-type=\"widget\" data-widget_type=\"sina_content_slider.default\">\n\t\t\t\t<div class=\"elementor-widget-container\">\n\t\t\t\t\t\t\t<div class=\"sina-content-slider owl-carousel\"\r\n\t\tdata-item-lg=\"3\"\r\n\t\tdata-item-md=\"2\"\r\n\t\tdata-item-sm=\"1\"\r\n\t\tdata-autoplay=\"yes\"\r\n\t\tdata-pause=\"yes\"\r\n\t\tdata-center=\"\"\r\n\t\tdata-slide-anim=\"\"\r\n\t\tdata-slide-anim-out=\"\"\r\n\t\tdata-nav=\"yes\"\r\n\t\tdata-dots=\"yes\"\r\n\t\tdata-mouse-drag=\"yes\"\r\n\t\tdata-touch-drag=\"yes\"\r\n\t\tdata-loop=\"yes\"\r\n\t\tdata-speed=\"500\"\r\n\t\tdata-delay=\"5000\">\r\n\r\n\t\t\t\t\t\t\t<div class=\"sina-cs-item elementor-repeater-item-7bcc11a\">\r\n\t\t\t\t\t\t\t\t\t\t\t\r\n\t\t\t\t\t\t\r\n\t\t\t\t\t\t\t\t\t\t\t\t\t\t\t<\/div>\r\n\t\t\t\t\t\t\t<div class=\"sina-cs-item elementor-repeater-item-8c991b0\">\r\n\t\t\t\t\t\t\t\t\t\t\t\r\n\t\t\t\t\t\t\r\n\t\t\t\t\t\t\t\t\t\t\t\t\t<div class=\"sina-cs-desc\">Lorem ipsum dolor sit amet, <\/div>\t\t\t\t\t\t\t\t\t\t\t\t\t\t\t<\/div>\r\n\t\t\t\t\t\t\t<div class=\"sina-cs-item elementor-repeater-item-091abbf\">\r\n\t\t\t\t\t\t\t\t\t\t\t\r\n\t\t\t\t\t\t\r\n\t\t\t\t\t\t\t\t\t\t\t\t\t\t\t<\/div>\r\n\t\t\t\r\n\t\t<\/div><!-- .sina-content-slider -->\r\n\t\t\t\t\t\t<\/div>\n\t\t\t\t<\/div>\n\t\t\t\t<div class=\"elementor-element elementor-element-68df759 elementor-widget elementor-widget-text-editor\" data-id=\"68df759\" data-element_type=\"widget\" data-e-type=\"widget\" data-widget_type=\"text-editor.default\">\n\t\t\t\t<div class=\"elementor-widget-container\">\n\t\t\t\t\t\t\t\t\t<h4 style=\"text-align: center;\">Aquapark Yap\u0131m\u0131 Esaslar\u0131 ve \u00d6nemli Noktalar\u0131<\/h4><p>Aquapark bir\u00e7ok insan\u0131n hayranl\u0131kla bakt\u0131\u011f\u0131 e\u011flendi\u011fi ve olduk\u00e7a dikkat \u00e7ekebilecek bir b\u00fcy\u00fckl\u00fckte olan su park\u0131 olarak bilinmektedir. Havuzda ge\u00e7irilen vakti daha e\u011flenceli hale getirilerek farkl\u0131 ara\u00e7lar\u0131n kullan\u0131lmas\u0131n\u0131 sa\u011flamaktad\u0131r. D\u00fcnyada bak\u0131ld\u0131\u011f\u0131 takdirde son y\u0131llarda b\u00fcy\u00fck havuzlar\u0131n hepsinde Bu sistemin kuruldu\u011fu g\u00f6r\u00fclmektedir. Art\u0131k ki\u015filer\u00a0<strong>aquapark yap\u0131m\u0131<\/strong>\u00a0konusu ile ilgili s\u00fcrekli ara\u015ft\u0131rmalar yapmaktad\u0131r.<\/p><p>Bunun sebebi kalitenin y\u00fckselmesi, ayn\u0131 zamanda insanlar\u0131n daha fazla e\u011flenmesi olmaktad\u0131r. Bu projelerle bak\u0131ld\u0131\u011f\u0131 takdirde talep \u00fczerine ger\u00e7ekle\u015ftirilmektedir. \u00d6zellikle yaz d\u00f6nemlerinde fazlas\u0131yla yo\u011fun talep g\u00f6rd\u00fc\u011f\u00fc g\u00f6r\u00fclmektedir. Ki\u015finin adresini seviyesini y\u00fckselterek t\u00fcm g\u00fcvenlik \u00f6nlemlerinin al\u0131nmas\u0131n\u0131 sa\u011flamaktad\u0131r.<\/p><p>Yap\u0131m s\u0131ras\u0131nda bir\u00e7ok testten ge\u00e7erek olumsuz olabilecek her t\u00fcrl\u00fc etkiyi yok etmektedir. Bu tasar\u0131mlar renkli ve de\u011fi\u015fik \u015fekilde yap\u0131labilmektedir. Genellikle\u00a0<strong>aquapark yap\u0131m\u0131 fiyatlar\u0131<\/strong>\u00a0insanlar\u0131n b\u00fct\u00e7esini zorlamadan h\u0131zl\u0131 ve pratik \u015fekilde yap\u0131lmaktad\u0131r. Su kayd\u0131raklar\u0131 veya t\u00fcp gezintileri gibi bir\u00e7ok unsura yer verilmektedir.<\/p><h4 style=\"text-align: center;\">Aquapark \u0130n\u015faat\u0131 Nas\u0131l Yap\u0131l\u0131r?<\/h4><p>Bu in\u015faat\u0131n yap\u0131l\u0131\u015f a\u015famalar\u0131na bak\u0131ld\u0131\u011f\u0131 takdirde planlamalar ve de\u011ferlendirmeleri ile birlikte ger\u00e7ekle\u015fti\u011fi bilinmektedir. Bu konuda tesisin b\u00fcy\u00fckl\u00fc\u011f\u00fc ya da olanaklar \u00e7ok \u00f6nemli bir yere sahip olmaktad\u0131r. \u00c7al\u0131\u015fmalar yakla\u015f\u0131k 6 aya kadar s\u00fcrebilmektedir. Burada kullan\u0131lacak olan ekipman say\u0131s\u0131n\u0131n \u00e7ok b\u00fcy\u00fck \u00f6nemi bulunmaktad\u0131r.<\/p><p>Bu konuda en fazla talep olan\u00a0<strong>antalya aquapark yap\u0131m\u0131<\/strong>\u00a0sorusu kullan\u0131c\u0131lar\u0131n en \u00e7ok s\u0131cak iklim b\u00f6lgelerinde aquapark ihtiyac\u0131n\u0131n oldu\u011funu g\u00f6stermektedir. Bu planlamalarda elektrik tesisat\u0131n\u0131 ve s\u0131hhi tesisat\u0131n \u00e7ok b\u00fcy\u00fck \u00f6nemi bulunmaktad\u0131r.<\/p><p>Tasar\u0131m ve bak\u0131m a\u015famalar\u0131nda \u00e7ok hassas davran\u0131lmaktad\u0131r. B\u00f6ylece projeler isabetli bir \u015fekilde sonu\u00e7lanmaktad\u0131r. Profesyonellik her zaman en \u00fcst noktada tutulmaktad\u0131r.<\/p><h4 style=\"text-align: center;\">Aquapark Sistemlerinin \u0130\u00e7eri\u011fi Nelerdir?<\/h4><p>Sistemler derinlemesine incelendi\u011fi takdirde istenilen b\u00fcy\u00fckl\u00fckte ve geni\u015flikteki havuzlar kullan\u0131lmaktad\u0131r. \u00c7ocuk ya da yeti\u015fkin havuzlar\u0131 ayr\u0131 ayr\u0131 standartlanabilmektedir. Kayd\u0131rak konusunda son derece yarat\u0131c\u0131 davran\u0131lmaktad\u0131r. Bunun sebebi bu \u00e7ok fazla ve fonksiyonlu olmas\u0131 gereken bir s\u00fcre\u00e7 olmazsa olmaktad\u0131r. Burada bulunan kayd\u0131rak sistemlerinin kurumlar\u0131 olduk\u00e7a kolay ve a\u011f\u0131rl\u0131klar\u0131 olduk\u00e7a hafif olmaktad\u0131r.<\/p><p>Ekipmanlar aras\u0131nda kayd\u0131raklar, dalga havuzlar\u0131 ve beton plakalar bulunmaktad\u0131r. Bu plakalar\u00a0<strong>aquapark havuz yap\u0131m\u0131<\/strong>\u00a0s\u00fcrecinde her t\u00fcrl\u00fc a\u011f\u0131rl\u0131\u011fa dayanabilecek \u015fekilde olmaktad\u0131r. Havuzlar isterse kapal\u0131 istenirse a\u00e7\u0131k \u015fekilde yap\u0131labilmektedir. Bu tamamen ki\u015finin tarz\u0131na ve iste\u011fine g\u00f6re de\u011fi\u015fmektedir.<\/p><h4 style=\"text-align: center;\">Aquapark \u0130\u00e7in Nelere Dikkat Edilmeli?<\/h4><p>Ba\u015fl\u0131 ba\u015f\u0131na bir sorumluluk oldu\u011fu bilinmektedir. Bunun d\u0131\u015f\u0131nda dayan\u0131kl\u0131 ve olduk\u00e7a sa\u011fl\u0131\u011fa uygun olabilecek \u00f6l\u00e7\u00fclerde yap\u0131lmas\u0131 gerekmektedir. Kullan\u0131lan t\u00fcm malzemeler sa\u011fl\u0131k a\u00e7\u0131s\u0131ndan herhangi bir risk yaratmamaktad\u0131r.<\/p><p>Uzun \u00f6m\u00fcrl\u00fc kullan\u0131lmas\u0131 i\u00e7in kaliteli malzemelerden yap\u0131lmas\u0131 gerekmektedir. Mevsimlik ya da uzun s\u00fcreli kullan\u0131labilecek \u015fekilde tasarlanmaktad\u0131r.<\/p><p>Kapal\u0131 ya da a\u00e7\u0131k olabilecek tasar\u0131m s\u00fcre\u00e7leri m\u00fcmk\u00fcn olmaktad\u0131r. Bak\u0131m\u0131 ya da tamirinin erken \u015fekilde yap\u0131lmas\u0131 gerekmektedir. Maliyet tutarlar\u0131na bak\u0131ld\u0131\u011f\u0131 takdirde maliyetleri genellikle projelerin b\u00fcy\u00fckl\u00fc\u011f\u00fcne g\u00f6re de\u011fi\u015fmektedir.<\/p><p>Ki\u015filerin iste\u011fi \u00fczerine bir\u00e7ok farkl\u0131 tasar\u0131m\u0131 g\u00fcndeme getirmektedir. Su ak\u0131\u015f\u0131n\u0131n tasarlanmas\u0131, kayd\u0131ra\u011f\u0131n nas\u0131l yerle\u015fmesi gerekti\u011fine ya da su yal\u0131t\u0131m \u00f6nlemleri nas\u0131l yap\u0131l\u0131r tarz\u0131 sonu\u00e7 odakl\u0131 olaylara de\u011finilmektedir. Basit ve belli ba\u015fl\u0131 ad\u0131mlardan meydana gelmektedir.<\/p><p>Uygun fiyat ve sertifikal\u0131 \u00fcr\u00fcnler m\u00fc\u015fteri memnuniyeti a\u00e7\u0131s\u0131ndan olduk\u00e7a \u00f6nemlidir. Yurt d\u0131\u015f\u0131ndan ithal edilen \u00fcr\u00fcnlerin yan\u0131 s\u0131ra yurti\u00e7i \u00fcr\u00fcnlerde olduk\u00e7a yayg\u0131n kullan\u0131lmaktad\u0131r.<\/p>\t\t\t\t\t\t\t\t<\/div>\n\t\t\t\t<\/div>\n\t\t\t\t<\/div>\n\t\t\t\t<\/div>\n\t\t\t\t<div class=\"elementor-element elementor-element-53c0dd2 elementor-widget elementor-widget-sina_dynamic_button\" data-id=\"53c0dd2\" data-element_type=\"widget\" data-e-type=\"widget\" data-widget_type=\"sina_dynamic_button.default\">\n\t\t\t\t<div class=\"elementor-widget-container\">\n\t\t\t\t\t\t\t<div class=\"sina-dynamic-button\">\r\n\t\t\t<a  class=\"sina-dynamic-btn   \" href=\"https:\/\/poolkim.com\/?page_id=411\"\r\n\t\t\t\t\t\t\t\t\t\t\t\t>\r\n\t\t\t\t\t\t\tDETAYLI B\u0130LG\u0130 \u0130\u00c7\u0130N B\u0130Z\u0130MLE \u0130LET\u0130\u015e\u0130ME GE\u00c7\u0130N\t\t\t\t\t<\/a>\r\n\t\t<\/div><!-- .sina-dynamic-button -->\r\n\t\t\t\t\t\t<\/div>\n\t\t\t\t<\/div>\n\t\t\t\t<\/div>\n\t\t\t\t\t<\/div>\n\t\t\t\t<\/div>\n\t\t<div class=\"elementor-element elementor-element-b622ff6 e-flex e-con-boxed e-con e-parent\" data-id=\"b622ff6\" data-element_type=\"container\" data-e-type=\"container\" data-settings=\"{&quot;background_background&quot;:&quot;classic&quot;,&quot;shape_divider_bottom&quot;:&quot;mountains&quot;}\">\n\t\t\t\t\t<div class=\"e-con-inner\">\n\t\t\t\t<div class=\"elementor-shape elementor-shape-bottom\" aria-hidden=\"true\" data-negative=\"false\">\n\t\t\t<svg xmlns=\"http:\/\/www.w3.org\/2000\/svg\" viewBox=\"0 0 1000 100\" preserveAspectRatio=\"none\">\n\t<path class=\"elementor-shape-fill\" opacity=\"0.33\" d=\"M473,67.3c-203.9,88.3-263.1-34-320.3,0C66,119.1,0,59.7,0,59.7V0h1000v59.7 c0,0-62.1,26.1-94.9,29.3c-32.8,3.3-62.8-12.3-75.8-22.1C806,49.6,745.3,8.7,694.9,4.7S492.4,59,473,67.3z\"\/>\n\t<path class=\"elementor-shape-fill\" opacity=\"0.66\" d=\"M734,67.3c-45.5,0-77.2-23.2-129.1-39.1c-28.6-8.7-150.3-10.1-254,39.1 s-91.7-34.4-149.2,0C115.7,118.3,0,39.8,0,39.8V0h1000v36.5c0,0-28.2-18.5-92.1-18.5C810.2,18.1,775.7,67.3,734,67.3z\"\/>\n\t<path class=\"elementor-shape-fill\" d=\"M766.1,28.9c-200-57.5-266,65.5-395.1,19.5C242,1.8,242,5.4,184.8,20.6C128,35.8,132.3,44.9,89.9,52.5C28.6,63.7,0,0,0,0 h1000c0,0-9.9,40.9-83.6,48.1S829.6,47,766.1,28.9z\"\/>\n<\/svg>\t\t<\/div>\n\t\t<div class=\"elementor-element elementor-element-72092c2 e-con-full e-flex e-con e-child\" data-id=\"72092c2\" data-element_type=\"container\" data-e-type=\"container\">\n\t\t\t\t<div class=\"elementor-element elementor-element-5550492 elementor-widget__width-initial elementor-widget elementor-widget-heading\" data-id=\"5550492\" data-element_type=\"widget\" data-e-type=\"widget\" data-widget_type=\"heading.default\">\n\t\t\t\t<div class=\"elementor-widget-container\">\n\t\t\t\t\t<h2 class=\"elementor-heading-title elementor-size-default\">Diledi\u011finiz zaman destek i\u00e7in bizimle ileti\u015fime ge\u00e7ebilirsiniz!<\/h2>\t\t\t\t<\/div>\n\t\t\t\t<\/div>\n\t\t\t\t<\/div>\n\t\t\t\t\t<\/div>\n\t\t\t\t<\/div>\n\t\t\t\t<\/div>\n\t\t","protected":false},"excerpt":{"rendered":"<p>AQUAPARKLAR Kayd\u0131rak Havuzlar\u0131 Su kayd\u0131ra\u011f\u0131 e\u011flence parklar\u0131nda kullan\u0131lan bir kayd\u0131rak t\u00fcr\u00fcd\u00fcr. Kayma y\u00f6ntemi ve b\u00fcy\u00fckl\u00fck a\u00e7\u0131s\u0131ndan farkl\u0131l\u0131k g\u00f6stermektedir. Suyu bir pompa yard\u0131m\u0131yla kayd\u0131ra\u011f\u0131n en \u00fcst k\u0131sm\u0131na ula\u015ft\u0131rma ve onun buradan y\u00fczeye do\u011fru serbest bi\u00e7imde d\u00fc\u015fmesi ilkesine dayanmaktad\u0131r. Suyun s\u00fcrt\u00fcnmeyi azaltmas\u0131 kayd\u0131rak \u00fczerindeki a\u015fa\u011f\u0131 y\u00f6nl\u00fc devinimi h\u0131zland\u0131rmaktad\u0131r. Su kayd\u0131ra\u011f\u0131 genellikle bir havuzda sonlanmaktad\u0131r. G\u00fcn\u00fcm\u00fczde k\u00fc\u00e7\u00fck pansiyonlardan&#8230;<\/p>\n","protected":false},"author":1,"featured_media":0,"parent":0,"menu_order":0,"comment_status":"closed","ping_status":"closed","template":"","meta":{"_kad_post_transparent":"","_kad_post_title":"hide","_kad_post_layout":"fullwidth","_kad_post_sidebar_id":"","_kad_post_content_style":"unboxed","_kad_post_vertical_padding":"hide","_kad_post_feature":"hide","_kad_post_feature_position":"","_kad_post_header":false,"_kad_post_footer":false,"_kad_post_classname":"","footnotes":""},"class_list":["post-1258","page","type-page","status-publish","hentry"],"_links":{"self":[{"href":"https:\/\/poolkim.com\/index.php?rest_route=\/wp\/v2\/pages\/1258","targetHints":{"allow":["GET"]}}],"collection":[{"href":"https:\/\/poolkim.com\/index.php?rest_route=\/wp\/v2\/pages"}],"about":[{"href":"https:\/\/poolkim.com\/index.php?rest_route=\/wp\/v2\/types\/page"}],"author":[{"embeddable":true,"href":"https:\/\/poolkim.com\/index.php?rest_route=\/wp\/v2\/users\/1"}],"replies":[{"embeddable":true,"href":"https:\/\/poolkim.com\/index.php?rest_route=%2Fwp%2Fv2%2Fcomments&post=1258"}],"version-history":[{"count":16,"href":"https:\/\/poolkim.com\/index.php?rest_route=\/wp\/v2\/pages\/1258\/revisions"}],"predecessor-version":[{"id":1452,"href":"https:\/\/poolkim.com\/index.php?rest_route=\/wp\/v2\/pages\/1258\/revisions\/1452"}],"wp:attachment":[{"href":"https:\/\/poolkim.com\/index.php?rest_route=%2Fwp%2Fv2%2Fmedia&parent=1258"}],"curies":[{"name":"wp","href":"https:\/\/api.w.org\/{rel}","templated":true}]}}