{"id":1369,"date":"2025-03-18T14:04:23","date_gmt":"2025-03-18T14:04:23","guid":{"rendered":"http:\/\/poolkim.com\/?page_id=1369"},"modified":"2025-03-19T15:24:57","modified_gmt":"2025-03-19T15:24:57","slug":"sauna-yapimi","status":"publish","type":"page","link":"https:\/\/poolkim.com\/?page_id=1369","title":{"rendered":"Sauna Yap\u0131m\u0131"},"content":{"rendered":"\t\t<div data-elementor-type=\"wp-page\" data-elementor-id=\"1369\" class=\"elementor elementor-1369\">\n\t\t\t\t<div class=\"elementor-element elementor-element-bbfe5da e-flex e-con-boxed e-con e-parent\" data-id=\"bbfe5da\" data-element_type=\"container\" data-e-type=\"container\" data-settings=\"{&quot;background_background&quot;:&quot;slideshow&quot;,&quot;background_slideshow_gallery&quot;:[{&quot;id&quot;:1391,&quot;url&quot;:&quot;https:\\\/\\\/poolkim.com\\\/wp-content\\\/uploads\\\/2025\\\/03\\\/Sauna-2.jpg&quot;}],&quot;background_slideshow_ken_burns&quot;:&quot;yes&quot;,&quot;background_slideshow_loop&quot;:&quot;yes&quot;,&quot;background_slideshow_slide_duration&quot;:5000,&quot;background_slideshow_slide_transition&quot;:&quot;fade&quot;,&quot;background_slideshow_transition_duration&quot;:500,&quot;background_slideshow_ken_burns_zoom_direction&quot;:&quot;in&quot;}\">\n\t\t\t\t\t<div class=\"e-con-inner\">\n\t\t\t\t<div class=\"elementor-element elementor-element-dac7c01 elementor-widget elementor-widget-heading\" data-id=\"dac7c01\" data-element_type=\"widget\" data-e-type=\"widget\" data-widget_type=\"heading.default\">\n\t\t\t\t<div class=\"elementor-widget-container\">\n\t\t\t\t\t<h2 class=\"elementor-heading-title elementor-size-default\">Sauna Yap\u0131m\u0131<\/h2>\t\t\t\t<\/div>\n\t\t\t\t<\/div>\n\t\t\t\t\t<\/div>\n\t\t\t\t<\/div>\n\t\t<div class=\"elementor-element elementor-element-666b4a63 e-flex e-con-boxed e-con e-parent\" data-id=\"666b4a63\" data-element_type=\"container\" data-e-type=\"container\" data-settings=\"{&quot;background_background&quot;:&quot;classic&quot;}\">\n\t\t\t\t\t<div class=\"e-con-inner\">\n\t\t<div class=\"elementor-element elementor-element-7eac3f9b e-con-full e-flex e-con e-child\" data-id=\"7eac3f9b\" data-element_type=\"container\" data-e-type=\"container\" data-settings=\"{&quot;background_background&quot;:&quot;classic&quot;}\">\n\t\t<div class=\"elementor-element elementor-element-2b66c61 e-con-full e-flex e-con e-child\" data-id=\"2b66c61\" data-element_type=\"container\" data-e-type=\"container\" data-settings=\"{&quot;background_background&quot;:&quot;classic&quot;}\">\n\t\t<div class=\"elementor-element elementor-element-38c29af e-con-full e-flex e-con e-child\" data-id=\"38c29af\" data-element_type=\"container\" data-e-type=\"container\">\n\t\t\t\t<div class=\"elementor-element elementor-element-c9b2270 elementor-widget elementor-widget-heading\" data-id=\"c9b2270\" data-element_type=\"widget\" data-e-type=\"widget\" data-widget_type=\"heading.default\">\n\t\t\t\t<div class=\"elementor-widget-container\">\n\t\t\t\t\t<h2 class=\"elementor-heading-title elementor-size-default\">Sauna - Fin Hamam\u0131<\/h2>\t\t\t\t<\/div>\n\t\t\t\t<\/div>\n\t\t\t\t<div class=\"elementor-element elementor-element-8b2df7e elementor-widget elementor-widget-text-editor\" data-id=\"8b2df7e\" data-element_type=\"widget\" data-e-type=\"widget\" data-widget_type=\"text-editor.default\">\n\t\t\t\t<div class=\"elementor-widget-container\">\n\t\t\t\t\t\t\t\t\t<p>S\u0131cak mek\u00e2nlar\u0131n vazge\u00e7ilmezlerinden biri saunad\u0131r. K\u00f6keni, 2000 y\u0131ldan beri bir hayat bi\u00e7imi olan Finlandiya\u2019dan d\u00fcnyaya yay\u0131lan sauna, y\u00fcksek s\u0131cakl\u0131k, d\u00fc\u015f\u00fck nem oran\u0131 ilkesine dayanan bir banyo t\u00fcr\u00fcd\u00fcr.<\/p><p>Bug\u00fcn bildi\u011fimiz sauna, \u0131s\u0131t\u0131lm\u0131\u015f kayalar ve duman\u0131 d\u0131\u015far\u0131 atmak i\u00e7in bir baca ile ilk olarak 19. y\u00fczy\u0131l\u0131n ba\u015flar\u0131nda Finlandiya\u2019da ortaya \u00e7\u0131kt\u0131. Geleneksel olarak sauna, Finliler taraf\u0131ndan hem pratik hem de t\u00f6rensel ama\u00e7lar i\u00e7in kullan\u0131l\u0131yordu, \u00e7\u00fcnk\u00fc temizlik, \u015fifa, do\u011fum ve hatta i\u015f yapmak i\u00e7in bir yer olarak kullan\u0131l\u0131yordu. Sauna gelene\u011fi ve k\u00fclt\u00fcr\u00fc bug\u00fcn Fin toplumunda hala derin bir \u015fekilde k\u00f6k salm\u0131\u015ft\u0131r ve d\u00fcnyada ki\u015fi ba\u015f\u0131na en fazla saunaya sahip olan Finlandiya\u2019da 3 milyondan fazla sauna oldu\u011fu tahmin edilmektedir. Binlerce y\u0131ll\u0131k bir k\u00fclt\u00fcr\u00fc ta\u015f\u0131yan sauna, Fin halk\u0131 i\u00e7in kiliseden sonraki en kutsal mek\u00e2nd\u0131r. \u0130lk halk saunas\u0131 1936 Berlin olimpiyatlar\u0131nda Fin sporcular\u0131n tepkisi \u00fczerine olimpiyat k\u00f6y\u00fcne acil olarak in\u015fa edilmi\u015ftir. Di\u011fer \u00fclkelerden gelen sporcular\u0131n ilk defa Berlin\u2019de kulland\u0131klar\u0131 bu sauna, k\u00fclt\u00fcr\u00fcn d\u00fcnyaya yay\u0131lmas\u0131nda \u00f6nemli olmu\u015ftur.<\/p><p>Sa\u011fl\u0131k problemleri konusunda \u00f6nemli \u00f6l\u00e7\u00fcde tedavi edici \u00f6zelli\u011fi olan sauna banyosu toksik maddelerin v\u00fccuttan uzakla\u015ft\u0131r\u0131lmas\u0131n\u0131n yan\u0131nda solunum yolu rahats\u0131zl\u0131klar\u0131, cilt sorunlar\u0131 gibi bir\u00e7ok rahats\u0131zl\u0131kta uygulanabilir. Saunada s\u0131cakl\u0131k kullan\u0131c\u0131n\u0131n tercihine g\u00f6re 60\u00b0C -130\u00b0C aras\u0131nda de\u011fi\u015febilmektedir. \u00d6nerilen kullan\u0131m s\u00fcresi 10-15 dakikad\u0131r.<\/p>\t\t\t\t\t\t\t\t<\/div>\n\t\t\t\t<\/div>\n\t\t\t\t<div class=\"elementor-element elementor-element-2c79b28 elementor-widget__width-inherit elementor-widget elementor-widget-sina_content_slider\" data-id=\"2c79b28\" data-element_type=\"widget\" data-e-type=\"widget\" data-widget_type=\"sina_content_slider.default\">\n\t\t\t\t<div class=\"elementor-widget-container\">\n\t\t\t\t\t\t\t<div class=\"sina-content-slider owl-carousel\"\r\n\t\tdata-item-lg=\"3\"\r\n\t\tdata-item-md=\"2\"\r\n\t\tdata-item-sm=\"1\"\r\n\t\tdata-autoplay=\"yes\"\r\n\t\tdata-pause=\"yes\"\r\n\t\tdata-center=\"\"\r\n\t\tdata-slide-anim=\"\"\r\n\t\tdata-slide-anim-out=\"\"\r\n\t\tdata-nav=\"yes\"\r\n\t\tdata-dots=\"yes\"\r\n\t\tdata-mouse-drag=\"yes\"\r\n\t\tdata-touch-drag=\"yes\"\r\n\t\tdata-loop=\"yes\"\r\n\t\tdata-speed=\"500\"\r\n\t\tdata-delay=\"5000\">\r\n\r\n\t\t\t\t\t\t\t<div class=\"sina-cs-item elementor-repeater-item-7bcc11a\">\r\n\t\t\t\t\t\t\t\t\t\t\t\r\n\t\t\t\t\t\t\r\n\t\t\t\t\t\t\t\t\t\t\t\t\t\t\t<\/div>\r\n\t\t\t\t\t\t\t<div class=\"sina-cs-item elementor-repeater-item-8c991b0\">\r\n\t\t\t\t\t\t\t\t\t\t\t\r\n\t\t\t\t\t\t\r\n\t\t\t\t\t\t\t\t\t\t\t\t\t<div class=\"sina-cs-desc\">Lorem ipsum dolor sit amet, <\/div>\t\t\t\t\t\t\t\t\t\t\t\t\t\t\t<\/div>\r\n\t\t\t\t\t\t\t<div class=\"sina-cs-item elementor-repeater-item-091abbf\">\r\n\t\t\t\t\t\t\t\t\t\t\t\r\n\t\t\t\t\t\t\r\n\t\t\t\t\t\t\t\t\t\t\t\t\t\t\t<\/div>\r\n\t\t\t\r\n\t\t<\/div><!-- .sina-content-slider -->\r\n\t\t\t\t\t\t<\/div>\n\t\t\t\t<\/div>\n\t\t\t\t<div class=\"elementor-element elementor-element-68df759 elementor-widget elementor-widget-text-editor\" data-id=\"68df759\" data-element_type=\"widget\" data-e-type=\"widget\" data-widget_type=\"text-editor.default\">\n\t\t\t\t<div class=\"elementor-widget-container\">\n\t\t\t\t\t\t\t\t\t<h4 style=\"text-align: left;\">Saunan\u0131n Yararlar\u0131 Nelerdir?<\/h4><p>Finlandiyal\u0131 bilim adamlar\u0131, haftada bir kez saunada terlemenin Alzheimer hastal\u0131\u011f\u0131n\u0131n %65\u2019ini \u00f6nledi\u011fini bulmu\u015flard\u0131r. Haftada 4 ila 6 kez sauna odas\u0131na giden ki\u015filerde kalp krizi riski daha d\u00fc\u015f\u00fckt\u00fcr. Ancak y\u00fcksek tansiyonu ve kalp rahats\u0131zl\u0131\u011f\u0131 olan ki\u015filer saunada 15 dakikadan fazla kalmamal\u0131d\u0131r. M\u00fcmk\u00fcnse ki\u015filer a\u00e7 karn\u0131na saunaya girmemelidir. Sauna yapmak, kan dola\u015f\u0131m\u0131n\u0131 uyararak v\u00fccudun sa\u011fl\u0131\u011f\u0131n\u0131 ve canl\u0131l\u0131\u011f\u0131n\u0131 art\u0131r\u0131r ve aerobik egzersize benzer \u015fekilde kilo vermeye yard\u0131mc\u0131 olur.<\/p><p>Saunada ge\u00e7irilen zaman \u00e7ok iyi e\u015fle\u015ftirilmelidir. Sauna \u00e7ok s\u0131cak bir ortam oldu\u011fu i\u00e7in insan sa\u011fl\u0131\u011f\u0131 a\u00e7\u0131s\u0131ndan hem avantajlar\u0131 hem de dezavantajlar\u0131 vard\u0131r. Sauna s\u0131cakl\u0131\u011f\u0131 70-80 derece aras\u0131nda oldu\u011fu zaman ba\u015f damarlar\u0131n\u0131 geni\u015fletir.<\/p><h4>Sauna \u0130malat\u0131<\/h4><p>G\u00fcn\u00fcm\u00fczde sauna evlerine sauna yapt\u0131rmak isteyen ki\u015filer sauna nas\u0131l yap\u0131l\u0131r sorusunu \u00e7ok s\u0131k sormaktad\u0131r. Saunalar isteyenler i\u00e7in evlere \u00f6zel olarak imal edilir. Evlerinizde sauna olmas\u0131n\u0131 isteyen ki\u015filer e\u011fer uygun yerleri var ise kolayl\u0131kla sahip olabilmektedir. Bu anlamda sauna yap\u0131m\u0131 a\u015famalar\u0131 \u015fu \u015fekilde ger\u00e7ekle\u015fmektedir.<\/p><ul><li>\u0130lk olarak evlerde bulunan alanlar uygunluk bak\u0131m\u0131ndan de\u011ferlendirilmektedir. Sauna \u00f6l\u00e7\u00fcleri al\u0131n\u0131r. Daha sonra ise sauna modelleri bak\u0131l\u0131r ve iste\u011fe uygun model belirlenir.<\/li><li>Sauna tiplerine g\u00f6re belirleme yap\u0131ld\u0131ktan sonra ev tipi sauna yap\u0131m\u0131 i\u015flemine ba\u015flanmaktad\u0131r.<\/li><li>Ah\u015faplar\u0131n ve se\u00e7ilen di\u011fer \u00f6zelliklerin monte edilmesi, sauna yap\u0131m\u0131nda kullan\u0131lan malzemelerin tamamlanmas\u0131 i\u015flemi yap\u0131l\u0131r. Bu i\u015flem ayn\u0131 zamanda dekorasyon k\u0131sm\u0131n\u0131 da i\u00e7ermektedir.<\/li><li>Daha sonra periyodik bak\u0131m hizmetlerinden kullan\u0131c\u0131lar ekstra hizmet alabilmektedir.<\/li><\/ul><h5><span style=\"color: var(--global-palette3); font-family: var(--global-heading-font-family); ; font-weight: bold;\">Sauna Yap\u0131m\u0131nda Aksesuarlar<\/span><\/h5><ul><li>Aksesuarlar saunalar i\u00e7in b\u00fcy\u00fck \u00f6nem ta\u015f\u0131maktad\u0131r. Sauna imalat\u0131nda yakla\u015f\u0131k olarak aksesuarlar\u0131n hepsi, kullan\u0131lmakla beraber t\u00fcketicilerin isteklerine g\u00f6re de imalat\u0131 ger\u00e7ekle\u015fmektedir. Aksesuarlar tek par\u00e7ad\u0131r. Aksesuarlar ve \u00f6zellikleri \u015funlard\u0131r.<\/li><li>Kova: Aksesuarlar aras\u0131nda kovalar su s\u0131z\u0131nt\u0131s\u0131n\u0131 \u00f6nlemede yard\u0131mc\u0131 olmaktad\u0131r. Ayn\u0131 zamanda suyun ta\u015f\u0131nmas\u0131 gerekti\u011fi zamanlarda da kolayl\u0131k sa\u011flamaktad\u0131r.<\/li><li>Kokular: Kokular ho\u015f bir g\u00f6r\u00fcn\u00fcm sa\u011flarken g\u00fczel bir koku yaymaktad\u0131r. Ayr\u0131ca ah\u015fap kokusunu da bast\u0131rarak ki\u015filerin rahatlamas\u0131n\u0131 sa\u011flamaktad\u0131r.<\/li><li>Saat: Sauna i\u00e7erisinde ne kadar s\u00fcre kal\u0131nd\u0131\u011f\u0131n\u0131 g\u00f6stermektedir. Ah\u015faptan yap\u0131lan kum saatleri y\u00fcksek s\u0131cakl\u0131ktaki saunalar i\u00e7in uygun olmakla beraber di\u011fer saatler uygun de\u011fildir.<\/li><li>Higrometre: Nem oran\u0131n\u0131 \u00f6l\u00e7mektedir.<\/li><li>Termometre: S\u0131cakl\u0131k oran\u0131n\u0131 \u00f6l\u00e7meye yard\u0131mc\u0131 olur.<\/li><li>I\u015f\u0131klar: Ki\u015filerin iste\u011fine g\u00f6re kullan\u0131lan dekor \u00fcr\u00fcn\u00fcd\u00fcr.<\/li><li>Havlu ask\u0131lar\u0131 ve sepetler: Saunada kullan\u0131lacak havlular\u0131n d\u00fczenli g\u00f6z\u00fckmesi i\u00e7in tercih edilir.<\/li><\/ul><h4>Sauna Yap\u0131m\u0131 Fiyatlar\u0131<\/h4><p>Sauna yap\u0131m fiyatlar\u0131 saunan\u0131n yap\u0131lacak olan alan\u0131n b\u00fcy\u00fckl\u00fc\u011f\u00fcne g\u00f6re ve i\u00e7erisinde kullan\u0131lacak malzemesine g\u00f6re de\u011fi\u015fkenlik g\u00f6stermektedir. Sauna i\u00e7erisinde farkl\u0131 ve \u00e7e\u015fitli aksesuarlar kullan\u0131lmaktad\u0131r. Mecbur kullan\u0131lacak \u00fcr\u00fcnlerin yan\u0131 s\u0131ra iste\u011fe ba\u011fl\u0131 kullan\u0131lacak pek \u00e7ok aksesuar da bulunur. \u00dcr\u00fcnlerin kalitesi, b\u00fcy\u00fckl\u00fc\u011f\u00fc, i\u015flevi gibi \u00e7e\u015fitli fakt\u00f6rler de ev sauna yap\u0131m\u0131 fiyatlar\u0131 i\u00e7in \u00e7e\u015fitlilik arz etmektedir.<\/p><p>Saunan\u0131n yap\u0131m\u0131nda kova, kep\u00e7e, termometre, \u0131s\u0131t\u0131c\u0131 gibi pek \u00e7ok \u00fcr\u00fcn kullan\u0131lmaktad\u0131r. Bu malzemeler i\u00e7in pek \u00e7ok ham madde ve model se\u00e7enekleri bulunmaktad\u0131r. Bu konuda detayl\u0131 bir inceleme sonras\u0131nda sauna yap\u0131m\u0131nda kullan\u0131lacak aksesuarlar karar verilmektedir.<\/p><p>Daha sonra ise saunan\u0131n fiyatlar\u0131 hakk\u0131nda detayl\u0131 bilgiler al\u0131nmaktad\u0131r. Bu konular\u0131n hepsi birlikte de\u011ferlendirilerek do\u011fru profesyonel firmalar tercih edilmelidir. M\u00fc\u015fteri memnuniyetini \u00f6n planda tutan kulland\u0131\u011f\u0131 ekipman ve cihazlarda sertifika sunabilen firmalar tercih edilerek riskler azalt\u0131lmal\u0131d\u0131r<\/p><div>\u00a0<\/div>\t\t\t\t\t\t\t\t<\/div>\n\t\t\t\t<\/div>\n\t\t\t\t<\/div>\n\t\t\t\t<\/div>\n\t\t\t\t<div class=\"elementor-element elementor-element-53c0dd2 elementor-widget elementor-widget-sina_dynamic_button\" data-id=\"53c0dd2\" data-element_type=\"widget\" data-e-type=\"widget\" data-widget_type=\"sina_dynamic_button.default\">\n\t\t\t\t<div class=\"elementor-widget-container\">\n\t\t\t\t\t\t\t<div class=\"sina-dynamic-button\">\r\n\t\t\t<a  class=\"sina-dynamic-btn   \" href=\"https:\/\/poolkim.com\/?page_id=411\"\r\n\t\t\t\t\t\t\t\t\t\t\t\t>\r\n\t\t\t\t\t\t\tDETAYLI B\u0130LG\u0130 \u0130\u00c7\u0130N B\u0130Z\u0130MLE \u0130LET\u0130\u015e\u0130ME GE\u00c7\u0130N\t\t\t\t\t<\/a>\r\n\t\t<\/div><!-- .sina-dynamic-button -->\r\n\t\t\t\t\t\t<\/div>\n\t\t\t\t<\/div>\n\t\t\t\t<\/div>\n\t\t\t\t\t<\/div>\n\t\t\t\t<\/div>\n\t\t<div class=\"elementor-element elementor-element-b622ff6 e-flex e-con-boxed e-con e-parent\" data-id=\"b622ff6\" data-element_type=\"container\" data-e-type=\"container\" data-settings=\"{&quot;background_background&quot;:&quot;classic&quot;,&quot;shape_divider_bottom&quot;:&quot;mountains&quot;}\">\n\t\t\t\t\t<div class=\"e-con-inner\">\n\t\t\t\t<div class=\"elementor-shape elementor-shape-bottom\" aria-hidden=\"true\" data-negative=\"false\">\n\t\t\t<svg xmlns=\"http:\/\/www.w3.org\/2000\/svg\" viewBox=\"0 0 1000 100\" preserveAspectRatio=\"none\">\n\t<path class=\"elementor-shape-fill\" opacity=\"0.33\" d=\"M473,67.3c-203.9,88.3-263.1-34-320.3,0C66,119.1,0,59.7,0,59.7V0h1000v59.7 c0,0-62.1,26.1-94.9,29.3c-32.8,3.3-62.8-12.3-75.8-22.1C806,49.6,745.3,8.7,694.9,4.7S492.4,59,473,67.3z\"\/>\n\t<path class=\"elementor-shape-fill\" opacity=\"0.66\" d=\"M734,67.3c-45.5,0-77.2-23.2-129.1-39.1c-28.6-8.7-150.3-10.1-254,39.1 s-91.7-34.4-149.2,0C115.7,118.3,0,39.8,0,39.8V0h1000v36.5c0,0-28.2-18.5-92.1-18.5C810.2,18.1,775.7,67.3,734,67.3z\"\/>\n\t<path class=\"elementor-shape-fill\" d=\"M766.1,28.9c-200-57.5-266,65.5-395.1,19.5C242,1.8,242,5.4,184.8,20.6C128,35.8,132.3,44.9,89.9,52.5C28.6,63.7,0,0,0,0 h1000c0,0-9.9,40.9-83.6,48.1S829.6,47,766.1,28.9z\"\/>\n<\/svg>\t\t<\/div>\n\t\t<div class=\"elementor-element elementor-element-72092c2 e-con-full e-flex e-con e-child\" data-id=\"72092c2\" data-element_type=\"container\" data-e-type=\"container\">\n\t\t\t\t<div class=\"elementor-element elementor-element-5550492 elementor-widget__width-initial elementor-widget elementor-widget-heading\" data-id=\"5550492\" data-element_type=\"widget\" data-e-type=\"widget\" data-widget_type=\"heading.default\">\n\t\t\t\t<div class=\"elementor-widget-container\">\n\t\t\t\t\t<h2 class=\"elementor-heading-title elementor-size-default\">Diledi\u011finiz zaman destek i\u00e7in bizimle ileti\u015fime ge\u00e7ebilirsiniz!<\/h2>\t\t\t\t<\/div>\n\t\t\t\t<\/div>\n\t\t\t\t<\/div>\n\t\t\t\t\t<\/div>\n\t\t\t\t<\/div>\n\t\t\t\t<\/div>\n\t\t","protected":false},"excerpt":{"rendered":"<p>Sauna Yap\u0131m\u0131 Sauna &#8211; Fin Hamam\u0131 S\u0131cak mek\u00e2nlar\u0131n vazge\u00e7ilmezlerinden biri saunad\u0131r. K\u00f6keni, 2000 y\u0131ldan beri bir hayat bi\u00e7imi olan Finlandiya\u2019dan d\u00fcnyaya yay\u0131lan sauna, y\u00fcksek s\u0131cakl\u0131k, d\u00fc\u015f\u00fck nem oran\u0131 ilkesine dayanan bir banyo t\u00fcr\u00fcd\u00fcr. Bug\u00fcn bildi\u011fimiz sauna, \u0131s\u0131t\u0131lm\u0131\u015f kayalar ve duman\u0131 d\u0131\u015far\u0131 atmak i\u00e7in bir baca ile ilk olarak 19. y\u00fczy\u0131l\u0131n ba\u015flar\u0131nda Finlandiya\u2019da ortaya \u00e7\u0131kt\u0131. Geleneksel&#8230;<\/p>\n","protected":false},"author":1,"featured_media":0,"parent":0,"menu_order":0,"comment_status":"closed","ping_status":"closed","template":"","meta":{"_kad_post_transparent":"","_kad_post_title":"hide","_kad_post_layout":"fullwidth","_kad_post_sidebar_id":"","_kad_post_content_style":"unboxed","_kad_post_vertical_padding":"hide","_kad_post_feature":"hide","_kad_post_feature_position":"","_kad_post_header":false,"_kad_post_footer":false,"_kad_post_classname":"","footnotes":""},"class_list":["post-1369","page","type-page","status-publish","hentry"],"_links":{"self":[{"href":"https:\/\/poolkim.com\/index.php?rest_route=\/wp\/v2\/pages\/1369","targetHints":{"allow":["GET"]}}],"collection":[{"href":"https:\/\/poolkim.com\/index.php?rest_route=\/wp\/v2\/pages"}],"about":[{"href":"https:\/\/poolkim.com\/index.php?rest_route=\/wp\/v2\/types\/page"}],"author":[{"embeddable":true,"href":"https:\/\/poolkim.com\/index.php?rest_route=\/wp\/v2\/users\/1"}],"replies":[{"embeddable":true,"href":"https:\/\/poolkim.com\/index.php?rest_route=%2Fwp%2Fv2%2Fcomments&post=1369"}],"version-history":[{"count":16,"href":"https:\/\/poolkim.com\/index.php?rest_route=\/wp\/v2\/pages\/1369\/revisions"}],"predecessor-version":[{"id":1437,"href":"https:\/\/poolkim.com\/index.php?rest_route=\/wp\/v2\/pages\/1369\/revisions\/1437"}],"wp:attachment":[{"href":"https:\/\/poolkim.com\/index.php?rest_route=%2Fwp%2Fv2%2Fmedia&parent=1369"}],"curies":[{"name":"wp","href":"https:\/\/api.w.org\/{rel}","templated":true}]}}