{"id":1400,"date":"2025-03-19T11:13:03","date_gmt":"2025-03-19T11:13:03","guid":{"rendered":"http:\/\/poolkim.com\/?page_id=1400"},"modified":"2025-03-19T15:29:57","modified_gmt":"2025-03-19T15:29:57","slug":"havuz-robotlari","status":"publish","type":"page","link":"https:\/\/poolkim.com\/?page_id=1400","title":{"rendered":"Havuz Robotlar\u0131"},"content":{"rendered":"\t\t<div data-elementor-type=\"wp-page\" data-elementor-id=\"1400\" class=\"elementor elementor-1400\">\n\t\t\t\t<div class=\"elementor-element elementor-element-bbfe5da e-flex e-con-boxed e-con e-parent\" data-id=\"bbfe5da\" data-element_type=\"container\" data-e-type=\"container\" data-settings=\"{&quot;background_background&quot;:&quot;slideshow&quot;,&quot;background_slideshow_gallery&quot;:[{&quot;id&quot;:1406,&quot;url&quot;:&quot;https:\\\/\\\/poolkim.com\\\/wp-content\\\/uploads\\\/2025\\\/03\\\/havuz_robotu.jpg&quot;},{&quot;id&quot;:1427,&quot;url&quot;:&quot;https:\\\/\\\/poolkim.com\\\/wp-content\\\/uploads\\\/2025\\\/03\\\/havuz_robotu-1.jpg&quot;}],&quot;background_slideshow_ken_burns&quot;:&quot;yes&quot;,&quot;background_slideshow_loop&quot;:&quot;yes&quot;,&quot;background_slideshow_slide_duration&quot;:5000,&quot;background_slideshow_slide_transition&quot;:&quot;fade&quot;,&quot;background_slideshow_transition_duration&quot;:500,&quot;background_slideshow_ken_burns_zoom_direction&quot;:&quot;in&quot;}\">\n\t\t\t\t\t<div class=\"e-con-inner\">\n\t\t\t\t<div class=\"elementor-element elementor-element-dac7c01 elementor-widget elementor-widget-heading\" data-id=\"dac7c01\" data-element_type=\"widget\" data-e-type=\"widget\" data-widget_type=\"heading.default\">\n\t\t\t\t<div class=\"elementor-widget-container\">\n\t\t\t\t\t<h2 class=\"elementor-heading-title elementor-size-default\">Havuz Robotlar\u0131<\/h2>\t\t\t\t<\/div>\n\t\t\t\t<\/div>\n\t\t\t\t\t<\/div>\n\t\t\t\t<\/div>\n\t\t<div class=\"elementor-element elementor-element-666b4a63 e-flex e-con-boxed e-con e-parent\" data-id=\"666b4a63\" data-element_type=\"container\" data-e-type=\"container\" data-settings=\"{&quot;background_background&quot;:&quot;classic&quot;}\">\n\t\t\t\t\t<div class=\"e-con-inner\">\n\t\t<div class=\"elementor-element elementor-element-7eac3f9b e-con-full e-flex e-con e-child\" data-id=\"7eac3f9b\" data-element_type=\"container\" data-e-type=\"container\" data-settings=\"{&quot;background_background&quot;:&quot;classic&quot;}\">\n\t\t<div class=\"elementor-element elementor-element-2b66c61 e-con-full e-flex e-con e-child\" data-id=\"2b66c61\" data-element_type=\"container\" data-e-type=\"container\" data-settings=\"{&quot;background_background&quot;:&quot;classic&quot;}\">\n\t\t<div class=\"elementor-element elementor-element-38c29af e-con-full e-flex e-con e-child\" data-id=\"38c29af\" data-element_type=\"container\" data-e-type=\"container\">\n\t\t\t\t<div class=\"elementor-element elementor-element-c9b2270 elementor-widget elementor-widget-heading\" data-id=\"c9b2270\" data-element_type=\"widget\" data-e-type=\"widget\" data-widget_type=\"heading.default\">\n\t\t\t\t<div class=\"elementor-widget-container\">\n\t\t\t\t\t<h2 class=\"elementor-heading-title elementor-size-default\">Havuz Robotu Nedir, Ne \u0130\u015fe Yarar?<\/h2>\t\t\t\t<\/div>\n\t\t\t\t<\/div>\n\t\t\t\t<div class=\"elementor-element elementor-element-8b2df7e elementor-widget elementor-widget-text-editor\" data-id=\"8b2df7e\" data-element_type=\"widget\" data-e-type=\"widget\" data-widget_type=\"text-editor.default\">\n\t\t\t\t<div class=\"elementor-widget-container\">\n\t\t\t\t\t\t\t\t\t<p>Havuz temizleme robotu, g\u00fcn\u00fcm\u00fczde neredeyse herkesin evinde kullanm\u0131\u015f oldu\u011fu robotik elektrikli s\u00fcp\u00fcrgelerle benzerlik g\u00f6sterir.<\/p><p>Havuz robotu, siz i\u015flerinizle me\u015fgulken ya da kendinize mola ay\u0131r\u0131p dinlenirken havuzun b\u00fct\u00fcn y\u00fczeylerini ba\u011f\u0131ms\u0131z bir \u015fekilde temizler. Havuz temizleme robotu i\u00e7in havuzunuzun dizayn\u0131, bi\u00e7imi ya da boyutu fark etmez, t\u00fcm alanda rahatl\u0131kla gezinebilir. \u0130ster merdivenlerde ister dar alanlarda isterse de derin veya s\u0131\u011f sularda bu cihaz \u00e7ok rahat bir \u015fekilde hareket edebilme \u00f6zelli\u011fine sahiptir.<\/p>\t\t\t\t\t\t\t\t<\/div>\n\t\t\t\t<\/div>\n\t\t\t\t<div class=\"elementor-element elementor-element-2c79b28 elementor-widget__width-inherit elementor-widget elementor-widget-sina_content_slider\" data-id=\"2c79b28\" data-element_type=\"widget\" data-e-type=\"widget\" data-widget_type=\"sina_content_slider.default\">\n\t\t\t\t<div class=\"elementor-widget-container\">\n\t\t\t\t\t\t\t<div class=\"sina-content-slider owl-carousel\"\r\n\t\tdata-item-lg=\"3\"\r\n\t\tdata-item-md=\"2\"\r\n\t\tdata-item-sm=\"1\"\r\n\t\tdata-autoplay=\"yes\"\r\n\t\tdata-pause=\"yes\"\r\n\t\tdata-center=\"\"\r\n\t\tdata-slide-anim=\"\"\r\n\t\tdata-slide-anim-out=\"\"\r\n\t\tdata-nav=\"yes\"\r\n\t\tdata-dots=\"yes\"\r\n\t\tdata-mouse-drag=\"yes\"\r\n\t\tdata-touch-drag=\"yes\"\r\n\t\tdata-loop=\"yes\"\r\n\t\tdata-speed=\"500\"\r\n\t\tdata-delay=\"5000\">\r\n\r\n\t\t\t\t\t\t\t<div class=\"sina-cs-item elementor-repeater-item-7bcc11a\">\r\n\t\t\t\t\t\t\t\t\t\t\t\r\n\t\t\t\t\t\t\r\n\t\t\t\t\t\t\t\t\t\t\t\t\t\t\t<\/div>\r\n\t\t\t\t\t\t\t<div class=\"sina-cs-item elementor-repeater-item-8c991b0\">\r\n\t\t\t\t\t\t\t\t\t\t\t\r\n\t\t\t\t\t\t\r\n\t\t\t\t\t\t\t\t\t\t\t\t\t<div class=\"sina-cs-desc\">Lorem ipsum dolor sit amet, <\/div>\t\t\t\t\t\t\t\t\t\t\t\t\t\t\t<\/div>\r\n\t\t\t\t\t\t\t<div class=\"sina-cs-item elementor-repeater-item-091abbf\">\r\n\t\t\t\t\t\t\t\t\t\t\t\r\n\t\t\t\t\t\t\r\n\t\t\t\t\t\t\t\t\t\t\t\t\t\t\t<\/div>\r\n\t\t\t\r\n\t\t<\/div><!-- .sina-content-slider -->\r\n\t\t\t\t\t\t<\/div>\n\t\t\t\t<\/div>\n\t\t\t\t<div class=\"elementor-element elementor-element-68df759 elementor-widget elementor-widget-text-editor\" data-id=\"68df759\" data-element_type=\"widget\" data-e-type=\"widget\" data-widget_type=\"text-editor.default\">\n\t\t\t\t<div class=\"elementor-widget-container\">\n\t\t\t\t\t\t\t\t\t<p>Havuz temizleyici robotlar, tam olarak ba\u011f\u0131ms\u0131z \u00e7al\u0131\u015fan cihazlard\u0131r. Dolay\u0131s\u0131yla havuz bile\u015fenlerine ya da filtreye ba\u011flanmalar\u0131na gerek kalmaz Havuz robotunu \u00e7al\u0131\u015ft\u0131rman\u0131z i\u00e7in yapman\u0131z gereken tek \u015fey havuzunuzun ebad\u0131n\u0131 ya da \u015feklini programlamakt\u0131r. Havuz temizleme robotlar\u0131 marka ve modele g\u00f6re havuzunuzun su hatt\u0131n\u0131, duvarlar\u0131n\u0131 f\u0131r\u00e7alama \u00f6zelli\u011fine sahiptir. Ayr\u0131ca havuz zeminini de en iyi bir \u015fekilde f\u0131r\u00e7alar. En k\u0131sa tabirle; havuzunuzun en iyi \u015fekilde temizlenmesi i\u00e7in bu i\u015fi robotik temizleyicilere b\u0131rakman\u0131z yeterli olacakt\u0131r.<\/p><p>Robotik temizleyiciler \u00f6ncelikle havuz i\u00e7inde ebat ve boyut taramas\u0131 yapar. Bu temizleyicilerin algoritmas\u0131; yaz\u0131l\u0131msal \u015fekilde \u00f6nceden belirlenen \u00e7al\u0131\u015fma saati s\u00fcresince en iyi temizli\u011fi yaparak \u00e7al\u0131\u015fma \u015feklinde tasarlanm\u0131\u015ft\u0131r. Robotik temizleyiciniz, havuzunuzdaki t\u00fcm kal\u0131nt\u0131lar\u0131 toplar ve bu kal\u0131nt\u0131lar\u0131 robot tasar\u0131m\u0131na g\u00f6re kartu\u015f seti, filtre torbas\u0131 ya da sepet i\u00e7erisinde toplar. Piyasay\u0131 \u015f\u00f6yle bir inceledi\u011finizde fazlas\u0131yla havuz temizleme robotu \u00fcreticisi oldu\u011funu g\u00f6rmeniz m\u00fcmk\u00fcnd\u00fcr. Bu temizleyicilerin \u00e7al\u0131\u015ft\u0131rma veya tarama teknolojilerinde az da olsa farkl\u0131l\u0131\u011f\u0131 bulunacakt\u0131r. Havuzunuzun en geni\u015f \u015fekliyle temizlenmesi ve taranmas\u0131 i\u00e7in matematiksel algoritmalar, ivme\u00f6l\u00e7erler ve jiroskoplar da bu minik farkl\u0131l\u0131\u011fa d\u00e2hildir.<\/p><h5 style=\"text-align: left;\"><strong>Otomatik Havuz Temizleyicilerin Sa\u011flad\u0131\u011f\u0131 Avantajlar<\/strong><\/h5><p>Otomatik havuz temizleyiciler, geleneksel temizlik y\u00f6ntemlerine g\u00f6re bir\u00e7ok avantaj sunar:<\/p><ul class=\"wp-block-list\"><li><em><strong>Zaman Tasarrufu<\/strong>:<\/em>\u00a0Geleneksel y\u00f6ntemlerle kar\u015f\u0131la\u015ft\u0131r\u0131ld\u0131\u011f\u0131nda, temizlik s\u00fcresini \u00f6nemli \u00f6l\u00e7\u00fcde k\u0131salt\u0131r.<\/li><li><em><strong>Etkin Temizlik<\/strong>:<\/em>\u00a0\u0130nsan elinin ula\u015famayaca\u011f\u0131 yerlerde bile detayl\u0131 temizlik sa\u011flar.<\/li><li><em><strong>Enerji Verimlili\u011fi<\/strong>:<\/em>\u00a0Modern modeller d\u00fc\u015f\u00fck enerji t\u00fcketimi ile \u00e7al\u0131\u015f\u0131r.<\/li><\/ul><h5 id=\"heading-9-havuz-robotu-seerken-dikkat-edilmesi-gerekenler\" class=\"wp-block-heading\">Havuz Robotu Se\u00e7erken Dikkat Edilmesi Gerekenler<\/h5><p><strong>Havuz Boyutu Se\u00e7imi:<\/strong>\u00a0Havuzun boyutu, uygun bir havuz robotu se\u00e7erken kritik bir fakt\u00f6rd\u00fcr. B\u00fcy\u00fck havuzlar i\u00e7in daha g\u00fc\u00e7l\u00fc ve geni\u015f alanlar\u0131 temizleyebilen modeller tercih edilmelidir. K\u00fc\u00e7\u00fck havuzlar i\u00e7in kompakt ve h\u0131zl\u0131 modeller daha uygundur.<\/p><p><strong>Temizlik S\u0131kl\u0131\u011f\u0131 Belirleme:<\/strong>\u00a0\u0130klim ko\u015fullar\u0131 temizlik s\u0131kl\u0131\u011f\u0131n\u0131 etkiler. S\u0131cak ve r\u00fczgarl\u0131 b\u00f6lgelerde havuzlar daha s\u0131k kirlenir, bu da daha s\u0131k temizlik gerektirir. So\u011fuk iklimlerde ise temizlik aral\u0131klar\u0131 daha uzun olabilir. Temizlik s\u0131kl\u0131\u011f\u0131n\u0131 belirlerken bu fakt\u00f6rler g\u00f6z \u00f6n\u00fcnde bulundurulmal\u0131d\u0131r.<\/p><p>Bu unsurlara dikkat ederek, do\u011fru havuz robotunu se\u00e7ebilir, etkin bir temizlik sa\u011flayabilirsiniz.<\/p><p>Havuz robotlar\u0131 hakk\u0131nda daha detayl\u0131 bilgi almak isterseniz bize ileti\u015fim kanallar\u0131m\u0131zdan her zaman ula\u015fabilirsiniz.<\/p>\t\t\t\t\t\t\t\t<\/div>\n\t\t\t\t<\/div>\n\t\t\t\t<\/div>\n\t\t\t\t<\/div>\n\t\t\t\t<div class=\"elementor-element elementor-element-53c0dd2 elementor-widget elementor-widget-sina_dynamic_button\" data-id=\"53c0dd2\" data-element_type=\"widget\" data-e-type=\"widget\" data-widget_type=\"sina_dynamic_button.default\">\n\t\t\t\t<div class=\"elementor-widget-container\">\n\t\t\t\t\t\t\t<div class=\"sina-dynamic-button\">\r\n\t\t\t<a  class=\"sina-dynamic-btn   \" href=\"https:\/\/poolkim.com\/?page_id=411\"\r\n\t\t\t\t\t\t\t\t\t\t\t\t>\r\n\t\t\t\t\t\t\tDETAYLI B\u0130LG\u0130 \u0130\u00c7\u0130N B\u0130Z\u0130MLE \u0130LET\u0130\u015e\u0130ME GE\u00c7\u0130N\t\t\t\t\t<\/a>\r\n\t\t<\/div><!-- .sina-dynamic-button -->\r\n\t\t\t\t\t\t<\/div>\n\t\t\t\t<\/div>\n\t\t\t\t<\/div>\n\t\t\t\t\t<\/div>\n\t\t\t\t<\/div>\n\t\t<div class=\"elementor-element elementor-element-b622ff6 e-flex e-con-boxed e-con e-parent\" data-id=\"b622ff6\" data-element_type=\"container\" data-e-type=\"container\" data-settings=\"{&quot;background_background&quot;:&quot;classic&quot;,&quot;shape_divider_bottom&quot;:&quot;mountains&quot;}\">\n\t\t\t\t\t<div class=\"e-con-inner\">\n\t\t\t\t<div class=\"elementor-shape elementor-shape-bottom\" aria-hidden=\"true\" data-negative=\"false\">\n\t\t\t<svg xmlns=\"http:\/\/www.w3.org\/2000\/svg\" viewBox=\"0 0 1000 100\" preserveAspectRatio=\"none\">\n\t<path class=\"elementor-shape-fill\" opacity=\"0.33\" d=\"M473,67.3c-203.9,88.3-263.1-34-320.3,0C66,119.1,0,59.7,0,59.7V0h1000v59.7 c0,0-62.1,26.1-94.9,29.3c-32.8,3.3-62.8-12.3-75.8-22.1C806,49.6,745.3,8.7,694.9,4.7S492.4,59,473,67.3z\"\/>\n\t<path class=\"elementor-shape-fill\" opacity=\"0.66\" d=\"M734,67.3c-45.5,0-77.2-23.2-129.1-39.1c-28.6-8.7-150.3-10.1-254,39.1 s-91.7-34.4-149.2,0C115.7,118.3,0,39.8,0,39.8V0h1000v36.5c0,0-28.2-18.5-92.1-18.5C810.2,18.1,775.7,67.3,734,67.3z\"\/>\n\t<path class=\"elementor-shape-fill\" d=\"M766.1,28.9c-200-57.5-266,65.5-395.1,19.5C242,1.8,242,5.4,184.8,20.6C128,35.8,132.3,44.9,89.9,52.5C28.6,63.7,0,0,0,0 h1000c0,0-9.9,40.9-83.6,48.1S829.6,47,766.1,28.9z\"\/>\n<\/svg>\t\t<\/div>\n\t\t<div class=\"elementor-element elementor-element-72092c2 e-con-full e-flex e-con e-child\" data-id=\"72092c2\" data-element_type=\"container\" data-e-type=\"container\">\n\t\t\t\t<div class=\"elementor-element elementor-element-5550492 elementor-widget__width-initial elementor-widget elementor-widget-heading\" data-id=\"5550492\" data-element_type=\"widget\" data-e-type=\"widget\" data-widget_type=\"heading.default\">\n\t\t\t\t<div class=\"elementor-widget-container\">\n\t\t\t\t\t<h2 class=\"elementor-heading-title elementor-size-default\">Diledi\u011finiz zaman destek i\u00e7in bizimle ileti\u015fime ge\u00e7ebilirsiniz!<\/h2>\t\t\t\t<\/div>\n\t\t\t\t<\/div>\n\t\t\t\t<\/div>\n\t\t\t\t\t<\/div>\n\t\t\t\t<\/div>\n\t\t\t\t<\/div>\n\t\t","protected":false},"excerpt":{"rendered":"<p>Havuz Robotlar\u0131 Havuz Robotu Nedir, Ne \u0130\u015fe Yarar? Havuz temizleme robotu, g\u00fcn\u00fcm\u00fczde neredeyse herkesin evinde kullanm\u0131\u015f oldu\u011fu robotik elektrikli s\u00fcp\u00fcrgelerle benzerlik g\u00f6sterir. Havuz robotu, siz i\u015flerinizle me\u015fgulken ya da kendinize mola ay\u0131r\u0131p dinlenirken havuzun b\u00fct\u00fcn y\u00fczeylerini ba\u011f\u0131ms\u0131z bir \u015fekilde temizler. Havuz temizleme robotu i\u00e7in havuzunuzun dizayn\u0131, bi\u00e7imi ya da boyutu fark etmez, t\u00fcm alanda rahatl\u0131kla&#8230;<\/p>\n","protected":false},"author":1,"featured_media":0,"parent":0,"menu_order":0,"comment_status":"closed","ping_status":"closed","template":"","meta":{"_kad_post_transparent":"","_kad_post_title":"hide","_kad_post_layout":"fullwidth","_kad_post_sidebar_id":"","_kad_post_content_style":"unboxed","_kad_post_vertical_padding":"hide","_kad_post_feature":"hide","_kad_post_feature_position":"","_kad_post_header":false,"_kad_post_footer":false,"_kad_post_classname":"","footnotes":""},"class_list":["post-1400","page","type-page","status-publish","hentry"],"_links":{"self":[{"href":"https:\/\/poolkim.com\/index.php?rest_route=\/wp\/v2\/pages\/1400","targetHints":{"allow":["GET"]}}],"collection":[{"href":"https:\/\/poolkim.com\/index.php?rest_route=\/wp\/v2\/pages"}],"about":[{"href":"https:\/\/poolkim.com\/index.php?rest_route=\/wp\/v2\/types\/page"}],"author":[{"embeddable":true,"href":"https:\/\/poolkim.com\/index.php?rest_route=\/wp\/v2\/users\/1"}],"replies":[{"embeddable":true,"href":"https:\/\/poolkim.com\/index.php?rest_route=%2Fwp%2Fv2%2Fcomments&post=1400"}],"version-history":[{"count":25,"href":"https:\/\/poolkim.com\/index.php?rest_route=\/wp\/v2\/pages\/1400\/revisions"}],"predecessor-version":[{"id":1440,"href":"https:\/\/poolkim.com\/index.php?rest_route=\/wp\/v2\/pages\/1400\/revisions\/1440"}],"wp:attachment":[{"href":"https:\/\/poolkim.com\/index.php?rest_route=%2Fwp%2Fv2%2Fmedia&parent=1400"}],"curies":[{"name":"wp","href":"https:\/\/api.w.org\/{rel}","templated":true}]}}