{"id":1462,"date":"2025-03-25T14:17:30","date_gmt":"2025-03-25T14:17:30","guid":{"rendered":"http:\/\/poolkim.com\/?page_id=1462"},"modified":"2026-02-05T10:16:03","modified_gmt":"2026-02-05T10:16:03","slug":"cam-filtre-medyasi","status":"publish","type":"page","link":"https:\/\/poolkim.com\/?page_id=1462","title":{"rendered":"Cam Filtre Medyas\u0131"},"content":{"rendered":"\t\t<div data-elementor-type=\"wp-page\" data-elementor-id=\"1462\" class=\"elementor elementor-1462\">\n\t\t\t\t<div class=\"elementor-element elementor-element-bbfe5da e-flex e-con-boxed e-con e-parent\" data-id=\"bbfe5da\" data-element_type=\"container\" data-e-type=\"container\" data-settings=\"{&quot;background_background&quot;:&quot;slideshow&quot;,&quot;background_slideshow_gallery&quot;:[{&quot;id&quot;:106,&quot;url&quot;:&quot;https:\\\/\\\/poolkim.com\\\/wp-content\\\/uploads\\\/2025\\\/02\\\/swimming-pool-drop-in-stairs-6x68k8hvnwfymp2t.jpg&quot;}],&quot;background_slideshow_ken_burns&quot;:&quot;yes&quot;,&quot;background_slideshow_loop&quot;:&quot;yes&quot;,&quot;background_slideshow_slide_duration&quot;:5000,&quot;background_slideshow_slide_transition&quot;:&quot;fade&quot;,&quot;background_slideshow_transition_duration&quot;:500,&quot;background_slideshow_ken_burns_zoom_direction&quot;:&quot;in&quot;}\">\n\t\t\t\t\t<div class=\"e-con-inner\">\n\t\t\t\t<div class=\"elementor-element elementor-element-dac7c01 elementor-widget elementor-widget-heading\" data-id=\"dac7c01\" data-element_type=\"widget\" data-e-type=\"widget\" data-widget_type=\"heading.default\">\n\t\t\t\t<div class=\"elementor-widget-container\">\n\t\t\t\t\t<h2 class=\"elementor-heading-title elementor-size-default\">Cam Filtre Medya<\/h2>\t\t\t\t<\/div>\n\t\t\t\t<\/div>\n\t\t\t\t\t<\/div>\n\t\t\t\t<\/div>\n\t\t<div class=\"elementor-element elementor-element-666b4a63 e-flex e-con-boxed e-con e-parent\" data-id=\"666b4a63\" data-element_type=\"container\" data-e-type=\"container\" data-settings=\"{&quot;background_background&quot;:&quot;classic&quot;}\">\n\t\t\t\t\t<div class=\"e-con-inner\">\n\t\t<div class=\"elementor-element elementor-element-7eac3f9b e-con-full e-flex e-con e-child\" data-id=\"7eac3f9b\" data-element_type=\"container\" data-e-type=\"container\" data-settings=\"{&quot;background_background&quot;:&quot;classic&quot;}\">\n\t\t<div class=\"elementor-element elementor-element-2b66c61 e-con-full e-flex e-con e-child\" data-id=\"2b66c61\" data-element_type=\"container\" data-e-type=\"container\" data-settings=\"{&quot;background_background&quot;:&quot;classic&quot;}\">\n\t\t<div class=\"elementor-element elementor-element-38c29af e-con-full e-flex e-con e-child\" data-id=\"38c29af\" data-element_type=\"container\" data-e-type=\"container\">\n\t\t\t\t<div class=\"elementor-element elementor-element-c9b2270 elementor-widget elementor-widget-heading\" data-id=\"c9b2270\" data-element_type=\"widget\" data-e-type=\"widget\" data-widget_type=\"heading.default\">\n\t\t\t\t<div class=\"elementor-widget-container\">\n\t\t\t\t\t<h2 class=\"elementor-heading-title elementor-size-default\"><span style=\"font-family: Inter, sans-serif;font-size: var(--cnvs-font-size-h2);font-weight: var(--cnvs-headings-font-weight);text-align: var(--text-align)\">Cam Filtre Medyas\u0131 Nedir? Nerelerde Kullan\u0131l\u0131r?<\/span><\/h2>\t\t\t\t<\/div>\n\t\t\t\t<\/div>\n\t\t\t\t<div class=\"elementor-element elementor-element-8b2df7e elementor-widget elementor-widget-text-editor\" data-id=\"8b2df7e\" data-element_type=\"widget\" data-e-type=\"widget\" data-widget_type=\"text-editor.default\">\n\t\t\t\t<div class=\"elementor-widget-container\">\n\t\t\t\t\t\t\t\t\t<p class=\"\" data-start=\"270\" data-end=\"660\">Cam filtre medyas\u0131; %100 geri d\u00f6n\u00fc\u015ft\u00fcr\u00fclm\u00fc\u015f camdan \u00fcretilen, \u00e7evre dostu ve y\u00fcksek verimlili\u011fe sahip bir filtreleme malzemesidir. \u00d6zellikle su ar\u0131tma sistemlerinde kum filtrelerin yerine kullan\u0131lmak \u00fczere tasarlanm\u0131\u015ft\u0131r. Y\u00fcksek dayan\u0131kl\u0131l\u0131\u011f\u0131, \u00fcst\u00fcn partik\u00fcl tutma kapasitesi ve d\u00fc\u015f\u00fck bak\u0131m gereksinimi ile modern su ar\u0131tma teknolojilerinin vazge\u00e7ilmez bile\u015fenlerinden biri haline gelmi\u015ftir.<\/p><p class=\"\" data-start=\"662\" data-end=\"907\">Mikroskobik d\u00fczeyde d\u00fczg\u00fcn ve p\u00fcr\u00fczs\u00fcz y\u00fczeye sahip olan cam filtre medyas\u0131, bakteri ve biyolojik olu\u015fumlara kar\u015f\u0131 diren\u00e7li yap\u0131s\u0131yla dikkat \u00e7eker. Ayr\u0131ca, kimyasal dayan\u0131kl\u0131l\u0131\u011f\u0131 sayesinde uzun s\u00fcreli kullan\u0131mlarda bile performans kayb\u0131 ya\u015famaz.<\/p>\t\t\t\t\t\t\t\t<\/div>\n\t\t\t\t<\/div>\n\t\t\t\t<div class=\"elementor-element elementor-element-2c79b28 elementor-widget__width-inherit elementor-widget elementor-widget-sina_content_slider\" data-id=\"2c79b28\" data-element_type=\"widget\" data-e-type=\"widget\" data-widget_type=\"sina_content_slider.default\">\n\t\t\t\t<div class=\"elementor-widget-container\">\n\t\t\t\t\t\t\t<div class=\"sina-content-slider owl-carousel\"\r\n\t\tdata-item-lg=\"3\"\r\n\t\tdata-item-md=\"2\"\r\n\t\tdata-item-sm=\"1\"\r\n\t\tdata-autoplay=\"yes\"\r\n\t\tdata-pause=\"yes\"\r\n\t\tdata-center=\"\"\r\n\t\tdata-slide-anim=\"\"\r\n\t\tdata-slide-anim-out=\"\"\r\n\t\tdata-nav=\"yes\"\r\n\t\tdata-dots=\"yes\"\r\n\t\tdata-mouse-drag=\"yes\"\r\n\t\tdata-touch-drag=\"yes\"\r\n\t\tdata-loop=\"yes\"\r\n\t\tdata-speed=\"500\"\r\n\t\tdata-delay=\"5000\">\r\n\r\n\t\t\t\t\t\t\t<div class=\"sina-cs-item elementor-repeater-item-7bcc11a\">\r\n\t\t\t\t\t\t\t\t\t\t\t\r\n\t\t\t\t\t\t\t\t\t\t\t\t\t<h6 class=\"sina-cs-subtitle\">     <\/h6>\t\t\t\t\t\t\r\n\t\t\t\t\t\t\t\t\t\t\t\t\t<div class=\"sina-cs-desc\">TA\u015eLA\u015eAN KUVARS KUM<\/div>\t\t\t\t\t\t\t\t\t\t\t\t\t\t\t<\/div>\r\n\t\t\t\t\t\t\t<div class=\"sina-cs-item elementor-repeater-item-8c991b0\">\r\n\t\t\t\t\t\t\t\t\t\t\t\r\n\t\t\t\t\t\t\r\n\t\t\t\t\t\t\t\t\t\t\t\t\t\t\t<\/div>\r\n\t\t\t\t\t\t\t<div class=\"sina-cs-item elementor-repeater-item-091abbf\">\r\n\t\t\t\t\t\t\t\t\t\t\t\r\n\t\t\t\t\t\t\r\n\t\t\t\t\t\t\t\t\t\t\t\t\t\t\t<\/div>\r\n\t\t\t\r\n\t\t<\/div><!-- .sina-content-slider -->\r\n\t\t\t\t\t\t<\/div>\n\t\t\t\t<\/div>\n\t\t\t\t<div class=\"elementor-element elementor-element-68df759 elementor-widget elementor-widget-text-editor\" data-id=\"68df759\" data-element_type=\"widget\" data-e-type=\"widget\" data-widget_type=\"text-editor.default\">\n\t\t\t\t<div class=\"elementor-widget-container\">\n\t\t\t\t\t\t\t\t\t<h2 style=\"text-align: center;\" data-start=\"914\" data-end=\"962\">Geleneksel Kum Filtrelerine G\u00f6re Fark\u0131 Nedir?<\/h2><p data-start=\"964\" data-end=\"1054\">Cam filtre medyas\u0131, geleneksel silis kum filtrelerine k\u0131yasla bir\u00e7ok teknik avantaj sunar:<\/p><ul data-start=\"1056\" data-end=\"1823\"><li data-start=\"1056\" data-end=\"1292\"><p data-start=\"1058\" data-end=\"1292\"><strong data-start=\"1058\" data-end=\"1075\">Y\u00fczey Yap\u0131s\u0131:<\/strong>\u00a0Kum filtreler d\u00fczensiz ve g\u00f6zenekli yap\u0131da oldu\u011fu i\u00e7in zamanla bakteri, yosun ve biyofilm olu\u015fumuna sebep olabilir. Cam medyada ise bu risk minimumdur \u00e7\u00fcnk\u00fc y\u00fczeyi daha d\u00fczg\u00fcn ve mikroorganizmalara kar\u015f\u0131 diren\u00e7lidir.<\/p><\/li><li data-start=\"1296\" data-end=\"1497\"><p data-start=\"1298\" data-end=\"1497\"><strong data-start=\"1298\" data-end=\"1323\">Filtrasyon Derinli\u011fi:<\/strong>\u00a0Cam partik\u00fcller, \u00e7ok katmanl\u0131 bir yap\u0131da istiflenebilir ve suyun daha derinlemesine s\u00fcz\u00fclmesini sa\u011flar. Bu, filtreleme kalitesini art\u0131r\u0131rken, geri y\u0131kama ihtiyac\u0131n\u0131 azalt\u0131r.<\/p><\/li><li data-start=\"1499\" data-end=\"1666\"><p data-start=\"1501\" data-end=\"1666\"><strong data-start=\"1501\" data-end=\"1518\">Dayan\u0131kl\u0131l\u0131k:<\/strong>\u00a0Kum zamanla par\u00e7alanabilir, tozla\u015fabilir ve filtre sistemini t\u0131kayabilir. Oysa cam medyada bu durum s\u00f6z konusu de\u011fildir; formunu uzun y\u0131llar korur.<\/p><\/li><li data-start=\"1668\" data-end=\"1823\"><p data-start=\"1670\" data-end=\"1823\"><strong data-start=\"1670\" data-end=\"1690\">Kimyasal Diren\u00e7:<\/strong>\u00a0Cam medyas\u0131, y\u00fcksek pH\u2019l\u0131 veya kimyasal i\u00e7erikli ortamlarda bile yap\u0131s\u0131n\u0131 korur, bu da onu end\u00fcstriyel uygulamalarda da ideal k\u0131lar.<\/p><\/li><\/ul><h2 class=\"\" style=\"text-align: center;\" data-start=\"1830\" data-end=\"1866\">Cam Filtre Medyas\u0131n\u0131n Avantajlar\u0131<\/h2><h3 class=\"\" data-start=\"1868\" data-end=\"1902\"><strong data-start=\"1874\" data-end=\"1902\">1. Daha Berrak Su Sa\u011flar<\/strong><\/h3><p class=\"\" data-start=\"1903\" data-end=\"2154\">Cam filtre medyas\u0131n\u0131n \u0131\u015f\u0131k ge\u00e7irgen yap\u0131s\u0131 ve d\u00fczg\u00fcn y\u00fczeyi, mikron seviyesindeki partik\u00fcllerin bile y\u00fcksek verimlilikle tutulmas\u0131n\u0131 sa\u011flar. Bu sayede havuzlarda, i\u00e7me suyu sistemlerinde ve proses suyunda kristal berrakl\u0131\u011f\u0131nda bir g\u00f6r\u00fcn\u00fcm elde edilir.<\/p><h3 class=\"\" data-start=\"2156\" data-end=\"2201\"><strong data-start=\"2162\" data-end=\"2201\">2. Bakteri ve Yosun Olu\u015fumunu \u00d6nler<\/strong><\/h3><p class=\"\" data-start=\"2202\" data-end=\"2464\">Klasik kum filtreler, zamanla bakteri kolonilerinin yerle\u015febilece\u011fi uygun bir ortam haline gelir. Cam filtre medyas\u0131n\u0131n d\u00fczg\u00fcn ve inert yap\u0131s\u0131, mikroorganizmalar\u0131n y\u00fczeye tutunmas\u0131n\u0131 engeller. Bu sayede sistem daha hijyenik kal\u0131r, biyofilm olu\u015fumu minimuma iner.<\/p><h3 class=\"\" data-start=\"2466\" data-end=\"2522\"><strong data-start=\"2472\" data-end=\"2522\">3. Daha Az Geri Y\u0131kama ve D\u00fc\u015f\u00fck Bak\u0131m \u0130htiyac\u0131<\/strong><\/h3><p class=\"\" data-start=\"2523\" data-end=\"2728\">Cam filtre medyas\u0131, t\u0131kanmaya kar\u015f\u0131 daha diren\u00e7li oldu\u011fu i\u00e7in geri y\u0131kama (backwash) i\u015flemleri daha seyrek aral\u0131klarla yap\u0131l\u0131r. Bu da su ve enerji tasarrufu sa\u011flad\u0131\u011f\u0131 gibi i\u015f g\u00fcc\u00fc maliyetlerini de azalt\u0131r.<\/p><h3 class=\"\" data-start=\"2730\" data-end=\"2772\"><strong data-start=\"2736\" data-end=\"2772\">4. Su ve Enerji Tasarrufu Sa\u011flar<\/strong><\/h3><p class=\"\" data-start=\"2773\" data-end=\"2987\">Daha az geri y\u0131kama, sistemde kullan\u0131lan su miktar\u0131n\u0131 %25\u2019e kadar azaltabilir. Ayn\u0131 zamanda pompalar\u0131n daha d\u00fc\u015f\u00fck bas\u0131n\u00e7ta \u00e7al\u0131\u015fmas\u0131n\u0131 sa\u011flar, bu da elektrik t\u00fcketimini d\u00fc\u015f\u00fcrerek enerji maliyetlerini optimize eder.<\/p><h3 class=\"\" data-start=\"2989\" data-end=\"3028\"><strong data-start=\"2995\" data-end=\"3028\">5. Uzun \u00d6m\u00fcrl\u00fc ve Ekonomiktir<\/strong><\/h3><p class=\"\" data-start=\"3029\" data-end=\"3261\">Cam filtre medyas\u0131, do\u011fru kullan\u0131m ko\u015fullar\u0131nda 10 y\u0131la kadar de\u011fi\u015fime ihtiya\u00e7 duymadan kullan\u0131labilir. Bu \u00f6zelli\u011fi sayesinde, ba\u015flang\u0131\u00e7 maliyeti klasik kuma g\u00f6re biraz daha y\u00fcksek olsa da, uzun vadede daha ekonomik bir \u00e7\u00f6z\u00fcm sunar.<\/p><h2 class=\"\" style=\"text-align: center;\" data-start=\"3268\" data-end=\"3311\">Cam Filtre Medyas\u0131 Nerelerde Kullan\u0131l\u0131r?<\/h2><p class=\"\" data-start=\"3313\" data-end=\"3401\">Cam filtre medyas\u0131 \u00e7ok \u00e7e\u015fitli alanlarda kullan\u0131labilir. \u0130\u015fte ba\u015fl\u0131ca kullan\u0131m alanlar\u0131:<\/p><h3 class=\"\" data-start=\"3403\" data-end=\"3447\"><strong data-start=\"3410\" data-end=\"3447\">Y\u00fczme Havuzlar\u0131 ve Spa Sistemleri<\/strong><\/h3><p class=\"\" data-start=\"3448\" data-end=\"3628\">Havuz sular\u0131n\u0131n daha berrak, sa\u011fl\u0131kl\u0131 ve hijyenik olmas\u0131 i\u00e7in cam filtre medyas\u0131 en ideal \u00e7\u00f6z\u00fcmlerden biridir. Kimyasal t\u00fcketimini azalt\u0131r, cilt ve g\u00f6z dostu bir su kalitesi sunar.<\/p><h3 class=\"\" data-start=\"3630\" data-end=\"3667\"><strong data-start=\"3637\" data-end=\"3667\">\u0130\u00e7me Suyu Ar\u0131tma Tesisleri<\/strong><\/h3><p class=\"\" data-start=\"3668\" data-end=\"3830\">Belediyelere ait b\u00fcy\u00fck i\u00e7me suyu ar\u0131tma tesislerinde cam filtre, tortu, demir, mangan gibi partik\u00fclleri daha verimli s\u00fczerek i\u00e7ilebilir nitelikte temiz su sa\u011flar.<\/p><h3 class=\"\" data-start=\"3832\" data-end=\"3876\"><strong data-start=\"3839\" data-end=\"3876\">End\u00fcstriyel Filtrasyon Sistemleri<\/strong><\/h3><p class=\"\" data-start=\"3877\" data-end=\"4060\">Tekstil, g\u0131da, petrokimya, metal i\u015fleme gibi sekt\u00f6rlerde kullan\u0131lan proses sular\u0131n\u0131n ar\u0131t\u0131lmas\u0131nda etkin rol oynar. \u00d6zellikle y\u00fcksek debili sistemlerde verimlili\u011fi ile \u00f6n plana \u00e7\u0131kar.<\/p><h3 class=\"\" data-start=\"4062\" data-end=\"4099\"><strong data-start=\"4069\" data-end=\"4099\">Tar\u0131msal Sulama Sistemleri<\/strong><\/h3><p class=\"\" data-start=\"4100\" data-end=\"4264\">Sulama sistemlerinde kullan\u0131lan sular, cam filtre medyas\u0131 sayesinde tortu ve kumdan ar\u0131nd\u0131r\u0131larak daha uzun \u00f6m\u00fcrl\u00fc damlama sistemleri ve verimli sulama elde edilir.<\/p><div>\u00a0<\/div>\t\t\t\t\t\t\t\t<\/div>\n\t\t\t\t<\/div>\n\t\t\t\t<\/div>\n\t\t\t\t<\/div>\n\t\t\t\t<div class=\"elementor-element elementor-element-53c0dd2 elementor-widget elementor-widget-sina_dynamic_button\" data-id=\"53c0dd2\" data-element_type=\"widget\" data-e-type=\"widget\" data-widget_type=\"sina_dynamic_button.default\">\n\t\t\t\t<div class=\"elementor-widget-container\">\n\t\t\t\t\t\t\t<div class=\"sina-dynamic-button\">\r\n\t\t\t<a  class=\"sina-dynamic-btn   \" href=\"https:\/\/poolkim.com\/?page_id=411\"\r\n\t\t\t\t\t\t\t\t\t\t\t\t>\r\n\t\t\t\t\t\t\tDETAYLI B\u0130LG\u0130 \u0130\u00c7\u0130N B\u0130Z\u0130MLE \u0130LET\u0130\u015e\u0130ME GE\u00c7\u0130N\t\t\t\t\t<\/a>\r\n\t\t<\/div><!-- .sina-dynamic-button -->\r\n\t\t\t\t\t\t<\/div>\n\t\t\t\t<\/div>\n\t\t\t\t<\/div>\n\t\t\t\t\t<\/div>\n\t\t\t\t<\/div>\n\t\t<div class=\"elementor-element elementor-element-b622ff6 e-flex e-con-boxed e-con e-parent\" data-id=\"b622ff6\" data-element_type=\"container\" data-e-type=\"container\" data-settings=\"{&quot;background_background&quot;:&quot;classic&quot;,&quot;shape_divider_bottom&quot;:&quot;mountains&quot;}\">\n\t\t\t\t\t<div class=\"e-con-inner\">\n\t\t\t\t<div class=\"elementor-shape elementor-shape-bottom\" aria-hidden=\"true\" data-negative=\"false\">\n\t\t\t<svg xmlns=\"http:\/\/www.w3.org\/2000\/svg\" viewBox=\"0 0 1000 100\" preserveAspectRatio=\"none\">\n\t<path class=\"elementor-shape-fill\" opacity=\"0.33\" d=\"M473,67.3c-203.9,88.3-263.1-34-320.3,0C66,119.1,0,59.7,0,59.7V0h1000v59.7 c0,0-62.1,26.1-94.9,29.3c-32.8,3.3-62.8-12.3-75.8-22.1C806,49.6,745.3,8.7,694.9,4.7S492.4,59,473,67.3z\"\/>\n\t<path class=\"elementor-shape-fill\" opacity=\"0.66\" d=\"M734,67.3c-45.5,0-77.2-23.2-129.1-39.1c-28.6-8.7-150.3-10.1-254,39.1 s-91.7-34.4-149.2,0C115.7,118.3,0,39.8,0,39.8V0h1000v36.5c0,0-28.2-18.5-92.1-18.5C810.2,18.1,775.7,67.3,734,67.3z\"\/>\n\t<path class=\"elementor-shape-fill\" d=\"M766.1,28.9c-200-57.5-266,65.5-395.1,19.5C242,1.8,242,5.4,184.8,20.6C128,35.8,132.3,44.9,89.9,52.5C28.6,63.7,0,0,0,0 h1000c0,0-9.9,40.9-83.6,48.1S829.6,47,766.1,28.9z\"\/>\n<\/svg>\t\t<\/div>\n\t\t<div class=\"elementor-element elementor-element-72092c2 e-con-full e-flex e-con e-child\" data-id=\"72092c2\" data-element_type=\"container\" data-e-type=\"container\">\n\t\t\t\t<div class=\"elementor-element elementor-element-5550492 elementor-widget__width-initial elementor-widget elementor-widget-heading\" data-id=\"5550492\" data-element_type=\"widget\" data-e-type=\"widget\" data-widget_type=\"heading.default\">\n\t\t\t\t<div class=\"elementor-widget-container\">\n\t\t\t\t\t<h2 class=\"elementor-heading-title elementor-size-default\">Diledi\u011finiz zaman destek i\u00e7in bizimle ileti\u015fime ge\u00e7ebilirsiniz!<\/h2>\t\t\t\t<\/div>\n\t\t\t\t<\/div>\n\t\t\t\t<\/div>\n\t\t\t\t\t<\/div>\n\t\t\t\t<\/div>\n\t\t\t\t<\/div>\n\t\t","protected":false},"excerpt":{"rendered":"<p>Cam Filtre Medya Cam Filtre Medyas\u0131 Nedir? Nerelerde Kullan\u0131l\u0131r? Cam filtre medyas\u0131; %100 geri d\u00f6n\u00fc\u015ft\u00fcr\u00fclm\u00fc\u015f camdan \u00fcretilen, \u00e7evre dostu ve y\u00fcksek verimlili\u011fe sahip bir filtreleme malzemesidir. \u00d6zellikle su ar\u0131tma sistemlerinde kum filtrelerin yerine kullan\u0131lmak \u00fczere tasarlanm\u0131\u015ft\u0131r. Y\u00fcksek dayan\u0131kl\u0131l\u0131\u011f\u0131, \u00fcst\u00fcn partik\u00fcl tutma kapasitesi ve d\u00fc\u015f\u00fck bak\u0131m gereksinimi ile modern su ar\u0131tma teknolojilerinin vazge\u00e7ilmez bile\u015fenlerinden biri haline&#8230;<\/p>\n","protected":false},"author":1,"featured_media":0,"parent":0,"menu_order":0,"comment_status":"closed","ping_status":"closed","template":"","meta":{"_kad_post_transparent":"","_kad_post_title":"hide","_kad_post_layout":"fullwidth","_kad_post_sidebar_id":"","_kad_post_content_style":"unboxed","_kad_post_vertical_padding":"hide","_kad_post_feature":"hide","_kad_post_feature_position":"","_kad_post_header":false,"_kad_post_footer":false,"_kad_post_classname":"","footnotes":""},"class_list":["post-1462","page","type-page","status-publish","hentry"],"_links":{"self":[{"href":"https:\/\/poolkim.com\/index.php?rest_route=\/wp\/v2\/pages\/1462","targetHints":{"allow":["GET"]}}],"collection":[{"href":"https:\/\/poolkim.com\/index.php?rest_route=\/wp\/v2\/pages"}],"about":[{"href":"https:\/\/poolkim.com\/index.php?rest_route=\/wp\/v2\/types\/page"}],"author":[{"embeddable":true,"href":"https:\/\/poolkim.com\/index.php?rest_route=\/wp\/v2\/users\/1"}],"replies":[{"embeddable":true,"href":"https:\/\/poolkim.com\/index.php?rest_route=%2Fwp%2Fv2%2Fcomments&post=1462"}],"version-history":[{"count":14,"href":"https:\/\/poolkim.com\/index.php?rest_route=\/wp\/v2\/pages\/1462\/revisions"}],"predecessor-version":[{"id":1500,"href":"https:\/\/poolkim.com\/index.php?rest_route=\/wp\/v2\/pages\/1462\/revisions\/1500"}],"wp:attachment":[{"href":"https:\/\/poolkim.com\/index.php?rest_route=%2Fwp%2Fv2%2Fmedia&parent=1462"}],"curies":[{"name":"wp","href":"https:\/\/api.w.org\/{rel}","templated":true}]}}