{"id":696,"date":"2025-03-03T21:18:44","date_gmt":"2025-03-03T21:18:44","guid":{"rendered":"http:\/\/poolkim.com\/?page_id=696"},"modified":"2025-03-18T13:16:30","modified_gmt":"2025-03-18T13:16:30","slug":"havuz-yapimi","status":"publish","type":"page","link":"https:\/\/poolkim.com\/?page_id=696","title":{"rendered":"Havuz Yap\u0131m\u0131"},"content":{"rendered":"\t\t<div data-elementor-type=\"wp-page\" data-elementor-id=\"696\" class=\"elementor elementor-696\">\n\t\t\t\t<div class=\"elementor-element elementor-element-bbfe5da e-flex e-con-boxed e-con e-parent\" data-id=\"bbfe5da\" data-element_type=\"container\" data-e-type=\"container\" data-settings=\"{&quot;background_background&quot;:&quot;slideshow&quot;,&quot;background_slideshow_gallery&quot;:[{&quot;id&quot;:91,&quot;url&quot;:&quot;https:\\\/\\\/poolkim.com\\\/wp-content\\\/uploads\\\/2025\\\/02\\\/swim-min.jpg&quot;},{&quot;id&quot;:111,&quot;url&quot;:&quot;https:\\\/\\\/poolkim.com\\\/wp-content\\\/uploads\\\/2025\\\/02\\\/swim-scaled.jpg&quot;}],&quot;background_slideshow_ken_burns&quot;:&quot;yes&quot;,&quot;background_slideshow_loop&quot;:&quot;yes&quot;,&quot;background_slideshow_slide_duration&quot;:5000,&quot;background_slideshow_slide_transition&quot;:&quot;fade&quot;,&quot;background_slideshow_transition_duration&quot;:500,&quot;background_slideshow_ken_burns_zoom_direction&quot;:&quot;in&quot;}\">\n\t\t\t\t\t<div class=\"e-con-inner\">\n\t\t\t\t<div class=\"elementor-element elementor-element-dac7c01 elementor-widget elementor-widget-heading\" data-id=\"dac7c01\" data-element_type=\"widget\" data-e-type=\"widget\" data-widget_type=\"heading.default\">\n\t\t\t\t<div class=\"elementor-widget-container\">\n\t\t\t\t\t<h2 class=\"elementor-heading-title elementor-size-default\">Y\u00fczme Havuzu Yap\u0131m\u0131<\/h2>\t\t\t\t<\/div>\n\t\t\t\t<\/div>\n\t\t\t\t\t<\/div>\n\t\t\t\t<\/div>\n\t\t<div class=\"elementor-element elementor-element-666b4a63 e-flex e-con-boxed e-con e-parent\" data-id=\"666b4a63\" data-element_type=\"container\" data-e-type=\"container\" data-settings=\"{&quot;background_background&quot;:&quot;classic&quot;}\">\n\t\t\t\t\t<div class=\"e-con-inner\">\n\t\t<div class=\"elementor-element elementor-element-7eac3f9b e-con-full e-flex e-con e-child\" data-id=\"7eac3f9b\" data-element_type=\"container\" data-e-type=\"container\" data-settings=\"{&quot;background_background&quot;:&quot;classic&quot;}\">\n\t\t<div class=\"elementor-element elementor-element-2b66c61 e-con-full e-flex e-con e-child\" data-id=\"2b66c61\" data-element_type=\"container\" data-e-type=\"container\" data-settings=\"{&quot;background_background&quot;:&quot;classic&quot;}\">\n\t\t\t\t<div class=\"elementor-element elementor-element-6ff4f52 elementor-widget elementor-widget-sina_content_slider\" data-id=\"6ff4f52\" data-element_type=\"widget\" data-e-type=\"widget\" data-widget_type=\"sina_content_slider.default\">\n\t\t\t\t<div class=\"elementor-widget-container\">\n\t\t\t\t\t\t\t<div class=\"sina-content-slider owl-carousel\"\r\n\t\tdata-item-lg=\"3\"\r\n\t\tdata-item-md=\"2\"\r\n\t\tdata-item-sm=\"1\"\r\n\t\tdata-autoplay=\"yes\"\r\n\t\tdata-pause=\"yes\"\r\n\t\tdata-center=\"\"\r\n\t\tdata-slide-anim=\"\"\r\n\t\tdata-slide-anim-out=\"\"\r\n\t\tdata-nav=\"yes\"\r\n\t\tdata-dots=\"yes\"\r\n\t\tdata-mouse-drag=\"yes\"\r\n\t\tdata-touch-drag=\"yes\"\r\n\t\tdata-loop=\"yes\"\r\n\t\tdata-speed=\"500\"\r\n\t\tdata-delay=\"5000\">\r\n\r\n\t\t\t\t\t\t\t<div class=\"sina-cs-item elementor-repeater-item-7bcc11a\">\r\n\t\t\t\t\t\t\t\t\t\t\t\r\n\t\t\t\t\t\t\r\n\t\t\t\t\t\t\t\t\t\t\t\t\t\t\t<\/div>\r\n\t\t\t\t\t\t\t<div class=\"sina-cs-item elementor-repeater-item-8c991b0\">\r\n\t\t\t\t\t\t\t\t\t\t\t\r\n\t\t\t\t\t\t\r\n\t\t\t\t\t\t\t\t\t\t\t\t\t<div class=\"sina-cs-desc\">Lorem ipsum dolor sit amet, <\/div>\t\t\t\t\t\t\t\t\t\t\t\t\t\t\t<\/div>\r\n\t\t\t\t\t\t\t<div class=\"sina-cs-item elementor-repeater-item-091abbf\">\r\n\t\t\t\t\t\t\t\t\t\t\t\r\n\t\t\t\t\t\t\r\n\t\t\t\t\t\t\t\t\t\t\t\t\t\t\t<\/div>\r\n\t\t\t\r\n\t\t<\/div><!-- .sina-content-slider -->\r\n\t\t\t\t\t\t<\/div>\n\t\t\t\t<\/div>\n\t\t<div class=\"elementor-element elementor-element-3902e4f e-grid e-con-full e-con e-child\" data-id=\"3902e4f\" data-element_type=\"container\" data-e-type=\"container\">\n\t\t\t\t<div class=\"elementor-element elementor-element-93ee84a elementor-widget elementor-widget-htmega-button-addons\" data-id=\"93ee84a\" data-element_type=\"widget\" data-e-type=\"widget\" data-widget_type=\"htmega-button-addons.default\">\n\t\t\t\t<div class=\"elementor-widget-container\">\n\t\t\t\t\t<div class=\"htmega-button htmega-btn-style-3 htmega-btn-shadow-0\"><a href=\"#beton\" class=\"htb-btn htmega-btn-size-sm htmega-btn-effect-0 elementor-animation-wobble-to-bottom-right\">BETONARME Y\u00dcZME HAVUZLARI<\/a><\/div>\t\t\t\t<\/div>\n\t\t\t\t<\/div>\n\t\t\t\t<div class=\"elementor-element elementor-element-a34f09f elementor-widget elementor-widget-htmega-button-addons\" data-id=\"a34f09f\" data-element_type=\"widget\" data-e-type=\"widget\" data-widget_type=\"htmega-button-addons.default\">\n\t\t\t\t<div class=\"elementor-widget-container\">\n\t\t\t\t\t<div class=\"htmega-button htmega-btn-style-3 htmega-btn-shadow-0\"><a href=\"https:\/\/poolkim.com\/?page_id=1033\" class=\"htb-btn htmega-btn-size-sm htmega-btn-effect-0 elementor-animation-wobble-to-bottom-right\">L\u0130NER Y\u00dcZME HAVUZLARI<\/a><\/div>\t\t\t\t<\/div>\n\t\t\t\t<\/div>\n\t\t\t\t<div class=\"elementor-element elementor-element-86b797b elementor-widget elementor-widget-htmega-button-addons\" data-id=\"86b797b\" data-element_type=\"widget\" data-e-type=\"widget\" data-widget_type=\"htmega-button-addons.default\">\n\t\t\t\t<div class=\"elementor-widget-container\">\n\t\t\t\t\t<div class=\"htmega-button htmega-btn-style-3 htmega-btn-shadow-0\"><a href=\"https:\/\/poolkim.com\/?page_id=1141\" class=\"htb-btn htmega-btn-size-sm htmega-btn-effect-0 elementor-animation-wobble-to-bottom-right\">POLYESTER Y\u00dcZME HAVUZLARI<\/a><\/div>\t\t\t\t<\/div>\n\t\t\t\t<\/div>\n\t\t\t\t<\/div>\n\t\t<div class=\"elementor-element elementor-element-38c29af e-con-full e-flex e-con e-child\" data-id=\"38c29af\" data-element_type=\"container\" data-e-type=\"container\">\n\t\t\t\t<div class=\"elementor-element elementor-element-c9b2270 elementor-widget elementor-widget-heading\" data-id=\"c9b2270\" data-element_type=\"widget\" data-e-type=\"widget\" data-widget_type=\"heading.default\">\n\t\t\t\t<div class=\"elementor-widget-container\">\n\t\t\t\t\t<h2 class=\"elementor-heading-title elementor-size-default\">Y\u00fczme Havuz Yap\u0131m\u0131 Hizmetlerimiz <\/h2>\t\t\t\t<\/div>\n\t\t\t\t<\/div>\n\t\t\t\t<div class=\"elementor-element elementor-element-8b2df7e elementor-widget elementor-widget-text-editor\" data-id=\"8b2df7e\" data-element_type=\"widget\" data-e-type=\"widget\" data-widget_type=\"text-editor.default\">\n\t\t\t\t<div class=\"elementor-widget-container\">\n\t\t\t\t\t\t\t\t\tY\u00fczme havuzu yap\u0131m\u0131 projelerinize ihtiya\u00e7 ve beklentilerinize en do\u011fru \u00e7\u00f6z\u00fcmleri sunabilmek ad\u0131na ke\u015fif a\u015famas\u0131yla ba\u015fl\u0131yoruz. Bu s\u00fcre\u00e7te y\u00fczme havuzu yap\u0131m\u0131nda tercih edebilece\u011finiz farkl\u0131 se\u00e7eneklerin neler oldu\u011fu hakk\u0131nda sizi bilgilendiriyoruz. Hayalinizdeki y\u00fczme havuzunu, sahip oldu\u011funuz mek\u00e2n olanaklar\u0131n\u0131 dikkate alarak, ihtiya\u00e7 ve beklentilerinize g\u00f6re en verimli olacak \u015fekilde projelendiriyoruz. Projelendirme hizmetinin ard\u0131ndan da size, detayl\u0131 ve alternatifli teklifimizi sunuyoruz.<br><br>\n\nSadece suyla dolu y\u00fczebilece\u011finiz bir alan m\u0131, yoksa daha fazlas\u0131 m\u0131? Y\u0131llara dayanan tecr\u00fcbemizle biliyoruz ki daha fazlas\u0131! Y\u00fczme havuzlar\u0131 t\u00fcm i\u015flevselli\u011finin yan\u0131nda, ayn\u0131 zamanda bir ya\u015fam tarz\u0131 ifadesi olarak da \u00f6ne \u00e7\u0131k\u0131yor. Firmam\u0131z\u0131n g\u00fcven ve kalite odakl\u0131 hizmetlerinden yararlanarak, tamam\u0131yla size \u00f6zel y\u00fczme havuzu yap\u0131m\u0131 ile siz de ya\u015fam\u0131n\u0131za benzersiz bir boyut ekleyebilirsiniz.<br><br>\n\n<strong>BEYAZ Havuz <\/strong>olarak y\u00fczme havuzu yap\u0131m\u0131 projelerinizde tecr\u00fcbeli ekibimizle birlikte,\u00a0yap\u0131m\u0131n her bir a\u015famas\u0131n\u0131 \u00f6zel olarak ele al\u0131yoruz. Firmam\u0131zda;<br><br>\n<ol class=\"wp-block-list\">\n \t<li><em>\u0130htiya\u00e7 ve beklentilerin analizi,<\/em><\/li>\n \t<li><em>Proje alan\u0131 ve iklim analizi,<\/em><\/li>\n \t<li><em>\u0130lk tasar\u0131m kararlar\u0131,<\/em><\/li>\n \t<li><em>Kararlar\u0131n projelendirilmesi,<\/em><\/li>\n \t<li><em>Do\u011fru malzeme ve teknik sistem se\u00e7imleri ve<\/em><\/li>\n \t<li><em>Uygulama<\/em>\u00a0a\u015famalar\u0131n\u0131n her biri, kendi i\u00e7erisinde kusursuzluk hedefiyle tamamlanmaktad\u0131r.<\/li>\n<\/ol>\n\n\nHayalinizdeki y\u00fczme havuzuna giden yolda, bizimle i\u015f birli\u011fi yapmay\u0131 tercih ederseniz elde edece\u011finiz avantajlar:<p>\n<ul class=\"wp-block-list\">\n \t<li>Y\u0131llar\u0131n tecr\u00fcbesine dayal\u0131\u00a0<strong>uzmanl\u0131k<\/strong><\/li>\n \t<li>G\u00fcncel bilgi oda\u011f\u0131nda\u00a0<strong>detayc\u0131 yakla\u015f\u0131m<\/strong><\/li>\n \t<li>Ki\u015fiye ve \u015fartlara\u00a0<strong>\u00f6zel tasar\u0131m \u00e7\u00f6z\u00fcmleri<\/strong><\/li>\n \t<li><strong>Kaliteli ve s\u00fcrd\u00fcr\u00fclebilir malzeme<\/strong>\u00a0kullan\u0131m\u0131<\/li>\n \t<li>Do\u011fru tekniklerle donat\u0131lm\u0131\u015f\u00a0<strong>kusursuz i\u015f\u00e7ilik<\/strong><\/li>\n \t<li>Her zaman\u00a0<strong>\u201ctam zaman\u0131nda\u201d teslim<\/strong><\/li>\n \t<li>Nerede olursan\u0131z olun\u00a0<strong>dan\u0131\u015fmanl\u0131k ve destek<\/strong><\/li>\n<\/ul><p>\n\u00c7evre dostu \u00e7\u00f6z\u00fcmleri benimseyerek s\u00fcrd\u00fcr\u00fclebilir y\u00fczme havuzu yap\u0131yoruz. B\u00f6ylelikle sa\u011fl\u0131k, g\u00fcvenlik ve estetik a\u00e7\u0131dan \u00fcst d\u00fczey bir deneyim ya\u015faman\u0131za arac\u0131l\u0131k ediyoruz.\t\t\t\t\t\t\t\t<\/div>\n\t\t\t\t<\/div>\n\t\t\t\t<div class=\"elementor-element elementor-element-8adae0b elementor-widget elementor-widget-heading\" data-id=\"8adae0b\" data-element_type=\"widget\" data-e-type=\"widget\" id=\"beton\" data-widget_type=\"heading.default\">\n\t\t\t\t<div class=\"elementor-widget-container\">\n\t\t\t\t\t<h2 class=\"elementor-heading-title elementor-size-default\">BETONARME Y\u00dcZME HAVUZLARI<\/h2>\t\t\t\t<\/div>\n\t\t\t\t<\/div>\n\t\t\t\t<div class=\"elementor-element elementor-element-9a8b7c7 elementor-widget elementor-widget-text-editor\" data-id=\"9a8b7c7\" data-element_type=\"widget\" data-e-type=\"widget\" data-widget_type=\"text-editor.default\">\n\t\t\t\t<div class=\"elementor-widget-container\">\n\t\t\t\t\t\t\t\t\t<p>Havuz yap\u0131m\u0131,\u00a0titizlikle y\u00fcr\u00fct\u00fclmesi gereken bir s\u00fcre\u00e7tir ve her ad\u0131m b\u00fcy\u00fck bir \u00f6zenle takip edilmelidir. Do\u011fru bir alan se\u00e7imi, profesyonel bir zemin \u00e7al\u0131\u015fmas\u0131, kaliteli malzeme ve ekipman kullan\u0131m\u0131, havuzun uzun \u00f6m\u00fcrl\u00fc ve sorunsuz \u00e7al\u0131\u015fmas\u0131n\u0131 sa\u011flar. Havuz yap\u0131m\u0131nda profesyonellerden destek alarak s\u00fcreci y\u00f6netmek, daha verimli sonu\u00e7lar alman\u0131za yard\u0131mc\u0131 olacakt\u0131r.<\/p><p style=\"margin-bottom: 1.5em;\">Havuz yap\u0131m s\u00fcreci, do\u011fru bir planlama ve profesyonel bir uygulama gerektirir. Havuzun dayan\u0131kl\u0131, g\u00fcvenli ve estetik a\u00e7\u0131dan m\u00fckemmel olmas\u0131 i\u00e7in in\u015faat \u00f6ncesinde yap\u0131lacak haz\u0131rl\u0131klar kritik \u00f6nem ta\u015f\u0131r. Havuzun in\u015fa edilece\u011fi alan\u0131n do\u011fru bir \u015fekilde haz\u0131rlanmas\u0131, hem uzun vadede bak\u0131m gereksinimlerini azalt\u0131r hem de havuzun sorunsuz \u00e7al\u0131\u015fmas\u0131n\u0131 sa\u011flar. Bu blog yaz\u0131s\u0131nda, havuz yap\u0131lacak alan\u0131n nas\u0131l haz\u0131rlanaca\u011f\u0131n\u0131 ve havuz yap\u0131m\u0131nda izlenmesi gereken temel s\u00fcre\u00e7leri ad\u0131m ad\u0131m ele alaca\u011f\u0131z.<\/p><p>Havuz yap\u0131m s\u00fcreci, do\u011fru bir planlama ve profesyonel bir uygulama gerektirir. Havuzun dayan\u0131kl\u0131, g\u00fcvenli ve estetik a\u00e7\u0131dan m\u00fckemmel olmas\u0131 i\u00e7in in\u015faat \u00f6ncesinde yap\u0131lacak haz\u0131rl\u0131klar kritik \u00f6nem ta\u015f\u0131r. Havuzun in\u015fa edilece\u011fi alan\u0131n do\u011fru bir \u015fekilde haz\u0131rlanmas\u0131, hem uzun vadede bak\u0131m gereksinimlerini azalt\u0131r hem de havuzun sorunsuz \u00e7al\u0131\u015fmas\u0131n\u0131 sa\u011flar. Havuz yap\u0131lacak alan\u0131n nas\u0131l haz\u0131rlanaca\u011f\u0131n\u0131 ve havuz yap\u0131m\u0131nda izlenmesi gereken temel s\u00fcre\u00e7ler.<\/p><ol><li><strong>Yer Se\u00e7imi ve Planlama<\/strong><\/li><\/ol><p>Havuz in\u015faat\u0131na ba\u015flamadan \u00f6nce en \u00f6nemli ad\u0131m, havuzun yap\u0131laca\u011f\u0131 alan\u0131 dikkatli bir \u015fekilde se\u00e7mektir. Alan\u0131n uygunlu\u011fu, hem estetik a\u00e7\u0131dan hem de teknik gereksinimler a\u00e7\u0131s\u0131ndan b\u00fcy\u00fck \u00f6nem ta\u015f\u0131r. \u0130\u015fte g\u00f6z \u00f6n\u00fcnde bulundurman\u0131z gereken baz\u0131 fakt\u00f6rler:<\/p><ul><li><strong>Arazi yap\u0131s\u0131<\/strong>: Havuzun yap\u0131laca\u011f\u0131 alan d\u00fcz olmal\u0131d\u0131r. E\u011fer e\u011fimli bir arazi \u00fczerinde havuz yapt\u0131r\u0131lacaksa, bu e\u011fim d\u00fczeltilecek ya da havuz yar\u0131 yer \u00fcst\u00fcnde konumland\u0131r\u0131labilir.<\/li><li><strong>G\u00fcne\u015f \u0131\u015f\u0131\u011f\u0131<\/strong>: Havuzun yer ald\u0131\u011f\u0131 alan\u0131n g\u00fcn boyunca yeterli g\u00fcne\u015f \u0131\u015f\u0131\u011f\u0131 almas\u0131 \u00f6nemlidir. G\u00fcne\u015f \u0131\u015f\u0131\u011f\u0131 suyun \u0131s\u0131s\u0131n\u0131 art\u0131rarak do\u011fal bir \u0131s\u0131tma sa\u011flar ve suyun hijyenini korur.<\/li><li><strong>R\u00fczgar y\u00f6n\u00fc<\/strong>: R\u00fczgar, havuzun \u0131s\u0131s\u0131n\u0131 d\u00fc\u015f\u00fcrebilir ve su y\u00fczeyine toz, yaprak gibi yabanc\u0131 maddelerin gelmesine neden olabilir. R\u00fczgar\u0131n y\u00f6n\u00fcn\u00fc g\u00f6z \u00f6n\u00fcnde bulundurarak, m\u00fcmk\u00fcnse r\u00fczgara kapal\u0131 bir yer se\u00e7ilmelidir.<\/li><li><strong>Altyap\u0131<\/strong>: Havuzun in\u015fa edilece\u011fi alan\u0131n su, elektrik ve drenaj altyap\u0131s\u0131na uygun olup olmad\u0131\u011f\u0131 kontrol edilmelidir. Bu altyap\u0131lar, havuzun mekanik tesisat\u0131 ve bak\u0131m i\u015flemleri i\u00e7in gereklidir.<\/li><\/ul><ol start=\"2\"><li><strong>Kaz\u0131 \u0130\u015flemi<\/strong><\/li><\/ol><p>Yer se\u00e7imi yap\u0131ld\u0131ktan sonra, havuzun \u015fekli ve boyutuna uygun bir \u015fekilde kaz\u0131 i\u015flemi yap\u0131l\u0131r. Bu i\u015flem, havuzun temelini olu\u015fturur ve dikkatle planlanmas\u0131 gerekir. Kaz\u0131 i\u015flemi s\u0131ras\u0131nda \u015funlara dikkat edilmelidir:<\/p><ul><li><strong>Havuz derinli\u011fi<\/strong>: Havuzun kullan\u0131m amac\u0131na uygun olarak derinlik belirlenmelidir. \u00c7ocuk havuzlar\u0131 daha s\u0131\u011f olurken, spor ama\u00e7l\u0131 kullan\u0131lan havuzlar daha derin olabilir.<\/li><li><strong>Kaz\u0131 kenarlar\u0131<\/strong>: Kaz\u0131 i\u015flemi s\u0131ras\u0131nda kenarlar\u0131n sabit kalmas\u0131 ve havuz yap\u0131s\u0131n\u0131n zarar g\u00f6rmemesi i\u00e7in \u00f6zen g\u00f6sterilmelidir. Gerekirse kenarlara destek yap\u0131labilir.<\/li><li><strong>Drenaj sistemi<\/strong>: Kaz\u0131 i\u015flemi s\u0131ras\u0131nda suyun toplanmas\u0131n\u0131 engellemek i\u00e7in uygun drenaj sistemlerinin kurulmas\u0131 gereklidir. Bu, havuzun etraf\u0131nda su birikmesini ve su bask\u0131nlar\u0131n\u0131 \u00f6nler.<\/li><\/ul><ol start=\"3\"><li><strong>Temel Haz\u0131rl\u0131\u011f\u0131 ve Zemin \u00c7al\u0131\u015fmas\u0131<\/strong><\/li><\/ol><p>Kaz\u0131 i\u015flemi tamamland\u0131ktan sonra, havuzun temelinin sa\u011flam olmas\u0131 i\u00e7in zemin \u00e7al\u0131\u015fmalar\u0131 yap\u0131l\u0131r. Zemin \u00e7al\u0131\u015fmas\u0131, havuzun uzun \u00f6m\u00fcrl\u00fc olmas\u0131 a\u00e7\u0131s\u0131ndan son derece \u00f6nemlidir. Zay\u0131f bir zemin, zamanla \u00e7atlaklara ve yap\u0131sal sorunlara yol a\u00e7abilir.<\/p><ul><li><strong>Zemin malzemesi<\/strong>: Havuz taban\u0131 i\u00e7in uygun bir malzeme se\u00e7ilmeli ve zemin d\u00fczg\u00fcn bir \u015fekilde s\u0131k\u0131\u015ft\u0131r\u0131lmal\u0131d\u0131r. Genellikle kum veya \u00e7ak\u0131l gibi dolgu malzemeleri kullan\u0131l\u0131r.<\/li><li><strong>Su izolasyonu<\/strong>: Havuz taban\u0131n\u0131n su s\u0131zd\u0131rmazl\u0131\u011f\u0131 sa\u011flanmal\u0131d\u0131r. Beton havuzlar i\u00e7in su izolasyonu yapmak, su ka\u00e7aklar\u0131n\u0131 \u00f6nlemek a\u00e7\u0131s\u0131ndan gereklidir.<\/li><li><strong>Drenaj kanallar\u0131<\/strong>: Havuzun etraf\u0131na ve alt\u0131na uygun drenaj kanallar\u0131 yerle\u015ftirilmelidir. Bu kanallar, havuz \u00e7evresinde biriken suyun tahliye edilmesine yard\u0131mc\u0131 olur ve yap\u0131n\u0131n zarar g\u00f6rmesini \u00f6nler.<\/li><\/ul><ol start=\"4\"><li><strong>Havuz Yap\u0131s\u0131 ve Beton D\u00f6k\u00fcm\u00fc<\/strong><\/li><\/ol><p>Zemin \u00e7al\u0131\u015fmalar\u0131 tamamland\u0131ktan sonra, havuzun yap\u0131s\u0131n\u0131n in\u015faat\u0131 ba\u015flar. Havuzun tipi ve tasar\u0131m\u0131na g\u00f6re farkl\u0131 malzemeler kullan\u0131lsa da, en yayg\u0131n y\u00f6ntem\u00a0<strong>beton d\u00f6k\u00fcm\u00fc<\/strong>\u00a0ile havuz yap\u0131s\u0131 olu\u015fturulmas\u0131d\u0131r. \u0130\u015fte bu a\u015faman\u0131n temel ad\u0131mlar\u0131:<\/p><ul><li><strong>Demir donat\u0131<\/strong>: Beton havuzlar i\u00e7in demir donat\u0131 yerle\u015ftirilir. Bu donat\u0131, havuzun dayan\u0131kl\u0131l\u0131\u011f\u0131n\u0131 art\u0131r\u0131r ve yap\u0131sal b\u00fct\u00fcnl\u00fc\u011f\u00fc sa\u011flar.<\/li><li><strong>Beton d\u00f6k\u00fcm\u00fc<\/strong>: Havuzun duvarlar\u0131 ve taban\u0131 i\u00e7in beton d\u00f6k\u00fcl\u00fcr. Beton d\u00f6k\u00fcm\u00fc s\u0131ras\u0131nda y\u00fczeyin d\u00fczg\u00fcn ve p\u00fcr\u00fczs\u00fcz olmas\u0131 sa\u011flanmal\u0131d\u0131r. Ayr\u0131ca, betonun kuruma s\u00fcresi dikkate al\u0131nmal\u0131d\u0131r; bu s\u00fcre boyunca havuz yap\u0131s\u0131n\u0131n korunmas\u0131 \u00f6nemlidir.<\/li><li><strong>Kaplama malzemesi<\/strong>: Beton d\u00f6k\u00fcm\u00fcnden sonra havuzun i\u00e7 y\u00fczeyi kaplama malzemesi ile kaplan\u0131r. Seramik, mozaik veya vinil gibi malzemeler tercih edilebilir.<\/li><\/ul><ol start=\"5\"><li><strong>Mekanik Tesisat ve Ekipman Montaj\u0131<\/strong><\/li><\/ol><p>Havuzun yap\u0131sal in\u015faat\u0131 tamamland\u0131ktan sonra, havuzun \u00e7al\u0131\u015fmas\u0131n\u0131 sa\u011flayacak olan\u00a0<strong>mekanik tesisat<\/strong>\u00a0kurulumu ba\u015flar. Bu a\u015fama, havuzun verimli ve g\u00fcvenli bir \u015fekilde \u00e7al\u0131\u015fabilmesi i\u00e7in kritik \u00f6nem ta\u015f\u0131r.<\/p><ul><li><strong>Filtrasyon sistemi<\/strong>: Havuz suyunun temizlenmesi i\u00e7in filtrasyon sistemi kurulmal\u0131d\u0131r. Bu sistem, suyu s\u00fcrekli temiz tutarak hijyenik bir havuz sa\u011flar.<\/li><li><strong>Pompa ve boru tesisat\u0131<\/strong>: Su sirk\u00fclasyonunu sa\u011flayan pompa ve boru hatlar\u0131 d\u00f6\u015fenir. Bu sistem, havuz suyunun filtrelerden ge\u00e7mesini ve yeniden havuza d\u00f6nmesini sa\u011flar.<\/li><li><strong>Is\u0131tma ve kimyasal sistemler<\/strong>: Havuzun \u0131s\u0131t\u0131lmas\u0131 ve kimyasal maddelerin suya dengeli bir \u015fekilde eklenmesi i\u00e7in gerekli ekipmanlar monte edilir.<\/li><li><strong>Ayd\u0131nlatma ve g\u00fcvenlik ekipmanlar\u0131<\/strong>: Havuzun \u00e7evresinde ve i\u00e7inde g\u00fcvenlik ve estetik ama\u00e7l\u0131 ayd\u0131nlatma sistemleri yerle\u015ftirilir. Ayr\u0131ca, g\u00fcvenlik ekipmanlar\u0131, havuz kullan\u0131lmad\u0131\u011f\u0131 zamanlarda g\u00fcvenli\u011fi sa\u011flar.<\/li><\/ul><ol start=\"6\"><li><strong>Havuz Dolgusu ve \u00c7evre D\u00fczenlemesi<\/strong><\/li><\/ol><p>Mekanik tesisat ve in\u015faat i\u015flemleri tamamland\u0131ktan sonra havuzun etraf\u0131 uygun malzemelerle doldurulur ve \u00e7evre d\u00fczenlemesi yap\u0131l\u0131r. Bu a\u015fama, havuzun \u00e7evresinin estetik ve kullan\u0131\u015fl\u0131 hale getirilmesini sa\u011flar.<\/p><ul><li><strong>Havuz dolgusu<\/strong>: Havuzun etraf\u0131na dolgu malzemesi yerle\u015ftirilir ve s\u0131k\u0131\u015ft\u0131r\u0131l\u0131r. Bu, havuzun etraf\u0131ndaki topra\u011f\u0131n sabitlenmesini ve su bask\u0131nlar\u0131n\u0131n \u00f6nlenmesini sa\u011flar.<\/li><li><strong>Teras ve \u00e7evre d\u00fczenlemesi<\/strong>: Havuzun etraf\u0131na teras, g\u00fcne\u015flenme alan\u0131 ve bitki \u00f6rt\u00fcs\u00fc gibi dekoratif unsurlar eklenir. Bu, havuzun hem g\u00f6rsel olarak \u00e7ekici olmas\u0131n\u0131 sa\u011flar hem de kullan\u0131m alanlar\u0131n\u0131 geni\u015fletir.<\/li><\/ul><ol start=\"7\"><li><strong>Son Kontroller ve Su Doldurma<\/strong><\/li><\/ol><p>Havuz yap\u0131m s\u00fcrecinin son a\u015famas\u0131, t\u00fcm sistemlerin test edilmesi ve havuzun suyla doldurulmas\u0131d\u0131r. Bu a\u015famada \u015funlar yap\u0131l\u0131r:<\/p><ul><li><strong>Mekanik testler<\/strong>: Pompa, filtrasyon ve \u0131s\u0131tma sistemleri test edilir. Her \u015feyin d\u00fczg\u00fcn \u00e7al\u0131\u015ft\u0131\u011f\u0131ndan emin olunur.<\/li><li><strong>S\u0131z\u0131nt\u0131 testi<\/strong>: Havuz yap\u0131s\u0131n\u0131n herhangi bir s\u0131z\u0131nt\u0131 veya \u00e7atlak olup olmad\u0131\u011f\u0131 kontrol edilir. S\u0131zd\u0131rmazl\u0131k sa\u011flanmazsa, su ka\u00e7a\u011f\u0131 \u00f6nlenir.<\/li><li><strong>Su doldurma<\/strong>: Son olarak, havuz suyla doldurulur ve kimyasal dengesinin sa\u011flanmas\u0131 i\u00e7in gerekli i\u015flemler yap\u0131l\u0131r.<\/li><\/ul>\t\t\t\t\t\t\t\t<\/div>\n\t\t\t\t<\/div>\n\t\t\t\t<div class=\"elementor-element elementor-element-53c0dd2 elementor-widget elementor-widget-sina_dynamic_button\" data-id=\"53c0dd2\" data-element_type=\"widget\" data-e-type=\"widget\" data-widget_type=\"sina_dynamic_button.default\">\n\t\t\t\t<div class=\"elementor-widget-container\">\n\t\t\t\t\t\t\t<div class=\"sina-dynamic-button\">\r\n\t\t\t<a  class=\"sina-dynamic-btn   \" href=\"https:\/\/poolkim.com\/?page_id=411\"\r\n\t\t\t\t\t\t\t\t\t\t\t\t>\r\n\t\t\t\t\t\t\tDETAYLI B\u0130LG\u0130 \u0130\u00c7\u0130N B\u0130Z\u0130MLE \u0130LET\u0130\u015e\u0130ME GE\u00c7\u0130N\t\t\t\t\t<\/a>\r\n\t\t<\/div><!-- .sina-dynamic-button -->\r\n\t\t\t\t\t\t<\/div>\n\t\t\t\t<\/div>\n\t\t\t\t<\/div>\n\t\t\t\t<\/div>\n\t\t\t\t<\/div>\n\t\t\t\t\t<\/div>\n\t\t\t\t<\/div>\n\t\t<div class=\"elementor-element elementor-element-b622ff6 e-flex e-con-boxed e-con e-parent\" data-id=\"b622ff6\" data-element_type=\"container\" data-e-type=\"container\" data-settings=\"{&quot;background_background&quot;:&quot;classic&quot;,&quot;shape_divider_bottom&quot;:&quot;mountains&quot;}\">\n\t\t\t\t\t<div class=\"e-con-inner\">\n\t\t\t\t<div class=\"elementor-shape elementor-shape-bottom\" aria-hidden=\"true\" data-negative=\"false\">\n\t\t\t<svg xmlns=\"http:\/\/www.w3.org\/2000\/svg\" viewBox=\"0 0 1000 100\" preserveAspectRatio=\"none\">\n\t<path class=\"elementor-shape-fill\" opacity=\"0.33\" d=\"M473,67.3c-203.9,88.3-263.1-34-320.3,0C66,119.1,0,59.7,0,59.7V0h1000v59.7 c0,0-62.1,26.1-94.9,29.3c-32.8,3.3-62.8-12.3-75.8-22.1C806,49.6,745.3,8.7,694.9,4.7S492.4,59,473,67.3z\"\/>\n\t<path class=\"elementor-shape-fill\" opacity=\"0.66\" d=\"M734,67.3c-45.5,0-77.2-23.2-129.1-39.1c-28.6-8.7-150.3-10.1-254,39.1 s-91.7-34.4-149.2,0C115.7,118.3,0,39.8,0,39.8V0h1000v36.5c0,0-28.2-18.5-92.1-18.5C810.2,18.1,775.7,67.3,734,67.3z\"\/>\n\t<path class=\"elementor-shape-fill\" d=\"M766.1,28.9c-200-57.5-266,65.5-395.1,19.5C242,1.8,242,5.4,184.8,20.6C128,35.8,132.3,44.9,89.9,52.5C28.6,63.7,0,0,0,0 h1000c0,0-9.9,40.9-83.6,48.1S829.6,47,766.1,28.9z\"\/>\n<\/svg>\t\t<\/div>\n\t\t<div class=\"elementor-element elementor-element-72092c2 e-con-full e-flex e-con e-child\" data-id=\"72092c2\" data-element_type=\"container\" data-e-type=\"container\">\n\t\t\t\t<div class=\"elementor-element elementor-element-5550492 elementor-widget__width-initial elementor-widget elementor-widget-heading\" data-id=\"5550492\" data-element_type=\"widget\" data-e-type=\"widget\" data-widget_type=\"heading.default\">\n\t\t\t\t<div class=\"elementor-widget-container\">\n\t\t\t\t\t<h2 class=\"elementor-heading-title elementor-size-default\">Diledi\u011finiz zaman destek i\u00e7in bizimle ileti\u015fime ge\u00e7ebilirsiniz!<\/h2>\t\t\t\t<\/div>\n\t\t\t\t<\/div>\n\t\t\t\t<\/div>\n\t\t\t\t\t<\/div>\n\t\t\t\t<\/div>\n\t\t\t\t<\/div>\n\t\t","protected":false},"excerpt":{"rendered":"<p>Y\u00fczme Havuzu Yap\u0131m\u0131 Lorem ipsum dolor sit amet, BETONARME Y\u00dcZME HAVUZLARI L\u0130NER Y\u00dcZME HAVUZLARI POLYESTER Y\u00dcZME HAVUZLARI Y\u00fczme Havuz Yap\u0131m\u0131 Hizmetlerimiz Y\u00fczme havuzu yap\u0131m\u0131 projelerinize ihtiya\u00e7 ve beklentilerinize en do\u011fru \u00e7\u00f6z\u00fcmleri sunabilmek ad\u0131na ke\u015fif a\u015famas\u0131yla ba\u015fl\u0131yoruz. Bu s\u00fcre\u00e7te y\u00fczme havuzu yap\u0131m\u0131nda tercih edebilece\u011finiz farkl\u0131 se\u00e7eneklerin neler oldu\u011fu hakk\u0131nda sizi bilgilendiriyoruz. Hayalinizdeki y\u00fczme havuzunu, sahip oldu\u011funuz&#8230;<\/p>\n","protected":false},"author":1,"featured_media":0,"parent":0,"menu_order":0,"comment_status":"closed","ping_status":"closed","template":"","meta":{"_kad_post_transparent":"","_kad_post_title":"hide","_kad_post_layout":"fullwidth","_kad_post_sidebar_id":"","_kad_post_content_style":"unboxed","_kad_post_vertical_padding":"hide","_kad_post_feature":"hide","_kad_post_feature_position":"","_kad_post_header":false,"_kad_post_footer":false,"_kad_post_classname":"","footnotes":""},"class_list":["post-696","page","type-page","status-publish","hentry"],"_links":{"self":[{"href":"https:\/\/poolkim.com\/index.php?rest_route=\/wp\/v2\/pages\/696","targetHints":{"allow":["GET"]}}],"collection":[{"href":"https:\/\/poolkim.com\/index.php?rest_route=\/wp\/v2\/pages"}],"about":[{"href":"https:\/\/poolkim.com\/index.php?rest_route=\/wp\/v2\/types\/page"}],"author":[{"embeddable":true,"href":"https:\/\/poolkim.com\/index.php?rest_route=\/wp\/v2\/users\/1"}],"replies":[{"embeddable":true,"href":"https:\/\/poolkim.com\/index.php?rest_route=%2Fwp%2Fv2%2Fcomments&post=696"}],"version-history":[{"count":280,"href":"https:\/\/poolkim.com\/index.php?rest_route=\/wp\/v2\/pages\/696\/revisions"}],"predecessor-version":[{"id":1321,"href":"https:\/\/poolkim.com\/index.php?rest_route=\/wp\/v2\/pages\/696\/revisions\/1321"}],"wp:attachment":[{"href":"https:\/\/poolkim.com\/index.php?rest_route=%2Fwp%2Fv2%2Fmedia&parent=696"}],"curies":[{"name":"wp","href":"https:\/\/api.w.org\/{rel}","templated":true}]}}